{"id":20918,"date":"2023-06-28T09:00:05","date_gmt":"2023-06-28T07:00:05","guid":{"rendered":"https:\/\/muzeumpapiernictwa.pl\/?page_id=20918"},"modified":"2023-06-28T09:04:05","modified_gmt":"2023-06-28T07:04:05","slug":"ogloszenie-o-zamowieniu-pn-remont-i-zabezpieczenie-pawilonu-wejsciowego-mlyna-papierniczego-w-dusznikach-zdroju-etap-iii","status":"publish","type":"page","link":"https:\/\/muzeumpapiernictwa.pl\/ru\/polski-bip\/polski-ogloszenia\/ogloszenie-o-zamowieniu-pn-remont-i-zabezpieczenie-pawilonu-wejsciowego-mlyna-papierniczego-w-dusznikach-zdroju-etap-iii\/","title":{"rendered":"Og\u0142oszenie o zam\u00f3wieniu pn. Remont i zabezpieczenie pawilonu wej\u015bciowego M\u0142yna papierniczego w Dusznikach-Zdroju \u2013 etap III"},"content":{"rendered":"<p class=\"qtranxs-available-languages-message qtranxs-available-languages-message-ru\"><span><\/span><\/p>","protected":false},"excerpt":{"rendered":"","protected":false},"author":2,"featured_media":0,"parent":3125,"menu_order":1,"comment_status":"closed","ping_status":"closed","template":"bip.php","meta":{"_acf_changed":false,"ngg_post_thumbnail":0,"footnotes":""},"class_list":["post-20918","page","type-page","status-publish","hentry"],"acf":[],"_links":{"self":[{"href":"https:\/\/muzeumpapiernictwa.pl\/ru\/wp-json\/wp\/v2\/pages\/20918","targetHints":{"allow":["GET"]}}],"collection":[{"href":"https:\/\/muzeumpapiernictwa.pl\/ru\/wp-json\/wp\/v2\/pages"}],"about":[{"href":"https:\/\/muzeumpapiernictwa.pl\/ru\/wp-json\/wp\/v2\/types\/page"}],"author":[{"embeddable":true,"href":"https:\/\/muzeumpapiernictwa.pl\/ru\/wp-json\/wp\/v2\/users\/2"}],"replies":[{"embeddable":true,"href":"https:\/\/muzeumpapiernictwa.pl\/ru\/wp-json\/wp\/v2\/comments?post=20918"}],"version-history":[{"count":0,"href":"https:\/\/muzeumpapiernictwa.pl\/ru\/wp-json\/wp\/v2\/pages\/20918\/revisions"}],"up":[{"embeddable":true,"href":"https:\/\/muzeumpapiernictwa.pl\/ru\/wp-json\/wp\/v2\/pages\/3125"}],"wp:attachment":[{"href":"https:\/\/muzeumpapiernictwa.pl\/ru\/wp-json\/wp\/v2\/media?parent=20918"}],"curies":[{"name":"wp","href":"https:\/\/api.w.org\/{rel}","templated":true}]}}