{"id":14559,"date":"2020-01-21T07:44:41","date_gmt":"2020-01-21T06:44:41","guid":{"rendered":"http:\/\/muzeumpapiernictwa.pl\/?page_id=14559"},"modified":"2020-01-29T07:49:38","modified_gmt":"2020-01-29T06:49:38","slug":"plan-postepowan-o-udzielenie-zamowien-publicznych-na-rok-2020","status":"publish","type":"page","link":"https:\/\/muzeumpapiernictwa.pl\/ru\/polski-bip\/polski-ogloszenia\/plan-postepowan-o-udzielenie-zamowien-publicznych-na-rok-2020\/","title":{"rendered":"Plan post\u0119powa\u0144 o udzielenie zam\u00f3wie\u0144 publicznych na rok 2020"},"content":{"rendered":"<p class=\"qtranxs-available-languages-message qtranxs-available-languages-message-ru\"><span><\/span><\/p>","protected":false},"excerpt":{"rendered":"","protected":false},"author":2,"featured_media":0,"parent":3125,"menu_order":1483,"comment_status":"open","ping_status":"open","template":"bip.php","meta":{"_acf_changed":false,"ngg_post_thumbnail":0,"footnotes":""},"class_list":["post-14559","page","type-page","status-publish","hentry"],"acf":[],"_links":{"self":[{"href":"https:\/\/muzeumpapiernictwa.pl\/ru\/wp-json\/wp\/v2\/pages\/14559","targetHints":{"allow":["GET"]}}],"collection":[{"href":"https:\/\/muzeumpapiernictwa.pl\/ru\/wp-json\/wp\/v2\/pages"}],"about":[{"href":"https:\/\/muzeumpapiernictwa.pl\/ru\/wp-json\/wp\/v2\/types\/page"}],"author":[{"embeddable":true,"href":"https:\/\/muzeumpapiernictwa.pl\/ru\/wp-json\/wp\/v2\/users\/2"}],"replies":[{"embeddable":true,"href":"https:\/\/muzeumpapiernictwa.pl\/ru\/wp-json\/wp\/v2\/comments?post=14559"}],"version-history":[{"count":0,"href":"https:\/\/muzeumpapiernictwa.pl\/ru\/wp-json\/wp\/v2\/pages\/14559\/revisions"}],"up":[{"embeddable":true,"href":"https:\/\/muzeumpapiernictwa.pl\/ru\/wp-json\/wp\/v2\/pages\/3125"}],"wp:attachment":[{"href":"https:\/\/muzeumpapiernictwa.pl\/ru\/wp-json\/wp\/v2\/media?parent=14559"}],"curies":[{"name":"wp","href":"https:\/\/api.w.org\/{rel}","templated":true}]}}