{"id":12947,"date":"2019-05-23T07:45:40","date_gmt":"2019-05-23T05:45:40","guid":{"rendered":"http:\/\/muzeumpapiernictwa.pl\/?page_id=12947"},"modified":"2019-05-23T07:46:54","modified_gmt":"2019-05-23T05:46:54","slug":"zapytanie-ofertowe-na-swiadczenie-kompleksowej-uslugi-sprzatania-muzeum-papiernictwa","status":"publish","type":"page","link":"https:\/\/muzeumpapiernictwa.pl\/ru\/polski-bip\/polski-ogloszenia\/zapytanie-ofertowe-na-swiadczenie-kompleksowej-uslugi-sprzatania-muzeum-papiernictwa\/","title":{"rendered":"Zapytanie ofertowe na \u015bwiadczenie kompleksowej us\u0142ugi sprz\u0105tania Muzeum Papiernictwa"},"content":{"rendered":"<p class=\"qtranxs-available-languages-message qtranxs-available-languages-message-ru\"><span><\/span><\/p>","protected":false},"excerpt":{"rendered":"","protected":false},"author":4,"featured_media":0,"parent":3125,"menu_order":1595,"comment_status":"open","ping_status":"open","template":"bip.php","meta":{"_acf_changed":false,"ngg_post_thumbnail":0,"footnotes":""},"class_list":["post-12947","page","type-page","status-publish","hentry"],"acf":[],"_links":{"self":[{"href":"https:\/\/muzeumpapiernictwa.pl\/ru\/wp-json\/wp\/v2\/pages\/12947","targetHints":{"allow":["GET"]}}],"collection":[{"href":"https:\/\/muzeumpapiernictwa.pl\/ru\/wp-json\/wp\/v2\/pages"}],"about":[{"href":"https:\/\/muzeumpapiernictwa.pl\/ru\/wp-json\/wp\/v2\/types\/page"}],"author":[{"embeddable":true,"href":"https:\/\/muzeumpapiernictwa.pl\/ru\/wp-json\/wp\/v2\/users\/4"}],"replies":[{"embeddable":true,"href":"https:\/\/muzeumpapiernictwa.pl\/ru\/wp-json\/wp\/v2\/comments?post=12947"}],"version-history":[{"count":0,"href":"https:\/\/muzeumpapiernictwa.pl\/ru\/wp-json\/wp\/v2\/pages\/12947\/revisions"}],"up":[{"embeddable":true,"href":"https:\/\/muzeumpapiernictwa.pl\/ru\/wp-json\/wp\/v2\/pages\/3125"}],"wp:attachment":[{"href":"https:\/\/muzeumpapiernictwa.pl\/ru\/wp-json\/wp\/v2\/media?parent=12947"}],"curies":[{"name":"wp","href":"https:\/\/api.w.org\/{rel}","templated":true}]}}