{"id":12216,"date":"2019-03-20T10:21:55","date_gmt":"2019-03-20T09:21:55","guid":{"rendered":"http:\/\/muzeumpapiernictwa.pl\/?page_id=12216"},"modified":"2019-03-20T11:09:32","modified_gmt":"2019-03-20T10:09:32","slug":"zapytanie-ofertowe-na-swiadczenie-kompleksowej-uslugi-sprzatania-oraz-utrzymania-czystosci-w-wyznaczonych-strefach-obiektu-muzeum-papiernictwa-w-dusznikach-zdroju","status":"publish","type":"page","link":"https:\/\/muzeumpapiernictwa.pl\/ru\/polski-bip\/polski-ogloszenia\/zapytanie-ofertowe-na-swiadczenie-kompleksowej-uslugi-sprzatania-oraz-utrzymania-czystosci-w-wyznaczonych-strefach-obiektu-muzeum-papiernictwa-w-dusznikach-zdroju\/","title":{"rendered":"Zapytanie ofertowe na \u015bwiadczenie kompleksowej us\u0142ugi sprz\u0105tania oraz utrzymania czysto\u015bci w wyznaczonych strefach obiektu Muzeum Papiernictwa w Dusznikach-Zdroju"},"content":{"rendered":"<p class=\"qtranxs-available-languages-message qtranxs-available-languages-message-ru\"><span><\/span><\/p>","protected":false},"excerpt":{"rendered":"","protected":false},"author":4,"featured_media":0,"parent":3125,"menu_order":1596,"comment_status":"open","ping_status":"open","template":"bip.php","meta":{"_acf_changed":false,"ngg_post_thumbnail":0,"footnotes":""},"class_list":["post-12216","page","type-page","status-publish","hentry"],"acf":[],"_links":{"self":[{"href":"https:\/\/muzeumpapiernictwa.pl\/ru\/wp-json\/wp\/v2\/pages\/12216","targetHints":{"allow":["GET"]}}],"collection":[{"href":"https:\/\/muzeumpapiernictwa.pl\/ru\/wp-json\/wp\/v2\/pages"}],"about":[{"href":"https:\/\/muzeumpapiernictwa.pl\/ru\/wp-json\/wp\/v2\/types\/page"}],"author":[{"embeddable":true,"href":"https:\/\/muzeumpapiernictwa.pl\/ru\/wp-json\/wp\/v2\/users\/4"}],"replies":[{"embeddable":true,"href":"https:\/\/muzeumpapiernictwa.pl\/ru\/wp-json\/wp\/v2\/comments?post=12216"}],"version-history":[{"count":0,"href":"https:\/\/muzeumpapiernictwa.pl\/ru\/wp-json\/wp\/v2\/pages\/12216\/revisions"}],"up":[{"embeddable":true,"href":"https:\/\/muzeumpapiernictwa.pl\/ru\/wp-json\/wp\/v2\/pages\/3125"}],"wp:attachment":[{"href":"https:\/\/muzeumpapiernictwa.pl\/ru\/wp-json\/wp\/v2\/media?parent=12216"}],"curies":[{"name":"wp","href":"https:\/\/api.w.org\/{rel}","templated":true}]}}