{"id":97,"date":"2014-11-13T17:15:32","date_gmt":"2014-11-13T16:15:32","guid":{"rendered":"http:\/\/muzeumpapiernictwa.pl\/?page_id=97"},"modified":"2017-05-23T11:23:49","modified_gmt":"2017-05-23T09:23:49","slug":"osiagniecia","status":"publish","type":"page","link":"https:\/\/muzeumpapiernictwa.pl\/fr\/musee\/realisations\/","title":{"rendered":"R\u00e9alisations"},"content":{"rendered":"<p><\/p>\n<p><p>Les r\u00e9alisations &#8211; \u00e0 la fois dans le domaine de la protection de la substance historique de la papeterie ainsi que celles de la sph\u00e8re de la culture et de l&rsquo;\u00e9ducation d\u00e9montrent un large \u00e9ventail d&rsquo;activit\u00e9s du Mus\u00e9e, l&rsquo;avancement de son organisation, le dynamisme,le professionnalisme et l&rsquo;efficacit\u00e9 du personnel<\/p>\n<p>Ces derni\u00e8res ann\u00e9es ont vu des r\u00e9alisations particuli\u00e8rement prestigieuses. Tout d&rsquo;abord, sur la base du r\u00e8glement du Pr\u00e9sident de la R\u00e9publique de Pologne du 20 septembre 2011, le moulin \u00e0 papier de Duszniki-Zdr\u00f3j a \u00e9t\u00e9 d\u00e9clar\u00e9 monument de l&rsquo;histoire. <\/p>\n<p><a href=\"http:\/\/muzeumpapiernictwa.pl\/fr\/papeterie\/\" target=\"_blank\">Monument historiquel<\/a><\/p>\n<p>En 2013, Le Mus\u00e9e de la Papeterie a \u00e9t\u00e9 inscrit au Registre national des Mus\u00e9es, dirig\u00e9 par le Ministre de la Culture et du Patrimoine National, contenant les \u00e9tablissements d&rsquo;une importance majeure pour la culture nationale. Selon le pr\u00e9sident du Comit\u00e9 des Admissions de MKiDN prof. Andrzej Rottermund, la nature unique du profil du Mus\u00e9e, son si\u00e8ge inhabituel, un niveau \u00e9lev\u00e9 de gestion de l&rsquo;institution, de mener des recherches scientifiques et des programmes \u00e9ducatifs met notre \u00e9tablissement parmi les institutions les plus importantes pour le patrimoine culturel polonais. <\/p>\n<p>L&rsquo;ann\u00e9e de son inscription, dans le Registre National des Mus\u00e9es, 118 unit\u00e9s ont \u00e9t\u00e9 r\u00e9pertori\u00e9s dont seulement 7 de Basse-Sil\u00e9sie. <\/p>\n<p><a href=\"http:\/\/muzeumpapiernictwa.pl\/wp-content\/uploads\/2014\/11\/WPIS-DO-PA\u0143STWOWEGO-REJESTRU-MUZE\u00d3W.pdf\" target=\"_blank\">Inscription au registre des mus\u00e9es <\/a><\/p>\n<p>Au cours de presque vingt derni\u00e8res ann\u00e9es, la liste des succ\u00e8s du Mus\u00e9e devenait de plus en plus longue. Dans un concours prestigieux organis\u00e9 par le Minist\u00e8re de la Culture \u00ab l&rsquo;\u00c9v\u00e9nement de mus\u00e9e de l&rsquo;ann\u00e9e \u00bb, le Mus\u00e9e de Duszniki-Zdr\u00f3j a obtenu neuf prix et distinctions, dont, en 1998, le grand prix. En 2004, le Mus\u00e9e a \u00e9t\u00e9 qualifi\u00e9 aux finales du prix du Mus\u00e9e Europ\u00e9en de l&rsquo;Ann\u00e9e (European Museum of the Year). En 2009, l&rsquo;Organisation Polonaise de Tourisme a plac\u00e9 le Mus\u00e9e au groupe des meilleurs produits touristiques du pays. <\/p>\n<p>En reconnaissance pour le Mus\u00e9e de la Papeterie dans le domaine de la coop\u00e9ration internationale, nous a \u00e9t\u00e9 confi\u00e9e l&rsquo;organisation des congr\u00e8s internationaux &#8211; des artistes du papier (IAPMA) en 2001 et de l&rsquo;Association Internationale des Historiens du Papier (IPH) en 2004 \u2014 les \u00e9v\u00e9nements qui ont eu lieu pour la premi\u00e8re fois dans un pays de l&rsquo;Europe Centrale et Orientale. En 2011, le Mus\u00e9e \u00e9tait le principal organisateur de l&rsquo;inauguration en Basse-Sil\u00e9sie de la pr\u00e9sidence polonaise du Conseil de l&rsquo;Union europ\u00e9enne.  <\/p>\n<p><a href=\"http:\/\/muzeumpapiernictwa.pl\/muzeum\/osiagniecia\/sukcesy-muzeum-papiernictwa\/\" target=\"_blank\">Lista osi\u0105gni\u0119\u0107 Muzeum Papiernictwa<\/a><\/p>\n<\/p>\n<p><\/p>","protected":false},"excerpt":{"rendered":"<p>Les r\u00e9alisations &#8211; \u00e0 la fois dans le domaine de la protection de la substance historique de la papeterie ainsi que celles de la sph\u00e8re de la culture et de l&rsquo;\u00e9ducation d\u00e9montrent un large \u00e9ventail d&rsquo;activit\u00e9s du Mus\u00e9e, l&rsquo;avancement de son organisation, le dynamisme,le professionnalisme et l&rsquo;efficacit\u00e9 du personnel Ces derni\u00e8res ann\u00e9es ont vu des [&hellip;]<\/p>\n","protected":false},"author":1,"featured_media":0,"parent":157,"menu_order":706,"comment_status":"open","ping_status":"open","template":"","meta":{"_acf_changed":false,"ngg_post_thumbnail":0,"footnotes":""},"class_list":["post-97","page","type-page","status-publish","hentry"],"acf":[],"_links":{"self":[{"href":"https:\/\/muzeumpapiernictwa.pl\/fr\/wp-json\/wp\/v2\/pages\/97","targetHints":{"allow":["GET"]}}],"collection":[{"href":"https:\/\/muzeumpapiernictwa.pl\/fr\/wp-json\/wp\/v2\/pages"}],"about":[{"href":"https:\/\/muzeumpapiernictwa.pl\/fr\/wp-json\/wp\/v2\/types\/page"}],"author":[{"embeddable":true,"href":"https:\/\/muzeumpapiernictwa.pl\/fr\/wp-json\/wp\/v2\/users\/1"}],"replies":[{"embeddable":true,"href":"https:\/\/muzeumpapiernictwa.pl\/fr\/wp-json\/wp\/v2\/comments?post=97"}],"version-history":[{"count":15,"href":"https:\/\/muzeumpapiernictwa.pl\/fr\/wp-json\/wp\/v2\/pages\/97\/revisions"}],"predecessor-version":[{"id":9676,"href":"https:\/\/muzeumpapiernictwa.pl\/fr\/wp-json\/wp\/v2\/pages\/97\/revisions\/9676"}],"up":[{"embeddable":true,"href":"https:\/\/muzeumpapiernictwa.pl\/fr\/wp-json\/wp\/v2\/pages\/157"}],"wp:attachment":[{"href":"https:\/\/muzeumpapiernictwa.pl\/fr\/wp-json\/wp\/v2\/media?parent=97"}],"curies":[{"name":"wp","href":"https:\/\/api.w.org\/{rel}","templated":true}]}}