{"id":95,"date":"2014-11-13T17:15:10","date_gmt":"2014-11-13T16:15:10","guid":{"rendered":"http:\/\/muzeumpapiernictwa.pl\/?page_id=95"},"modified":"2022-01-31T09:22:17","modified_gmt":"2022-01-31T08:22:17","slug":"publikacje","status":"publish","type":"page","link":"https:\/\/muzeumpapiernictwa.pl\/fr\/musee\/publications\/","title":{"rendered":"Publications"},"content":{"rendered":"<p><\/p>\n<p>Parmi les nombreuses publications du Mus\u00e9e de la Papeterie il y a entre autres les catalogues des collections, les monographies des papeteries, ainsi qu&rsquo;un annuaire du caract\u00e8re scientifique.<\/p>\n<h3>Catalogues des collections<\/h3>\n<p>\u00c9tant en possession des collections uniques, le Mus\u00e9e de la Papeterie \u00e9labore les catalogues du Mus\u00e9e. Jusqu&rsquo;\u00e0 pr\u00e9sent, on a publi\u00e9 le catalogue pr\u00e9par\u00e9 par Teresa Windyka, consacr\u00e9 aux papiers d\u00e9cor\u00e9s. On est en train de pr\u00e9parer les catalogues des collections suivantes : des dispositifs historiques pour tester les propri\u00e9t\u00e9s du papier et des produits de papier et de ceux consacr\u00e9s aux feuilles avec des filigranes. Leur publication va \u00eatre faite dans les prochaines ann\u00e9es.<\/p>\n<h3>Publications qui accompagnent les expositions temporaires<\/h3>\n<p>En organisant environ 10-12 expositions temporaires par an, le Mus\u00e9e de la Papeterie se pr\u00e9occupe de leur promotion et de leur documentation appropri\u00e9es. Pour chaque exposition on pr\u00e9pare des affiches, des d\u00e9pliants, et dans le cas d&rsquo;expositions consacr\u00e9es \u00e0 la pr\u00e9sentation de l&rsquo;art du papier ou de l&rsquo;art contemporain, le Mus\u00e9e publie les catalogues des expositions.  <\/p>\n<h3>Monographies des papeteries<\/h3>\n<p>Le Mus\u00e9e, \u00e9tant le centre le plus important de Pologne pour l&rsquo;\u00e9tude de l&rsquo;histoire de la fabrication du papier sur les terres polonaises, a publi\u00e9 de nombreuses monographies par M. Szymczyk consacr\u00e9es au domaine ou \u00e0 des usines particuli\u00e8res. Jusqu&rsquo;\u00e0 pr\u00e9sent, environ 10 publications sont apparues.<\/p>\n<h3>Les \u00e9tudes consacr\u00e9es au moulin \u00e0 papier <\/h3>\n<p>Le Mus\u00e9e publie les documents de promotion de l&rsquo;histoire du moulin \u00e0 papier, \u00e9tant depuis 2011 le Monument de l&rsquo;Histoire. Jusqu&rsquo;\u00e0 pr\u00e9sent, on a publi\u00e9 le \u00ab Moulin \u00e0 Papier de Duszniki-Zdr\u00f3j \u00bb, sous la r\u00e9daction de M. Szymczyk ainsi que de nombreuses compilations et des d\u00e9pliants d&rsquo;information en polonais, en anglais, en allemand, en tch\u00e8que et en fran\u00e7ais.<\/p>\n<p>La liste compl\u00e8te des livres et brochures \u00e9mis par notre Mus\u00e9e : <\/p>\n<p><a href=\"http:\/\/muzeumpapiernictwa.pl\/fr\/musee\/publications\/liste-des-publications\/\" target=\"_blank\" rel=\"noopener noreferrer\">Liste des publications<\/a><\/p>\n<p>Bon nombre de nos publications peuvent \u00eatre achet\u00e9es \u00e0 la boutique \u00e0 la cour du Mus\u00e9e ou en ligne : <\/p>\n<p><a href=\"#\">Sklep internetowy \u2013 wydawnictwa<\/a><\/p>\n<h3>Annuaire du Mus\u00e9e de la Papeterie<\/h3>\n<p>Un autre projet important du Mus\u00e9e de la Papeterie est l&rsquo;\u00e9laboration et la publication de son magazine qui apparait depuis 2007 sous le titre \u00ab l\u2019Annuaire du Mus\u00e9e de la Papeterie \u00bb. C&rsquo;est une revue scientifique, inscrite sur la liste des magazines recommand\u00e9s par le Minist\u00e8re de la Science et de l&rsquo;Enseignement Sup\u00e9rieur du point de vue du param\u00e9trage des \u00e9coles sup\u00e9rieures. Dans \u00ab l\u2019Annuaire \u00bb, on publie les articles sur l&rsquo;histoire de la fabrication du papier, sur l&rsquo;histoire de Duszniki-Zdr\u00f3j, les informations sur le moulin \u00e0 papier et sur les activit\u00e9s actuelles du Mus\u00e9e la Papeterie. \u00ab L&rsquo;Annuaire \u00bb est ouvert \u00e0 des textes d&rsquo;auteurs \u00e9trang\u00e8res et dans le comit\u00e9 de r\u00e9daction travaillent deux chercheurs \u00e9trangers : prof. Gottfried Schweizer (1927-2014) d&rsquo;Autriche et Rainer Sachs d&rsquo;Allemagne. <\/p>\n<p>Les annuaires en version \u00e9lectronique peuvent \u00eatre t\u00e9l\u00e9charg\u00e9s gratuitement.  <\/p>\n<p><a href=\"http:\/\/rocznik.muzpap.pl\/\" target=\"_blank\" rel=\"noopener noreferrer\">Annuaire du Mus\u00e9e de la Papeterie<\/a><\/p>\n<h3>Mat\u00e9riel publicitaire et promotionnel<\/h3>\n<p>Le Mus\u00e9e de la Papeterie publie de nombreux mat\u00e9riaux promouvant les collections du Mus\u00e9e, ses expositions et son offre \u00e9ducative. Ces documents sont, en grande partie, distribu\u00e9s gratuitement au si\u00e8ge du Mus\u00e9e et dans les h\u00f4tels \u00e0 proximit\u00e9, dans les entreprises de tourisme respectueuses, aux foires du tourisme dans le pays et \u00e0 l&rsquo;\u00e9tranger. Ce sont entre autres : les d\u00e9pliants, les cartes postales, les billets comm\u00e9moratifs, les puzzle comm\u00e9moratifs repr\u00e9sentant le moulin, une pi\u00e8ce de monnaie comm\u00e9morative.\n<\/p>\n<p>En outre, le Mus\u00e9e participe \u00e0 l&rsquo;\u00e9laboration et \u00e0 la publication de nombreux documents d&rsquo;information en collaboration avec l&rsquo;Organisation Polonaise du Tourisme, l&rsquo;Organisation Touristique de la Basse Sil\u00e9sie et avec de nombreux acteurs de l&rsquo;industrie du tourisme.<\/p>\n<\/p>\n<p><\/p>","protected":false},"excerpt":{"rendered":"<p>Parmi les nombreuses publications du Mus\u00e9e de la Papeterie il y a entre autres les catalogues des collections, les monographies des papeteries, ainsi qu&rsquo;un annuaire du caract\u00e8re scientifique. Catalogues des collections \u00c9tant en possession des collections uniques, le Mus\u00e9e de la Papeterie \u00e9labore les catalogues du Mus\u00e9e. Jusqu&rsquo;\u00e0 pr\u00e9sent, on a publi\u00e9 le catalogue pr\u00e9par\u00e9 [&hellip;]<\/p>\n","protected":false},"author":1,"featured_media":0,"parent":157,"menu_order":178,"comment_status":"open","ping_status":"open","template":"","meta":{"_acf_changed":false,"ngg_post_thumbnail":0,"footnotes":""},"class_list":["post-95","page","type-page","status-publish","hentry"],"acf":[],"_links":{"self":[{"href":"https:\/\/muzeumpapiernictwa.pl\/fr\/wp-json\/wp\/v2\/pages\/95","targetHints":{"allow":["GET"]}}],"collection":[{"href":"https:\/\/muzeumpapiernictwa.pl\/fr\/wp-json\/wp\/v2\/pages"}],"about":[{"href":"https:\/\/muzeumpapiernictwa.pl\/fr\/wp-json\/wp\/v2\/types\/page"}],"author":[{"embeddable":true,"href":"https:\/\/muzeumpapiernictwa.pl\/fr\/wp-json\/wp\/v2\/users\/1"}],"replies":[{"embeddable":true,"href":"https:\/\/muzeumpapiernictwa.pl\/fr\/wp-json\/wp\/v2\/comments?post=95"}],"version-history":[{"count":20,"href":"https:\/\/muzeumpapiernictwa.pl\/fr\/wp-json\/wp\/v2\/pages\/95\/revisions"}],"predecessor-version":[{"id":17708,"href":"https:\/\/muzeumpapiernictwa.pl\/fr\/wp-json\/wp\/v2\/pages\/95\/revisions\/17708"}],"up":[{"embeddable":true,"href":"https:\/\/muzeumpapiernictwa.pl\/fr\/wp-json\/wp\/v2\/pages\/157"}],"wp:attachment":[{"href":"https:\/\/muzeumpapiernictwa.pl\/fr\/wp-json\/wp\/v2\/media?parent=95"}],"curies":[{"name":"wp","href":"https:\/\/api.w.org\/{rel}","templated":true}]}}