{"id":93,"date":"2014-11-13T17:14:54","date_gmt":"2014-11-13T16:14:54","guid":{"rendered":"http:\/\/muzeumpapiernictwa.pl\/?page_id=93"},"modified":"2014-12-22T13:13:27","modified_gmt":"2014-12-22T12:13:27","slug":"zbiory","status":"publish","type":"page","link":"https:\/\/muzeumpapiernictwa.pl\/fr\/musee\/collections\/","title":{"rendered":"Collections"},"content":{"rendered":"<p><\/p>\n<p>e Mus\u00e9e de la Papeterie a d&rsquo;importantes collections d&rsquo;envergure europ\u00e9enne d&rsquo;objets li\u00e9s \u00e0 l&rsquo;histoire de la fabrication du papier. <\/p>\n<p>La base de la collection est un ensemble de feuilles avec des filigranes, fabriqu\u00e9es du XVIe au XXIe si\u00e8cle. Elles sont parfois la seule preuve mat\u00e9rielle de l&rsquo;existence d&rsquo;un certain nombre de moulins \u00e0 papier et des usines de papier. Elles sont une excellente mati\u00e8re pour l&rsquo;\u00e9tude de l&rsquo;histoire de la fabrication du papier et font la base de la filigranologie \u2013 science auxiliaire de l&rsquo;histoire. <\/p>\n<p>Une autre collection, particuli\u00e8rement importante recueille des dispositifs pour tester les propri\u00e9t\u00e9s du papier et des produits de papier de la premi\u00e8re moiti\u00e9 du XXe si\u00e8cle \u2013 c\u2019est l\u2019une des plus anciennes et des plus riches collections de ce type en Europe. <\/p>\n<p>En outre, le Mus\u00e9e recueille des feuilles color\u00e9es avec des techniques historiques, des formes \u00e0 puiser, des ex-libris, des documents historiques d&rsquo;identification (cartes de preuve d&rsquo;identit\u00e9, passeports), d&rsquo;anciens billets de banque ou des valeurs mobili\u00e8res et des expositions li\u00e9es \u00e0 l&rsquo;histoire du moulin \u00e0 papier de Duszniki-Zdr\u00f3j et \u00e0 la ville elle-m\u00eame. <\/p>\n<p><a href=\"http:\/\/muzeumpapiernictwa.pl\/fr\/musee\/collections\/les-collections-du-musee-de-la-fabrication-du-papier\/\">En savoir plus sur les collections<\/a><\/p>\n<p>Dans le cadre de la r\u00e9alisation du projet financ\u00e9 des fonds de l&rsquo;EEE et des fonds norv\u00e9giens, nous avons commenc\u00e9 le processus de num\u00e9risation &#8211; l&rsquo;imagerie num\u00e9rique des collections. Les images de haute qualit\u00e9 des objets expos\u00e9s, ainsi que des informations de base seront progressivement publi\u00e9es sur Internet, devenant ainsi accessibles \u00e0 tous les utilisateurs d&rsquo;Internet. <\/p>\n<p><a href=\"http:\/\/muzeumpapiernictwa.pl\/fr\/apercu-des-collections\/\" target=\"_blank\">Aper\u00e7u des collections<\/a><\/p>\n<\/p>\n<p><\/p>","protected":false},"excerpt":{"rendered":"<p>e Mus\u00e9e de la Papeterie a d&rsquo;importantes collections d&rsquo;envergure europ\u00e9enne d&rsquo;objets li\u00e9s \u00e0 l&rsquo;histoire de la fabrication du papier. La base de la collection est un ensemble de feuilles avec des filigranes, fabriqu\u00e9es du XVIe au XXIe si\u00e8cle. Elles sont parfois la seule preuve mat\u00e9rielle de l&rsquo;existence d&rsquo;un certain nombre de moulins \u00e0 papier et [&hellip;]<\/p>\n","protected":false},"author":1,"featured_media":0,"parent":157,"menu_order":1082,"comment_status":"open","ping_status":"open","template":"","meta":{"_acf_changed":false,"ngg_post_thumbnail":0,"footnotes":""},"class_list":["post-93","page","type-page","status-publish","hentry"],"acf":[],"_links":{"self":[{"href":"https:\/\/muzeumpapiernictwa.pl\/fr\/wp-json\/wp\/v2\/pages\/93","targetHints":{"allow":["GET"]}}],"collection":[{"href":"https:\/\/muzeumpapiernictwa.pl\/fr\/wp-json\/wp\/v2\/pages"}],"about":[{"href":"https:\/\/muzeumpapiernictwa.pl\/fr\/wp-json\/wp\/v2\/types\/page"}],"author":[{"embeddable":true,"href":"https:\/\/muzeumpapiernictwa.pl\/fr\/wp-json\/wp\/v2\/users\/1"}],"replies":[{"embeddable":true,"href":"https:\/\/muzeumpapiernictwa.pl\/fr\/wp-json\/wp\/v2\/comments?post=93"}],"version-history":[{"count":17,"href":"https:\/\/muzeumpapiernictwa.pl\/fr\/wp-json\/wp\/v2\/pages\/93\/revisions"}],"predecessor-version":[{"id":3403,"href":"https:\/\/muzeumpapiernictwa.pl\/fr\/wp-json\/wp\/v2\/pages\/93\/revisions\/3403"}],"up":[{"embeddable":true,"href":"https:\/\/muzeumpapiernictwa.pl\/fr\/wp-json\/wp\/v2\/pages\/157"}],"wp:attachment":[{"href":"https:\/\/muzeumpapiernictwa.pl\/fr\/wp-json\/wp\/v2\/media?parent=93"}],"curies":[{"name":"wp","href":"https:\/\/api.w.org\/{rel}","templated":true}]}}