{"id":89,"date":"2014-11-13T17:09:17","date_gmt":"2014-11-13T16:09:17","guid":{"rendered":"http:\/\/muzeumpapiernictwa.pl\/?page_id=89"},"modified":"2020-02-26T10:34:18","modified_gmt":"2020-02-26T09:34:18","slug":"wystawy","status":"publish","type":"page","link":"https:\/\/muzeumpapiernictwa.pl\/fr\/musee\/expositions\/","title":{"rendered":"Expositions"},"content":{"rendered":"<p><\/p>\n<h3>Expositions permanentes<\/h3>\n<p>Sans aucun doute, il n&rsquo;y aurait eu aucun moulin \u00e0 papier \u00e0 Duszniki-Zdr\u00f3j, si les Chinois n&rsquo;avaient pas invent\u00e9 le papier et si les Arabes n&rsquo;avaient pas apport\u00e9 leur invention en Europe. Le th\u00e8me principal de nos expositions permanentes est donc l&rsquo;histoire du papier et le processus de sa production dans le monde, en Pologne, en Sil\u00e9sie. <\/p>\n<p>Il ne faut pas oublier ici que les gens cherchaient un mat\u00e9riau aux propri\u00e9t\u00e9s du papier bien avant son invention. Leur principale pr\u00e9occupation \u00e9tait la possibilit\u00e9 d&rsquo;enregistrer des informations. Puis, il fallait encore trouver un moyen de les reproduire &#8211; c&rsquo;est ainsi qu&rsquo;est n\u00e9e la typographie qui est \u00e9galement pr\u00e9sente dans notre exposition.<\/p>\n<p>Avec le d\u00e9veloppement des m\u00e9thodes de production, ils paraissaient des papiers aux propri\u00e9t\u00e9s diff\u00e9rentes. On leur trouvait des applications diverses. Nous pr\u00e9sentons ce qui est produit du papier aujourd&rsquo;hui.<\/p>\n<p><a href=\"http:\/\/muzeumpapiernictwa.pl\/fr\/musee\/expositions\/expositions-permanentes\/\">Expositions permanentes<\/a><\/p>\n<h3>Rxpositions temporelles<\/h3>\n<p>On fabrique, mais aussi on cr\u00e9e. Notre galerie fonctionne dans les int\u00e9rieurs couverts de polychromies et dans d&rsquo;autres salles. Nous y pr\u00e9sentons de diverses expositions temporaires. On peut y admirer l\u2019\u0153uvre des artistes reconnus, mais aussi voir les travaux des jeunes participants des ateliers de graphismes organis\u00e9s au Mus\u00e9e. On n&rsquo;oublie pas la pr\u00e9sentation de ces \u00e9l\u00e9ments de nos collections qui ne sont pas expos\u00e9s tous les jours, y compris ceux qui sont li\u00e9s \u00e0 l&rsquo;histoire de Duszniki-Zdr\u00f3j.<\/p>\n<p><a href=\"http:\/\/muzeumpapiernictwa.pl\/fr\/musee\/expositions\/expositions-temporelles\/\" target=\"_blank\">Expositions temporelles<\/a><\/p>\n<p>En pr\u00e9parant les expositions d&rsquo;art, on donne bien s\u00fbr la priorit\u00e9 \u00e0 l&rsquo;art du papier largement compris. Les auteurs sont aussi bien artistes reconnus qu\u2019\u00e9tudiants de l\u2019Acad\u00e9mie des Beaux-Arts. Souvent, ce sont des invit\u00e9s \u00e9trangers, par exemple en 2013, Yasu Suzuka du Japon a montr\u00e9 ses \u0153uvres de la s\u00e9rie \u00ab R\u00e9incarnation de la chemise \u2013 chemise de nirvana \u00bb r\u00e9alis\u00e9es en p\u00e2te de papier. <\/p>\n<p><a href=\"http:\/\/muzeumpapiernictwa.pl\/fr\/musee\/art-du-papier\/\">Art du papier<\/a><\/p>\n<p>Au Mus\u00e9e de la Papeterie, nous pr\u00e9sentons m\u00eame jusqu&rsquo;\u00e0 plus de dix expositions temporaires par an. On peut trouver les informations concernant des vernissages et des expositions courantes \u00e0 l&rsquo;onglet Actualit\u00e9s.<\/p>\n<p><a href=\"http:\/\/muzeumpapiernictwa.pl\/fr\/actualites\/1?news-search%5Bphrase%5D=&#038;news-search%5Bsort%5D=created_desc&#038;news-search%5Bdate-range%5D=&#038;news-search%5Bcategory%5D=14\">Actualit\u00e9s \u2013 Expositions<\/a><\/p>\n<h3>Expositions itin\u00e9rantes<\/h3>\n<p>Le Mus\u00e9e de la Papeterie poss\u00e8de en outre des expositions \u00ab itin\u00e9rantes \u00bb. Les plus importantes ce sont : \u00ab L&rsquo;histoire du papier et de la fabrication du papier \u00bb, \u00ab Les techniques typographiques de la d\u00e9coration de papiers et de tissus \u00bb et \u00ab Les passeports des pays de l&rsquo;Union europ\u00e9enne \u00bb. Nous les pr\u00e9sentons dans les mus\u00e9es, dans les biblioth\u00e8ques et dans les autres institutions. Jusqu&rsquo;\u00e0 pr\u00e9sent, elles ont \u00e9t\u00e9 montr\u00e9es dans plus de 30 endroits, y compris les \u00e9tablissements \u00e9trangers (entre autres les \u00ab Passeports des pays de l&rsquo;Union europ\u00e9enne \u00bb &#8211; Mus\u00e9e de l&rsquo;Europe \u00e0 Schengen au Luxembourg, 2012).<\/p>\n<\/p>\n<p><\/p>","protected":false},"excerpt":{"rendered":"<p>Expositions permanentes Sans aucun doute, il n&rsquo;y aurait eu aucun moulin \u00e0 papier \u00e0 Duszniki-Zdr\u00f3j, si les Chinois n&rsquo;avaient pas invent\u00e9 le papier et si les Arabes n&rsquo;avaient pas apport\u00e9 leur invention en Europe. Le th\u00e8me principal de nos expositions permanentes est donc l&rsquo;histoire du papier et le processus de sa production dans le monde, [&hellip;]<\/p>\n","protected":false},"author":1,"featured_media":0,"parent":157,"menu_order":1025,"comment_status":"open","ping_status":"open","template":"","meta":{"_acf_changed":false,"ngg_post_thumbnail":0,"footnotes":""},"class_list":["post-89","page","type-page","status-publish","hentry"],"acf":[],"_links":{"self":[{"href":"https:\/\/muzeumpapiernictwa.pl\/fr\/wp-json\/wp\/v2\/pages\/89","targetHints":{"allow":["GET"]}}],"collection":[{"href":"https:\/\/muzeumpapiernictwa.pl\/fr\/wp-json\/wp\/v2\/pages"}],"about":[{"href":"https:\/\/muzeumpapiernictwa.pl\/fr\/wp-json\/wp\/v2\/types\/page"}],"author":[{"embeddable":true,"href":"https:\/\/muzeumpapiernictwa.pl\/fr\/wp-json\/wp\/v2\/users\/1"}],"replies":[{"embeddable":true,"href":"https:\/\/muzeumpapiernictwa.pl\/fr\/wp-json\/wp\/v2\/comments?post=89"}],"version-history":[{"count":30,"href":"https:\/\/muzeumpapiernictwa.pl\/fr\/wp-json\/wp\/v2\/pages\/89\/revisions"}],"predecessor-version":[{"id":14723,"href":"https:\/\/muzeumpapiernictwa.pl\/fr\/wp-json\/wp\/v2\/pages\/89\/revisions\/14723"}],"up":[{"embeddable":true,"href":"https:\/\/muzeumpapiernictwa.pl\/fr\/wp-json\/wp\/v2\/pages\/157"}],"wp:attachment":[{"href":"https:\/\/muzeumpapiernictwa.pl\/fr\/wp-json\/wp\/v2\/media?parent=89"}],"curies":[{"name":"wp","href":"https:\/\/api.w.org\/{rel}","templated":true}]}}