{"id":87,"date":"2014-11-13T17:09:06","date_gmt":"2014-11-13T16:09:06","guid":{"rendered":"http:\/\/muzeumpapiernictwa.pl\/?page_id=87"},"modified":"2022-12-05T10:19:09","modified_gmt":"2022-12-05T09:19:09","slug":"historia-muzeum-papiernictwa","status":"publish","type":"page","link":"https:\/\/muzeumpapiernictwa.pl\/fr\/musee\/histoire-du-musee-de-la-papeterie\/","title":{"rendered":"Histoire du Mus\u00e9e de la Papeterie"},"content":{"rendered":"<p><\/p>\n<h3>Mus\u00e9e enregistr\u00e9<\/h3>\n<p>Selon la loi sur les mus\u00e9es du 21 novembre 1996, Le Minist\u00e8re de la Culture et du Patrimoine National \u00e9labore le Registre National des Mus\u00e9es. On y enregistre seulement ces institutions qui r\u00e9pondent aux conditions fix\u00e9es dans l&rsquo;acte nomm\u00e9 ci-dessus, celles qui ont un niveau \u00e9lev\u00e9 d&rsquo;activit\u00e9s essentielles et une grande importance de la collection. La demande d&rsquo;enregistrement du mus\u00e9e est \u00e9valu\u00e9e par une commission de qualification compos\u00e9e d&rsquo;\u00e9minents sp\u00e9cialistes dans le domaine de la mus\u00e9ologie et des sciences connexes, et la d\u00e9cision est prise par le ministre. Le Mus\u00e9e de la Papeterie a \u00e9t\u00e9 inscrit au Registre National des Mus\u00e9es le 28 juin 2013. <\/p>\n<p><a href=\"http:\/\/muzeumpapiernictwa.pl\/wp-content\/uploads\/2014\/11\/WPIS-DO-PA\u0143STWOWEGO-REJESTRU-MUZE\u00d3W.pdf\" target=\"_blank\" rel=\"noopener noreferrer\">Decyzja o wpisie do Pa\u0144stwowego Rejestru Muze\u00f3w (PDF)<\/a><\/p>\n<\/p>\n<p><\/p>","protected":false},"excerpt":{"rendered":"<p>Mus\u00e9e enregistr\u00e9 Selon la loi sur les mus\u00e9es du 21 novembre 1996, Le Minist\u00e8re de la Culture et du Patrimoine National \u00e9labore le Registre National des Mus\u00e9es. On y enregistre seulement ces institutions qui r\u00e9pondent aux conditions fix\u00e9es dans l&rsquo;acte nomm\u00e9 ci-dessus, celles qui ont un niveau \u00e9lev\u00e9 d&rsquo;activit\u00e9s essentielles et une grande importance de [&hellip;]<\/p>\n","protected":false},"author":1,"featured_media":0,"parent":157,"menu_order":409,"comment_status":"open","ping_status":"open","template":"","meta":{"_acf_changed":false,"ngg_post_thumbnail":0,"footnotes":""},"class_list":["post-87","page","type-page","status-publish","hentry"],"acf":[],"_links":{"self":[{"href":"https:\/\/muzeumpapiernictwa.pl\/fr\/wp-json\/wp\/v2\/pages\/87","targetHints":{"allow":["GET"]}}],"collection":[{"href":"https:\/\/muzeumpapiernictwa.pl\/fr\/wp-json\/wp\/v2\/pages"}],"about":[{"href":"https:\/\/muzeumpapiernictwa.pl\/fr\/wp-json\/wp\/v2\/types\/page"}],"author":[{"embeddable":true,"href":"https:\/\/muzeumpapiernictwa.pl\/fr\/wp-json\/wp\/v2\/users\/1"}],"replies":[{"embeddable":true,"href":"https:\/\/muzeumpapiernictwa.pl\/fr\/wp-json\/wp\/v2\/comments?post=87"}],"version-history":[{"count":18,"href":"https:\/\/muzeumpapiernictwa.pl\/fr\/wp-json\/wp\/v2\/pages\/87\/revisions"}],"predecessor-version":[{"id":19604,"href":"https:\/\/muzeumpapiernictwa.pl\/fr\/wp-json\/wp\/v2\/pages\/87\/revisions\/19604"}],"up":[{"embeddable":true,"href":"https:\/\/muzeumpapiernictwa.pl\/fr\/wp-json\/wp\/v2\/pages\/157"}],"wp:attachment":[{"href":"https:\/\/muzeumpapiernictwa.pl\/fr\/wp-json\/wp\/v2\/media?parent=87"}],"curies":[{"name":"wp","href":"https:\/\/api.w.org\/{rel}","templated":true}]}}