{"id":81,"date":"2014-11-13T17:07:35","date_gmt":"2014-11-13T16:07:35","guid":{"rendered":"http:\/\/muzeumpapiernictwa.pl\/?page_id=81"},"modified":"2021-10-19T11:25:20","modified_gmt":"2021-10-19T09:25:20","slug":"promocja-projektu-2","status":"publish","type":"page","link":"https:\/\/muzeumpapiernictwa.pl\/fr\/projekt\/informacje-dotyczace-przetargow-oraz-zapytan-ofertowych-zwiazanych-z-realizacja-programu-mozna-znalezc-w-zakladce-aktualnosci-ogloszenia-aktualnosci-ogloszenia\/","title":{"rendered":"March\u00e9s publics"},"content":{"rendered":"<p><\/p>\n<p>Les informations sur les appels d&rsquo;offre et les demandes de devis li\u00e9s \u00e0 la mise en \u0153uvre du programme peuvent \u00eatre trouv\u00e9s \u00e0 l&rsquo;onglet \u00ab actualit\u00e9s \u2013 annonces \u00bb<\/p>\n<p><a title=\"Aktualno\u015bci\" href=\"http:\/\/muzeumpapiernictwa.pl\/fr\/actualites\/1?news-search%5Bphrase%5D=&#038;news-search%5Bsort%5D=created_desc&#038;news-search%5Bdate-range%5D=&#038;news-search%5Bcategory%5D=19\">Actualit\u00e9s \u2013 Annonces<\/a><\/p>\n<\/p>\n<p><\/p>","protected":false},"excerpt":{"rendered":"<p>Les informations sur les appels d&rsquo;offre et les demandes de devis li\u00e9s \u00e0 la mise en \u0153uvre du programme peuvent \u00eatre trouv\u00e9s \u00e0 l&rsquo;onglet \u00ab actualit\u00e9s \u2013 annonces \u00bb Actualit\u00e9s \u2013 Annonces<\/p>\n","protected":false},"author":1,"featured_media":0,"parent":71,"menu_order":221,"comment_status":"open","ping_status":"open","template":"","meta":{"_acf_changed":false,"ngg_post_thumbnail":0,"footnotes":""},"class_list":["post-81","page","type-page","status-publish","hentry"],"acf":[],"_links":{"self":[{"href":"https:\/\/muzeumpapiernictwa.pl\/fr\/wp-json\/wp\/v2\/pages\/81","targetHints":{"allow":["GET"]}}],"collection":[{"href":"https:\/\/muzeumpapiernictwa.pl\/fr\/wp-json\/wp\/v2\/pages"}],"about":[{"href":"https:\/\/muzeumpapiernictwa.pl\/fr\/wp-json\/wp\/v2\/types\/page"}],"author":[{"embeddable":true,"href":"https:\/\/muzeumpapiernictwa.pl\/fr\/wp-json\/wp\/v2\/users\/1"}],"replies":[{"embeddable":true,"href":"https:\/\/muzeumpapiernictwa.pl\/fr\/wp-json\/wp\/v2\/comments?post=81"}],"version-history":[{"count":16,"href":"https:\/\/muzeumpapiernictwa.pl\/fr\/wp-json\/wp\/v2\/pages\/81\/revisions"}],"predecessor-version":[{"id":17423,"href":"https:\/\/muzeumpapiernictwa.pl\/fr\/wp-json\/wp\/v2\/pages\/81\/revisions\/17423"}],"up":[{"embeddable":true,"href":"https:\/\/muzeumpapiernictwa.pl\/fr\/wp-json\/wp\/v2\/pages\/71"}],"wp:attachment":[{"href":"https:\/\/muzeumpapiernictwa.pl\/fr\/wp-json\/wp\/v2\/media?parent=81"}],"curies":[{"name":"wp","href":"https:\/\/api.w.org\/{rel}","templated":true}]}}