{"id":79,"date":"2014-11-13T17:07:03","date_gmt":"2014-11-13T16:07:03","guid":{"rendered":"http:\/\/muzeumpapiernictwa.pl\/?page_id=79"},"modified":"2017-02-14T12:32:12","modified_gmt":"2017-02-14T11:32:12","slug":"konserwacja-i-digitalizacja-zbiorow","status":"publish","type":"page","link":"https:\/\/muzeumpapiernictwa.pl\/fr\/projekt\/conservation-et-numerisation-des-collections\/","title":{"rendered":"Conservation et num\u00e9risation des collections"},"content":{"rendered":"<p><\/p>\n<p>La pr\u00e9servation et le partage des ressources du patrimoine culturel est l&rsquo;une des t\u00e2ches principales des mus\u00e9es. Dans le cadre du projet, on a donc \u00e9galement pr\u00e9vu la conservation et la num\u00e9risation des objets expos\u00e9s s\u00e9lectionn\u00e9s. <\/p>\n<p>Tout d&rsquo;abord, il faut pr\u00e9server aussi longtemps que possible les collections originales du Mus\u00e9e. Des travaux sp\u00e9cifiques concerneront 312 objets, notamment des documents d&rsquo;identification (par exemple un passeport en langue russe, de 1986), des plaques d&rsquo;impression typographique, des cartes postales de Duszniki-Zdr\u00f3j et d&rsquo;autres documents.<\/p>\n<p>La garanti pour conserver la collection pour les g\u00e9n\u00e9rations futures est son enregistrement le plus pr\u00e9cis possible, effectu\u00e9 dans une forme num\u00e9rique, c&rsquo;est-\u00e0-dire la digitalisation. C&rsquo;est actuellement l&rsquo;une des priorit\u00e9s \u00e9tablies par les institutions de l&rsquo;Union europ\u00e9enne et par celles nationales.<\/p>\n<p>Gr\u00e2ce aux moyens des fonds norv\u00e9giens et des fonds de l&rsquo;EEE, nous avons d\u00e9j\u00e0 achet\u00e9 le mat\u00e9riel photographique qui permettra la sauvegarde progressive de la collection enti\u00e8re du mus\u00e9e en forme num\u00e9rique. Au cours de la r\u00e9alisation du projet, nous pr\u00e9voyons la num\u00e9risation de 418 objets dont les feuilles historiques aux filigranes des papeteries diff\u00e9rentes (m\u00eame de la fin du XVIe si\u00e8cle), des feuilles d\u00e9coratives, des pochoirs en papier, des passeports, des ex-libris, des cartes postales de Duszniki-Zdr\u00f3j, des dispositifs pour effectuer des test de qualit\u00e9 du papier, des machines et l&rsquo;\u00e9quipement de grande taille. <\/p>\n<p>Les images des objets expos\u00e9s seront publi\u00e9es sur notre site Web, certaines sous la forme de pr\u00e9sentation de 360o. Cela permettra \u00e0 tous les int\u00e9ress\u00e9s d&rsquo;acc\u00e9der aux collections du Mus\u00e9e de la Papeterie, quel que soit leur degr\u00e9 d&rsquo;accessibilit\u00e9, sur place et sans n\u00e9cessit\u00e9 d&rsquo;arriver \u00e0 Duszniki-Zdr\u00f3j. <\/p>\n<p><a title=\"Zbiory\" href=\"http:\/\/muzeumpapiernictwa.pl\/fr\/apercu-des-collections\/\" target=\"_blank\">Aper\u00e7u des collections<\/a><\/p>\n<\/p>\n<p><\/p>","protected":false},"excerpt":{"rendered":"<p>La pr\u00e9servation et le partage des ressources du patrimoine culturel est l&rsquo;une des t\u00e2ches principales des mus\u00e9es. Dans le cadre du projet, on a donc \u00e9galement pr\u00e9vu la conservation et la num\u00e9risation des objets expos\u00e9s s\u00e9lectionn\u00e9s. Tout d&rsquo;abord, il faut pr\u00e9server aussi longtemps que possible les collections originales du Mus\u00e9e. Des travaux sp\u00e9cifiques concerneront 312 [&hellip;]<\/p>\n","protected":false},"author":1,"featured_media":0,"parent":71,"menu_order":559,"comment_status":"open","ping_status":"open","template":"","meta":{"_acf_changed":false,"ngg_post_thumbnail":0,"footnotes":""},"class_list":["post-79","page","type-page","status-publish","hentry"],"acf":[],"_links":{"self":[{"href":"https:\/\/muzeumpapiernictwa.pl\/fr\/wp-json\/wp\/v2\/pages\/79","targetHints":{"allow":["GET"]}}],"collection":[{"href":"https:\/\/muzeumpapiernictwa.pl\/fr\/wp-json\/wp\/v2\/pages"}],"about":[{"href":"https:\/\/muzeumpapiernictwa.pl\/fr\/wp-json\/wp\/v2\/types\/page"}],"author":[{"embeddable":true,"href":"https:\/\/muzeumpapiernictwa.pl\/fr\/wp-json\/wp\/v2\/users\/1"}],"replies":[{"embeddable":true,"href":"https:\/\/muzeumpapiernictwa.pl\/fr\/wp-json\/wp\/v2\/comments?post=79"}],"version-history":[{"count":20,"href":"https:\/\/muzeumpapiernictwa.pl\/fr\/wp-json\/wp\/v2\/pages\/79\/revisions"}],"predecessor-version":[{"id":9402,"href":"https:\/\/muzeumpapiernictwa.pl\/fr\/wp-json\/wp\/v2\/pages\/79\/revisions\/9402"}],"up":[{"embeddable":true,"href":"https:\/\/muzeumpapiernictwa.pl\/fr\/wp-json\/wp\/v2\/pages\/71"}],"wp:attachment":[{"href":"https:\/\/muzeumpapiernictwa.pl\/fr\/wp-json\/wp\/v2\/media?parent=79"}],"curies":[{"name":"wp","href":"https:\/\/api.w.org\/{rel}","templated":true}]}}