{"id":77,"date":"2014-11-13T17:06:15","date_gmt":"2014-11-13T16:06:15","guid":{"rendered":"http:\/\/muzeumpapiernictwa.pl\/?page_id=77"},"modified":"2016-05-02T14:48:30","modified_gmt":"2016-05-02T12:48:30","slug":"zavezpieczenie-ppoz","status":"publish","type":"page","link":"https:\/\/muzeumpapiernictwa.pl\/fr\/projekt\/protection-contre-les-incendies\/","title":{"rendered":"Protection contre les incendies."},"content":{"rendered":"<p><\/p>\n<p>Le moulin \u00e0 papier de Duszniki-Zdr\u00f3j est un vestige inestimable de la construction industrielle en bois. Construit avec des mat\u00e9riaux inflammables, il est fortement en danger en cas d&rsquo;incendie. <\/p>\n<p>La protection du b\u00e2timent contre l&rsquo;incendie est donc devenue l&rsquo;une des priorit\u00e9s d&rsquo;investissement du Mus\u00e9e de la Papeterie et en tant que telle \u00e9tait pr\u00e9sent\u00e9e dans le projet pour lequel on a d\u00e9pos\u00e9 la demande du financement des fonds de l&rsquo;EEE et des fonds norv\u00e9giens.<\/p>\n<p>En cons\u00e9quence, on installera dans le b\u00e2timent un syst\u00e8me automatique de d\u00e9tection d&rsquo;incendie et d&rsquo;extinction par brouillard d&rsquo;eau, couvrant \u00e0 la fois le toit et les murs des b\u00e2timents de la papeterie et de ses int\u00e9rieurs.<\/p>\n<p>Les syst\u00e8mes d&rsquo;extinction par brouillard d&rsquo;eau sont parmi les solutions les plus modernes utilis\u00e9es dans de pr\u00e9cieux monuments historiques. Le principe de base de leur fonctionnement est l&rsquo;actionnement simultan\u00e9 de toutes les t\u00eates d&rsquo;extincteurs de brouillard dans la zone de danger, de sorte qu&rsquo;ils apparaissent les gouttelettes d&rsquo;eau d&rsquo;une taille appropri\u00e9e poss\u00e9dant une haute capacit\u00e9 d&rsquo;absorber la chaleur. <\/p>\n<p>L&rsquo;avantage principal de ces syst\u00e8mes est une relativement faible consommation d&rsquo;eau. Il n&rsquo;est donc pas n\u00e9cessaire de pr\u00e9voir un grand r\u00e9servoir d&rsquo;eau. Ce qui est tr\u00e8s important &#8211; dans le cas de l&rsquo;activation du syst\u00e8me, l&rsquo;utilisation de l&rsquo;eau sous forme de gouttelettes dispers\u00e9es de faible diam\u00e8tre r\u00e9duit au minimum les dommages potentiels pour les locaux.<\/p>\n<\/p>\n<p><\/p>","protected":false},"excerpt":{"rendered":"<p>Le moulin \u00e0 papier de Duszniki-Zdr\u00f3j est un vestige inestimable de la construction industrielle en bois. Construit avec des mat\u00e9riaux inflammables, il est fortement en danger en cas d&rsquo;incendie. La protection du b\u00e2timent contre l&rsquo;incendie est donc devenue l&rsquo;une des priorit\u00e9s d&rsquo;investissement du Mus\u00e9e de la Papeterie et en tant que telle \u00e9tait pr\u00e9sent\u00e9e dans [&hellip;]<\/p>\n","protected":false},"author":1,"featured_media":0,"parent":71,"menu_order":1045,"comment_status":"open","ping_status":"open","template":"","meta":{"_acf_changed":false,"ngg_post_thumbnail":0,"footnotes":""},"class_list":["post-77","page","type-page","status-publish","hentry"],"acf":[],"_links":{"self":[{"href":"https:\/\/muzeumpapiernictwa.pl\/fr\/wp-json\/wp\/v2\/pages\/77","targetHints":{"allow":["GET"]}}],"collection":[{"href":"https:\/\/muzeumpapiernictwa.pl\/fr\/wp-json\/wp\/v2\/pages"}],"about":[{"href":"https:\/\/muzeumpapiernictwa.pl\/fr\/wp-json\/wp\/v2\/types\/page"}],"author":[{"embeddable":true,"href":"https:\/\/muzeumpapiernictwa.pl\/fr\/wp-json\/wp\/v2\/users\/1"}],"replies":[{"embeddable":true,"href":"https:\/\/muzeumpapiernictwa.pl\/fr\/wp-json\/wp\/v2\/comments?post=77"}],"version-history":[{"count":18,"href":"https:\/\/muzeumpapiernictwa.pl\/fr\/wp-json\/wp\/v2\/pages\/77\/revisions"}],"predecessor-version":[{"id":8172,"href":"https:\/\/muzeumpapiernictwa.pl\/fr\/wp-json\/wp\/v2\/pages\/77\/revisions\/8172"}],"up":[{"embeddable":true,"href":"https:\/\/muzeumpapiernictwa.pl\/fr\/wp-json\/wp\/v2\/pages\/71"}],"wp:attachment":[{"href":"https:\/\/muzeumpapiernictwa.pl\/fr\/wp-json\/wp\/v2\/media?parent=77"}],"curies":[{"name":"wp","href":"https:\/\/api.w.org\/{rel}","templated":true}]}}