{"id":75,"date":"2014-11-13T17:05:58","date_gmt":"2014-11-13T16:05:58","guid":{"rendered":"http:\/\/muzeumpapiernictwa.pl\/?page_id=75"},"modified":"2017-10-26T10:47:04","modified_gmt":"2017-10-26T08:47:04","slug":"renowacja-i-adaptacja","status":"publish","type":"page","link":"https:\/\/muzeumpapiernictwa.pl\/fr\/projekt\/renovation-et-adaptation\/","title":{"rendered":"R\u00e9novation et adaptation"},"content":{"rendered":"<p><\/p>\n<p>Le Mus\u00e9e de la Papeterie est depuis des ann\u00e9es un b\u00e9n\u00e9ficiaire des fonds obtenus dans le cadre des programmes op\u00e9rationnels du Ministre de la Culture et du Patrimoine National. Sur la base des mesures minist\u00e9rielles, ainsi que de ceux provenant du budget du gouvernement r\u00e9gional de Basse-Sil\u00e9sie, de nombreux travaux de r\u00e9novation et de restauration ont \u00e9t\u00e9 effectu\u00e9s.<\/p>\n<p>L&rsquo;ensemble de la papeterie historique se compose de deux b\u00e2timents multi-\u00e9tages &#8211; du b\u00e2timent principal et de l&rsquo;ancien s\u00e9choir du papier, dont surtout ce dernier n&rsquo;avait \u00e9t\u00e9 que partiellement exploit\u00e9. <\/p>\n<p>Compte tenu de l&rsquo;int\u00e9r\u00eat croissant pour le Mus\u00e9e et son offre p\u00e9dagogique, le d\u00e9veloppement des parties inexploitables est devenu une n\u00e9cessit\u00e9. Ainsi, le plus important projet d&rsquo;investissement reste actuellement l&rsquo;adaptation du s\u00e9choir aux fins de l&rsquo;\u00e9ducation et de la culture et la pr\u00e9servation du moulin \u00e0 papier de Duszniki-Zdr\u00f3j.<\/p>\n<p>Les travaux de l&rsquo;adaptation des pi\u00e8ces du s\u00e9choir pr\u00e9c\u00e9demment inutilis\u00e9s ont commenc\u00e9 en 2009 et on les continuait &#8211; autant que possible &#8211; au cours des ann\u00e9es suivantes. Les moyens re\u00e7us des fonds norv\u00e9giens et des fonds de l&rsquo;EEE permettront l&rsquo;ach\u00e8vement de l&rsquo;investissement et une pleine utilisation de l&rsquo;objet. <\/p>\n<p>En cons\u00e9quence, le Mus\u00e9e recevra deux salles d&rsquo;exposition suppl\u00e9mentaires, un espace moderne pour l&rsquo;animation des le\u00e7ons au mus\u00e9e et des ateliers et aussi un espace modernis\u00e9 pour le bureau-entrep\u00f4t. <\/p>\n<p>Dans les salles d&rsquo;exposition, on pr\u00e9sentera deux nouvelles expositions permanentes &#8211; l&rsquo;une couvrira l&rsquo;histoire du papier-monnaie polonais, l&rsquo;autre &#8211; l&rsquo;art du papier. Les expositions seront arrang\u00e9es selon les derni\u00e8res tendances et on y utilisera des techniques multim\u00e9dias. On a pr\u00e9vu toute une gamme de solutions pour faciliter la visite aux personnes handicap\u00e9es.<\/p>\n<\/p>\n<p><\/p>","protected":false},"excerpt":{"rendered":"<p>Le Mus\u00e9e de la Papeterie est depuis des ann\u00e9es un b\u00e9n\u00e9ficiaire des fonds obtenus dans le cadre des programmes op\u00e9rationnels du Ministre de la Culture et du Patrimoine National. Sur la base des mesures minist\u00e9rielles, ainsi que de ceux provenant du budget du gouvernement r\u00e9gional de Basse-Sil\u00e9sie, de nombreux travaux de r\u00e9novation et de restauration [&hellip;]<\/p>\n","protected":false},"author":1,"featured_media":0,"parent":71,"menu_order":885,"comment_status":"open","ping_status":"open","template":"","meta":{"_acf_changed":false,"ngg_post_thumbnail":0,"footnotes":""},"class_list":["post-75","page","type-page","status-publish","hentry"],"acf":[],"_links":{"self":[{"href":"https:\/\/muzeumpapiernictwa.pl\/fr\/wp-json\/wp\/v2\/pages\/75","targetHints":{"allow":["GET"]}}],"collection":[{"href":"https:\/\/muzeumpapiernictwa.pl\/fr\/wp-json\/wp\/v2\/pages"}],"about":[{"href":"https:\/\/muzeumpapiernictwa.pl\/fr\/wp-json\/wp\/v2\/types\/page"}],"author":[{"embeddable":true,"href":"https:\/\/muzeumpapiernictwa.pl\/fr\/wp-json\/wp\/v2\/users\/1"}],"replies":[{"embeddable":true,"href":"https:\/\/muzeumpapiernictwa.pl\/fr\/wp-json\/wp\/v2\/comments?post=75"}],"version-history":[{"count":12,"href":"https:\/\/muzeumpapiernictwa.pl\/fr\/wp-json\/wp\/v2\/pages\/75\/revisions"}],"predecessor-version":[{"id":10377,"href":"https:\/\/muzeumpapiernictwa.pl\/fr\/wp-json\/wp\/v2\/pages\/75\/revisions\/10377"}],"up":[{"embeddable":true,"href":"https:\/\/muzeumpapiernictwa.pl\/fr\/wp-json\/wp\/v2\/pages\/71"}],"wp:attachment":[{"href":"https:\/\/muzeumpapiernictwa.pl\/fr\/wp-json\/wp\/v2\/media?parent=75"}],"curies":[{"name":"wp","href":"https:\/\/api.w.org\/{rel}","templated":true}]}}