{"id":73,"date":"2014-11-13T17:05:30","date_gmt":"2014-11-13T16:05:30","guid":{"rendered":"http:\/\/muzeumpapiernictwa.pl\/?page_id=73"},"modified":"2014-12-22T12:47:07","modified_gmt":"2014-12-22T11:47:07","slug":"fundusze","status":"publish","type":"page","link":"https:\/\/muzeumpapiernictwa.pl\/fr\/projekt\/fonds\/","title":{"rendered":"Fonds"},"content":{"rendered":"<p><\/p>\n<p><p>Le M\u00e9canisme Financier Norv\u00e9gien et le M\u00e9canisme Financier de l&rsquo;Espace \u00c9conomique Europ\u00e9en (c&rsquo;est-\u00e0-dire les fonds norv\u00e9giens et ceux de l&rsquo;EEE) sont une forme d&rsquo;aide \u00e9trang\u00e8re non remboursable accord\u00e9e par la Norv\u00e8ge, l&rsquo;Islande et le Liechtenstein aux nouveaux membres de l&rsquo;UE.<\/p>\n<p>Ces fonds sont associ\u00e9s \u00e0 l&rsquo;adh\u00e9sion de la Pologne \u00e0 l&rsquo;Union europ\u00e9enne et en m\u00eame temps \u00e0 l\u2019adh\u00e9sion de notre pays \u00e0 l&rsquo;Espace \u00c9conomique Europ\u00e9en (UE + L&rsquo;Islande, le Liechtenstein, la Norv\u00e8ge). <\/p>\n<p>En \u00e9change de l&rsquo;aide financi\u00e8re, les pays donateurs b\u00e9n\u00e9ficient d&rsquo;un acc\u00e8s au march\u00e9 int\u00e9rieur de l&rsquo;Union europ\u00e9enne (bien qu&rsquo;ils ne soient pas ses membres). <\/p>\n<p>Les principaux objectifs des fonds norv\u00e9giens et des fonds de l&rsquo;EEE sont les suivants : contribuer \u00e0 la r\u00e9duction des disparit\u00e9s \u00e9conomiques et sociales dans l&rsquo;Espace \u00c9conomique Europ\u00e9en et le renforcement des relations bilat\u00e9rales entre les pays-donateurs et le pays-b\u00e9n\u00e9ficiaire.<\/p>\n<p>Dans le cadre des fonds norv\u00e9giens et ceux de l&rsquo;EEE, on a pr\u00e9vu plusieurs programmes (zones de soutien). Dans le cadre d&rsquo;un programme donn\u00e9, on peut obtenir du financement pour des projets avec un contenu similaire. Tout d&rsquo;abord, il faut mentionner : l&rsquo;environnement (y compris les \u00e9nergies renouvelables), le patrimoine culturel, la sant\u00e9, les recherches scientifiques et les bourses. <\/p>\n<p>Pour la mise en \u0153uvre de chaque programme sont responsables des institutions ou des organisations sp\u00e9cialis\u00e9s dans un domaine particulier, par exemple dans le cas du patrimoine culturel \u2013 7 le Minist\u00e8re de la Culture et du Patrimoine National. Ces institutions agissent en tant que soi-disant op\u00e9rateurs de programme. <\/p>\n<p><a href=\"http:\/\/www.eog.gov.pl\/\" target=\"_blank\">Site officiel de l&rsquo;EEE et subventions Norv\u00e8ge<\/a><\/p>\n<\/p>\n<p><\/p>","protected":false},"excerpt":{"rendered":"<p>Le M\u00e9canisme Financier Norv\u00e9gien et le M\u00e9canisme Financier de l&rsquo;Espace \u00c9conomique Europ\u00e9en (c&rsquo;est-\u00e0-dire les fonds norv\u00e9giens et ceux de l&rsquo;EEE) sont une forme d&rsquo;aide \u00e9trang\u00e8re non remboursable accord\u00e9e par la Norv\u00e8ge, l&rsquo;Islande et le Liechtenstein aux nouveaux membres de l&rsquo;UE. Ces fonds sont associ\u00e9s \u00e0 l&rsquo;adh\u00e9sion de la Pologne \u00e0 l&rsquo;Union europ\u00e9enne et en m\u00eame [&hellip;]<\/p>\n","protected":false},"author":1,"featured_media":0,"parent":71,"menu_order":380,"comment_status":"open","ping_status":"open","template":"","meta":{"_acf_changed":false,"ngg_post_thumbnail":0,"footnotes":""},"class_list":["post-73","page","type-page","status-publish","hentry"],"acf":[],"_links":{"self":[{"href":"https:\/\/muzeumpapiernictwa.pl\/fr\/wp-json\/wp\/v2\/pages\/73","targetHints":{"allow":["GET"]}}],"collection":[{"href":"https:\/\/muzeumpapiernictwa.pl\/fr\/wp-json\/wp\/v2\/pages"}],"about":[{"href":"https:\/\/muzeumpapiernictwa.pl\/fr\/wp-json\/wp\/v2\/types\/page"}],"author":[{"embeddable":true,"href":"https:\/\/muzeumpapiernictwa.pl\/fr\/wp-json\/wp\/v2\/users\/1"}],"replies":[{"embeddable":true,"href":"https:\/\/muzeumpapiernictwa.pl\/fr\/wp-json\/wp\/v2\/comments?post=73"}],"version-history":[{"count":13,"href":"https:\/\/muzeumpapiernictwa.pl\/fr\/wp-json\/wp\/v2\/pages\/73\/revisions"}],"predecessor-version":[{"id":3393,"href":"https:\/\/muzeumpapiernictwa.pl\/fr\/wp-json\/wp\/v2\/pages\/73\/revisions\/3393"}],"up":[{"embeddable":true,"href":"https:\/\/muzeumpapiernictwa.pl\/fr\/wp-json\/wp\/v2\/pages\/71"}],"wp:attachment":[{"href":"https:\/\/muzeumpapiernictwa.pl\/fr\/wp-json\/wp\/v2\/media?parent=73"}],"curies":[{"name":"wp","href":"https:\/\/api.w.org\/{rel}","templated":true}]}}