{"id":71,"date":"2014-11-13T17:05:11","date_gmt":"2014-11-13T16:05:11","guid":{"rendered":"http:\/\/muzeumpapiernictwa.pl\/?page_id=71"},"modified":"2017-10-27T12:20:53","modified_gmt":"2017-10-27T10:20:53","slug":"nasz-projekt","status":"publish","type":"page","link":"https:\/\/muzeumpapiernictwa.pl\/fr\/projekt\/","title":{"rendered":"Projekt"},"content":{"rendered":"<p><\/p>\n<p>Au moulin \u00e0 papier de Duszniki-Zdr\u00f3j, nous effectuons des travaux de r\u00e9novation, de restauration, de protection et d&rsquo;adaptation, nous visons \u00e0 augmenter la diversit\u00e9 de l&rsquo;offre culturelle et \u00e9ducative du Mus\u00e9e. Ces activit\u00e9s n\u00e9cessitent un haut financement. <\/p>\n<p>L&rsquo;\u00e9quipe du Mus\u00e9e a d\u00e9velopp\u00e9 le projet intitul\u00e9 R\u00e9novation et adaptation \u00e0 des fins culturelles du s\u00e9choir historique et la protection incendie de l&rsquo;ensemble du Mus\u00e9e de la Papeterie de Duszniki-Zdr\u00f3j, y compris la maintenance et la num\u00e9risation des collections. <\/p>\n<p>En 2014, ce projet a \u00e9t\u00e9 soutenu par le M\u00e9canisme Financier de l&rsquo;Espace \u00c9conomique Europ\u00e9en et le M\u00e9canisme Financier Norv\u00e9gien pour la p\u00e9riode 2009-14 &#8211; le Programme la Pr\u00e9servation et la revitalisation du patrimoine culturel. Il a \u00e9t\u00e9 s\u00e9lectionn\u00e9 avec 20 d&rsquo;autres applications, parmi 277 demandes du financement. <\/p>\n<p><a title=\"Fundusze\" href=\"http:\/\/muzeumpapiernictwa.pl\/fr\/projekt\/fonds\/\">Fonds<\/a><\/p>\n<p>Le montant de la subvention est de 6.682.490 PLN et la valeur totale de la t\u00e2che c&rsquo;est 9.562.660 PLN. La propre contribution a \u00e9t\u00e9 fournie par le gouvernement r\u00e9gional de Basse-Sil\u00e9sie, organisateur du Mus\u00e9e de la Papeterie.<\/p>\n<p>La r\u00e9alisation du projet durera jusqu&rsquo;\u00e0 la fin du premier trimestre de 2016. Pendant ce temps, la r\u00e9novation et la transformation du b\u00e2timent de s\u00e9choir seront achev\u00e9es, une protection moderne contre l&rsquo;incendie sera install\u00e9e dans tout le moulin \u00e0 papier, on effectuera la maintenance et la num\u00e9risation d&rsquo;une partie des collections du Mus\u00e9e.<\/p>\n<p>Pendant toute la dur\u00e9e de la r\u00e9alisation du projet nous informons sur ses buts, sa concr\u00e9tisation et ses r\u00e9sultats. Nous entreprenons de nombreuses actions pour promouvoir les fonds, notre projet et les r\u00e9sultats attendus et obtenus.<\/p>\n<p><a title=\"Aktualno\u015bci\" href=\"http:\/\/muzeumpapiernictwa.pl\/fr\/actualites\/1?news-search%5Bphrase%5D=&#038;news-search%5Bsort%5D=created_desc&#038;news-search%5Bdate-range%5D=&#038;news-search%5Bcategory%5D=15\">Actualit\u00e9s &#8211; projet<\/a><\/p>\n<\/p>\n<p><\/p>","protected":false},"excerpt":{"rendered":"<p>Au moulin \u00e0 papier de Duszniki-Zdr\u00f3j, nous effectuons des travaux de r\u00e9novation, de restauration, de protection et d&rsquo;adaptation, nous visons \u00e0 augmenter la diversit\u00e9 de l&rsquo;offre culturelle et \u00e9ducative du Mus\u00e9e. Ces activit\u00e9s n\u00e9cessitent un haut financement. L&rsquo;\u00e9quipe du Mus\u00e9e a d\u00e9velopp\u00e9 le projet intitul\u00e9 R\u00e9novation et adaptation \u00e0 des fins culturelles du s\u00e9choir historique [&hellip;]<\/p>\n","protected":false},"author":1,"featured_media":0,"parent":0,"menu_order":852,"comment_status":"open","ping_status":"open","template":"","meta":{"_acf_changed":false,"ngg_post_thumbnail":0,"footnotes":""},"class_list":["post-71","page","type-page","status-publish","hentry"],"acf":[],"_links":{"self":[{"href":"https:\/\/muzeumpapiernictwa.pl\/fr\/wp-json\/wp\/v2\/pages\/71","targetHints":{"allow":["GET"]}}],"collection":[{"href":"https:\/\/muzeumpapiernictwa.pl\/fr\/wp-json\/wp\/v2\/pages"}],"about":[{"href":"https:\/\/muzeumpapiernictwa.pl\/fr\/wp-json\/wp\/v2\/types\/page"}],"author":[{"embeddable":true,"href":"https:\/\/muzeumpapiernictwa.pl\/fr\/wp-json\/wp\/v2\/users\/1"}],"replies":[{"embeddable":true,"href":"https:\/\/muzeumpapiernictwa.pl\/fr\/wp-json\/wp\/v2\/comments?post=71"}],"version-history":[{"count":35,"href":"https:\/\/muzeumpapiernictwa.pl\/fr\/wp-json\/wp\/v2\/pages\/71\/revisions"}],"predecessor-version":[{"id":3439,"href":"https:\/\/muzeumpapiernictwa.pl\/fr\/wp-json\/wp\/v2\/pages\/71\/revisions\/3439"}],"wp:attachment":[{"href":"https:\/\/muzeumpapiernictwa.pl\/fr\/wp-json\/wp\/v2\/media?parent=71"}],"curies":[{"name":"wp","href":"https:\/\/api.w.org\/{rel}","templated":true}]}}