{"id":56,"date":"2014-11-13T16:01:08","date_gmt":"2014-11-13T15:01:08","guid":{"rendered":"http:\/\/muzeumpapiernictwa.pl\/?page_id=56"},"modified":"2020-04-30T12:17:01","modified_gmt":"2020-04-30T10:17:01","slug":"strona-glowna","status":"publish","type":"page","link":"https:\/\/muzeumpapiernictwa.pl\/fr\/polski-strona-glowna\/","title":{"rendered":"(Polski) Strona g\u0142\u00f3wna"},"content":{"rendered":"<p><\/p>\n<ul class=\"sections\">\n<li><a href=\"http:\/\/muzeumpapiernictwa.pl\/fr\/papeterie\/histoire-du-moulin-a-papier\/\"><img decoding=\"async\" src=\"http:\/\/muzeumpapiernictwa.pl\/wp-content\/uploads\/2014\/12\/foto1.jpg\" alt=\"\" \/><\/a>\n<div>\n<div>\n<p>L&rsquo;histoire du moulin \u00e0 papier de Duszniki-Zdr\u00f3j remonte au milieu du XVIe si\u00e8cle. C&rsquo;est l&rsquo;un des plus magnifiques monuments de la construction industrielle en bois de Pologne.<\/p>\n<p>\u00a0<\/p>\n<p><a href=\"http:\/\/muzeumpapiernictwa.pl\/fr\/papeterie\/histoire-du-moulin-a-papier\/\">Histoire du moulin \u00e0 papier<\/a><\/p>\n<\/div>\n<\/div>\n<\/li>\n<li><a href=\"http:\/\/muzeumpapiernictwa.pl\/fr\/musee\/\"><img decoding=\"async\" src=\"http:\/\/muzeumpapiernictwa.pl\/wp-content\/uploads\/2014\/12\/fotomuzeum.jpg\" alt=\"\" \/><\/a>\n<div>\n<div>\n<p>Il abrite le Mus\u00e9e de la Papeterie et nous essayons de conserver le mieux possible le b\u00e2timent pour les g\u00e9n\u00e9rations futures et d\u2019exploiter d\u2019une fa\u00e7on la plus efficace son potentiel.<\/p>\n<p>\u00a0<\/p>\n<p><a href=\"http:\/\/muzeumpapiernictwa.pl\/fr\/musee\/\">Mus\u00e9e de la Papeterie<\/a><\/p>\n<\/div>\n<\/div>\n<\/li>\n<li><a href=\"http:\/\/muzeumpapiernictwa.pl\/fr\/projekt\/\"><img decoding=\"async\" src=\"http:\/\/muzeumpapiernictwa.pl\/wp-content\/uploads\/2014\/12\/foto-grants.jpg\" alt=\"\" \/><\/a>\n<div>\n<div>\n<p>Ce but est servi par un programme d&rsquo;investissement de pr\u00e8s de 10 millions de budget, financ\u00e9 des fonds norv\u00e9giens, des fonds de l&rsquo;EEE et des fonds nationaux, que nous r\u00e9alisons depuis f\u00e9vrier 2014.<\/p>\n<p>\u00a0<\/p>\n<p><a href=\"http:\/\/muzeumpapiernictwa.pl\/fr\/projekt\/\">Projet<\/a><\/p>\n<\/div>\n<\/div>\n<\/li>\n<li><a href=\"http:\/\/muzeumpapiernictwa.pl\/fr\/projekt\/renovation-et-adaptation\/\"><img decoding=\"async\" src=\"http:\/\/muzeumpapiernictwa.pl\/wp-content\/uploads\/2014\/12\/foto-renowacja.jpg\" alt=\"\" \/><\/a>\n<div>\n<div>\n<p>Gr\u00e2ce aux subventions, nous terminerons la r\u00e9novation et l&rsquo;adaptation du b\u00e2timent de l&rsquo;ancien s\u00e9choir du papier. On y cr\u00e9era deux nouvelles expositions permanentes et des installations modernes destin\u00e9es \u00e0 des le\u00e7ons au mus\u00e9e et des ateliers qui ont beaucoup de succ\u00e8s.<\/p>\n<p>\u00a0<\/p>\n<p><a href=\"http:\/\/muzeumpapiernictwa.pl\/fr\/projekt\/renovation-et-adaptation\/\">R\u00e9novation et adaptation<\/a><\/p>\n<\/div>\n<\/div>\n<\/li>\n<li><a href=\"http:\/\/muzeumpapiernictwa.pl\/fr\/projekt\/protection-contre-les-incendies\/\"><img decoding=\"async\" src=\"http:\/\/muzeumpapiernictwa.pl\/wp-content\/uploads\/2014\/12\/foto2.jpg\" alt=\"\" \/><\/a>\n<div>\n<div>\n<p>En outre, le complexe du moulin recevra une protection avanc\u00e9e contre les incendies, prot\u00e9geant non seulement cet objet magnifique, mais aussi ses pr\u00e9cieuses collections.<\/p>\n<p>\u00a0<\/p>\n<p><a href=\"http:\/\/muzeumpapiernictwa.pl\/fr\/projekt\/protection-contre-les-incendies\/\">Protection contre les incendies.<\/a><\/p>\n<\/div>\n<\/div>\n<\/li>\n<li><a href=\"http:\/\/muzeumpapiernictwa.pl\/fr\/projekt\/conservation-et-numerisation-des-collections\/\"><img decoding=\"async\" src=\"http:\/\/muzeumpapiernictwa.pl\/wp-content\/uploads\/2014\/12\/foto3.jpg\" alt=\"\" \/><\/a>\n<div>\n<div>\n<p>Une partie de ces collections, dans le cadre du projet, sera soumise \u00e0 la conservation et \u00e0 la num\u00e9risation. Cela permettra d&rsquo;une part de garder plus longtemps les originaux, d&rsquo;autre part, de les immortaliser en images num\u00e9riques.<\/p>\n<p>\u00a0<\/p>\n<p><a href=\"http:\/\/muzeumpapiernictwa.pl\/fr\/projekt\/conservation-et-numerisation-des-collections\/\">Conservation et num\u00e9risation<\/a><\/p>\n<\/div>\n<\/div>\n<\/li>\n<li><a href=\"http:\/\/muzeumpapiernictwa.pl\/fr\/projekt\/promotion-du-projet\/\"><img decoding=\"async\" src=\"http:\/\/muzeumpapiernictwa.pl\/wp-content\/uploads\/2014\/12\/foto-promocja.jpg\" alt=\"\" \/><\/a>\n<div>\n<div>\n<p>La mise en \u0153uvre du projet contribuera \u00e9galement \u00e0 la diffusion plus large des connaissances sur le moulin \u00e0 papier et sur le Mus\u00e9e de la Papeterie et, par cons\u00e9quent, du papier et de son r\u00f4le capital dans le d\u00e9veloppement de la civilisation et de la culture.<\/p>\n<p>\u00a0<\/p>\n<p><a href=http:\/\/muzeumpapiernictwa.pl\/fr\/projekt\/promotion-du-projet\/\">Promotion du projet<\/a><\/p>\n<\/div>\n<\/div>\n<\/li>\n<li><a href=\"#\"><img decoding=\"async\" src=\"http:\/\/muzeumpapiernictwa.pl\/wp-content\/uploads\/2014\/12\/foto-news.jpg\" alt=\"\" \/><\/a>\n<div>\n<div>\n<p>L&rsquo;ach\u00e8vement des t\u00e2ches du projet aura lieu en 2016. Nous vous invitons \u00e0 suivre les progr\u00e8s dans leur r\u00e9alisation.<\/p>\n<p>\u00a0<\/p>\n<p><a href=\"http:\/\/muzeumpapiernictwa.pl\/fr\/actualites\/1?news-search%5Bphrase%5D=&#038;news-search%5Bsort%5D=created_desc&#038;news-search%5Bdate-range%5D=&#038;news-search%5Bcategory%5D=15\">Actualit\u00e9s &#8211; projet<\/a><\/p>\n<\/div>\n<\/div>\n<\/li>\n<\/ul>\n<p><\/p>","protected":false},"excerpt":{"rendered":"<p>L&rsquo;histoire du moulin \u00e0 papier de Duszniki-Zdr\u00f3j remonte au milieu du XVIe si\u00e8cle. C&rsquo;est l&rsquo;un des plus magnifiques monuments de la construction industrielle en bois de Pologne. \u00a0 Histoire du moulin \u00e0 papier Il abrite le Mus\u00e9e de la Papeterie et nous essayons de conserver le mieux possible le b\u00e2timent pour les g\u00e9n\u00e9rations futures et [&hellip;]<\/p>\n","protected":false},"author":1,"featured_media":0,"parent":0,"menu_order":919,"comment_status":"open","ping_status":"open","template":"","meta":{"_acf_changed":false,"ngg_post_thumbnail":0,"footnotes":""},"class_list":["post-56","page","type-page","status-publish","hentry"],"acf":[],"_links":{"self":[{"href":"https:\/\/muzeumpapiernictwa.pl\/fr\/wp-json\/wp\/v2\/pages\/56","targetHints":{"allow":["GET"]}}],"collection":[{"href":"https:\/\/muzeumpapiernictwa.pl\/fr\/wp-json\/wp\/v2\/pages"}],"about":[{"href":"https:\/\/muzeumpapiernictwa.pl\/fr\/wp-json\/wp\/v2\/types\/page"}],"author":[{"embeddable":true,"href":"https:\/\/muzeumpapiernictwa.pl\/fr\/wp-json\/wp\/v2\/users\/1"}],"replies":[{"embeddable":true,"href":"https:\/\/muzeumpapiernictwa.pl\/fr\/wp-json\/wp\/v2\/comments?post=56"}],"version-history":[{"count":62,"href":"https:\/\/muzeumpapiernictwa.pl\/fr\/wp-json\/wp\/v2\/pages\/56\/revisions"}],"predecessor-version":[{"id":269,"href":"https:\/\/muzeumpapiernictwa.pl\/fr\/wp-json\/wp\/v2\/pages\/56\/revisions\/269"}],"wp:attachment":[{"href":"https:\/\/muzeumpapiernictwa.pl\/fr\/wp-json\/wp\/v2\/media?parent=56"}],"curies":[{"name":"wp","href":"https:\/\/api.w.org\/{rel}","templated":true}]}}