{"id":4051,"date":"2015-04-24T14:57:10","date_gmt":"2015-04-24T12:57:10","guid":{"rendered":"http:\/\/muzeumpapiernictwa.pl\/?page_id=4051"},"modified":"2015-04-27T08:24:04","modified_gmt":"2015-04-27T06:24:04","slug":"pomnik-historii-2","status":"publish","type":"page","link":"https:\/\/muzeumpapiernictwa.pl\/fr\/papeterie\/monument-de-lhistoire\/","title":{"rendered":"Monument de l&rsquo;histoire"},"content":{"rendered":"<p><\/p>\n<p>&#8211; Ce titre honorable appartient aux monuments les plus pr\u00e9cieux de la culture nationale et il est remis apr\u00e8s un processus long et minutieux dont le but est de d\u00e9terminer l&rsquo;importance r\u00e9elle de l&rsquo;objet. L&rsquo;inscription sur la liste des monuments historiques est l&rsquo;une des quatre formes de protection des monuments en Pologne. <\/p>\n<p><a href=\"http:\/\/www.prezydent.pl\/aktualnosci\/pomniki-historii\/\" target=\"_blank\">Monument historique<\/a><\/p>\n<p>Le moulin \u00e0 papier de Duszniki-Zdr\u00f3j a \u00e9t\u00e9 d\u00e9clar\u00e9 monument de l&rsquo;histoire sur la base du r\u00e8glement du Pr\u00e9sident de la R\u00e9publique de Pologne du 20 septembre 2011. La valeur du papier de Duszniki-Zdr\u00f3j est d\u00e9termin\u00e9e par son caract\u00e8re unique dans le monde. Les experts de l&rsquo;Institut National du Patrimoine ont \u00e9valu\u00e9 avec satisfaction l&rsquo;\u00e9tat du monument. Leur attention a \u00e9t\u00e9 suscit\u00e9e par la participation active de l&rsquo;institution qui grouille de vie, en organisant de nombreuses activit\u00e9s culturelles et met en \u0153uvre des cours o\u00f9 l&rsquo;on popularise l&rsquo;ancienne technique de puiser le papier. <\/p>\n<p><a href=\"http:\/\/muzeumpapiernictwa.pl\/wp-content\/uploads\/2014\/11\/Rozporz.-Prezydenta-RP.pdf\" target=\"_blank\">Rozporz\u0105dzenie Prezydenta RP<\/a><\/p>\n<p>Ayant la garde du moulin \u00e0 papier &#8211; un monument historique, le Mus\u00e9e de la Papeterie a entrepris des efforts \u00e0 inscrire le monument sur la liste des sites du patrimoine mondial UNESCO. C&rsquo;est une proc\u00e9dure exigeante et longue, cependant, nous croyons qu&rsquo;elle sera couronn\u00e9e de succ\u00e8s.<\/p>\n<\/p>\n<p><\/p>","protected":false},"excerpt":{"rendered":"<p>&#8211; Ce titre honorable appartient aux monuments les plus pr\u00e9cieux de la culture nationale et il est remis apr\u00e8s un processus long et minutieux dont le but est de d\u00e9terminer l&rsquo;importance r\u00e9elle de l&rsquo;objet. L&rsquo;inscription sur la liste des monuments historiques est l&rsquo;une des quatre formes de protection des monuments en Pologne. Monument historique Le [&hellip;]<\/p>\n","protected":false},"author":1,"featured_media":0,"parent":116,"menu_order":818,"comment_status":"open","ping_status":"open","template":"","meta":{"_acf_changed":false,"ngg_post_thumbnail":0,"footnotes":""},"class_list":["post-4051","page","type-page","status-publish","hentry"],"acf":[],"_links":{"self":[{"href":"https:\/\/muzeumpapiernictwa.pl\/fr\/wp-json\/wp\/v2\/pages\/4051","targetHints":{"allow":["GET"]}}],"collection":[{"href":"https:\/\/muzeumpapiernictwa.pl\/fr\/wp-json\/wp\/v2\/pages"}],"about":[{"href":"https:\/\/muzeumpapiernictwa.pl\/fr\/wp-json\/wp\/v2\/types\/page"}],"author":[{"embeddable":true,"href":"https:\/\/muzeumpapiernictwa.pl\/fr\/wp-json\/wp\/v2\/users\/1"}],"replies":[{"embeddable":true,"href":"https:\/\/muzeumpapiernictwa.pl\/fr\/wp-json\/wp\/v2\/comments?post=4051"}],"version-history":[{"count":3,"href":"https:\/\/muzeumpapiernictwa.pl\/fr\/wp-json\/wp\/v2\/pages\/4051\/revisions"}],"predecessor-version":[{"id":4067,"href":"https:\/\/muzeumpapiernictwa.pl\/fr\/wp-json\/wp\/v2\/pages\/4051\/revisions\/4067"}],"up":[{"embeddable":true,"href":"https:\/\/muzeumpapiernictwa.pl\/fr\/wp-json\/wp\/v2\/pages\/116"}],"wp:attachment":[{"href":"https:\/\/muzeumpapiernictwa.pl\/fr\/wp-json\/wp\/v2\/media?parent=4051"}],"curies":[{"name":"wp","href":"https:\/\/api.w.org\/{rel}","templated":true}]}}