{"id":3255,"date":"2014-12-15T17:31:13","date_gmt":"2014-12-15T16:31:13","guid":{"rendered":"http:\/\/muzeumpapiernictwa.pl\/?page_id=3255"},"modified":"2014-12-29T16:03:59","modified_gmt":"2014-12-29T15:03:59","slug":"produkcja-papieru","status":"publish","type":"page","link":"https:\/\/muzeumpapiernictwa.pl\/fr\/education\/la-production-de-papier\/","title":{"rendered":"La production de papier"},"content":{"rendered":"<p><\/p>\n<p><\/p>\n<h3><strong>Contenu dans la pr\u00e9paration.<\/strong><\/h3>\n<h3><strong>D\u00e9sol\u00e9 et se il vous pla\u00eet revenir bient\u00f4t.<\/strong><\/h3>\n<\/p>\n<p><\/p>","protected":false},"excerpt":{"rendered":"<p>Contenu dans la pr\u00e9paration. D\u00e9sol\u00e9 et se il vous pla\u00eet revenir bient\u00f4t.<\/p>\n","protected":false},"author":1,"featured_media":0,"parent":170,"menu_order":840,"comment_status":"open","ping_status":"open","template":"","meta":{"_acf_changed":false,"ngg_post_thumbnail":0,"footnotes":""},"class_list":["post-3255","page","type-page","status-publish","hentry"],"acf":[],"_links":{"self":[{"href":"https:\/\/muzeumpapiernictwa.pl\/fr\/wp-json\/wp\/v2\/pages\/3255","targetHints":{"allow":["GET"]}}],"collection":[{"href":"https:\/\/muzeumpapiernictwa.pl\/fr\/wp-json\/wp\/v2\/pages"}],"about":[{"href":"https:\/\/muzeumpapiernictwa.pl\/fr\/wp-json\/wp\/v2\/types\/page"}],"author":[{"embeddable":true,"href":"https:\/\/muzeumpapiernictwa.pl\/fr\/wp-json\/wp\/v2\/users\/1"}],"replies":[{"embeddable":true,"href":"https:\/\/muzeumpapiernictwa.pl\/fr\/wp-json\/wp\/v2\/comments?post=3255"}],"version-history":[{"count":2,"href":"https:\/\/muzeumpapiernictwa.pl\/fr\/wp-json\/wp\/v2\/pages\/3255\/revisions"}],"predecessor-version":[{"id":3450,"href":"https:\/\/muzeumpapiernictwa.pl\/fr\/wp-json\/wp\/v2\/pages\/3255\/revisions\/3450"}],"up":[{"embeddable":true,"href":"https:\/\/muzeumpapiernictwa.pl\/fr\/wp-json\/wp\/v2\/pages\/170"}],"wp:attachment":[{"href":"https:\/\/muzeumpapiernictwa.pl\/fr\/wp-json\/wp\/v2\/media?parent=3255"}],"curies":[{"name":"wp","href":"https:\/\/api.w.org\/{rel}","templated":true}]}}