{"id":3160,"date":"2014-12-15T12:02:10","date_gmt":"2014-12-15T11:02:10","guid":{"rendered":"http:\/\/muzeumpapiernictwa.pl\/?page_id=3160"},"modified":"2014-12-22T11:55:52","modified_gmt":"2014-12-22T10:55:52","slug":"historia-papiernictwa-polskiego","status":"publish","type":"page","link":"https:\/\/muzeumpapiernictwa.pl\/fr\/education\/histoire-du-papier\/histoire-de-la-fabrication-du-papier-polonais\/","title":{"rendered":"Histoire de la fabrication du papier polonais"},"content":{"rendered":"<p><\/p>\n<h3><strong>Contenu dans la pr\u00e9paration.<\/strong><\/h3>\n<h3><strong>D\u00e9sol\u00e9 et se il vous pla\u00eet revenir bient\u00f4t.<\/strong><\/h3>\n<p><\/p>","protected":false},"excerpt":{"rendered":"<p>Contenu dans la pr\u00e9paration. D\u00e9sol\u00e9 et se il vous pla\u00eet revenir bient\u00f4t.<\/p>\n","protected":false},"author":1,"featured_media":0,"parent":172,"menu_order":410,"comment_status":"open","ping_status":"open","template":"","meta":{"_acf_changed":false,"ngg_post_thumbnail":0,"footnotes":""},"class_list":["post-3160","page","type-page","status-publish","hentry"],"acf":[],"_links":{"self":[{"href":"https:\/\/muzeumpapiernictwa.pl\/fr\/wp-json\/wp\/v2\/pages\/3160","targetHints":{"allow":["GET"]}}],"collection":[{"href":"https:\/\/muzeumpapiernictwa.pl\/fr\/wp-json\/wp\/v2\/pages"}],"about":[{"href":"https:\/\/muzeumpapiernictwa.pl\/fr\/wp-json\/wp\/v2\/types\/page"}],"author":[{"embeddable":true,"href":"https:\/\/muzeumpapiernictwa.pl\/fr\/wp-json\/wp\/v2\/users\/1"}],"replies":[{"embeddable":true,"href":"https:\/\/muzeumpapiernictwa.pl\/fr\/wp-json\/wp\/v2\/comments?post=3160"}],"version-history":[{"count":2,"href":"https:\/\/muzeumpapiernictwa.pl\/fr\/wp-json\/wp\/v2\/pages\/3160\/revisions"}],"predecessor-version":[{"id":3383,"href":"https:\/\/muzeumpapiernictwa.pl\/fr\/wp-json\/wp\/v2\/pages\/3160\/revisions\/3383"}],"up":[{"embeddable":true,"href":"https:\/\/muzeumpapiernictwa.pl\/fr\/wp-json\/wp\/v2\/pages\/172"}],"wp:attachment":[{"href":"https:\/\/muzeumpapiernictwa.pl\/fr\/wp-json\/wp\/v2\/media?parent=3160"}],"curies":[{"name":"wp","href":"https:\/\/api.w.org\/{rel}","templated":true}]}}