{"id":3159,"date":"2014-12-15T12:02:22","date_gmt":"2014-12-15T11:02:22","guid":{"rendered":"http:\/\/muzeumpapiernictwa.pl\/?page_id=3159"},"modified":"2022-10-24T10:55:45","modified_gmt":"2022-10-24T08:55:45","slug":"wiecej-o-historii-papieru","status":"publish","type":"page","link":"https:\/\/muzeumpapiernictwa.pl\/fr\/education\/histoire-du-papier\/en-savoir-plus-sur-lhistoire-du-papier\/","title":{"rendered":"En savoir plus sur l&rsquo;histoire du papier"},"content":{"rendered":"<p><\/p>\n<p><\/p>\n<h3><strong>Contenu dans la pr\u00e9paration.<\/strong><\/h3>\n<h3><strong>D\u00e9sol\u00e9 et se il vous pla\u00eet revenir bient\u00f4t.<\/strong><\/h3>\n<\/p>\n<p><\/p>","protected":false},"excerpt":{"rendered":"<p>Contenu dans la pr\u00e9paration. D\u00e9sol\u00e9 et se il vous pla\u00eet revenir bient\u00f4t.<\/p>\n","protected":false},"author":1,"featured_media":0,"parent":172,"menu_order":983,"comment_status":"open","ping_status":"open","template":"","meta":{"_acf_changed":false,"ngg_post_thumbnail":0,"footnotes":""},"class_list":["post-3159","page","type-page","status-publish","hentry"],"acf":[],"_links":{"self":[{"href":"https:\/\/muzeumpapiernictwa.pl\/fr\/wp-json\/wp\/v2\/pages\/3159","targetHints":{"allow":["GET"]}}],"collection":[{"href":"https:\/\/muzeumpapiernictwa.pl\/fr\/wp-json\/wp\/v2\/pages"}],"about":[{"href":"https:\/\/muzeumpapiernictwa.pl\/fr\/wp-json\/wp\/v2\/types\/page"}],"author":[{"embeddable":true,"href":"https:\/\/muzeumpapiernictwa.pl\/fr\/wp-json\/wp\/v2\/users\/1"}],"replies":[{"embeddable":true,"href":"https:\/\/muzeumpapiernictwa.pl\/fr\/wp-json\/wp\/v2\/comments?post=3159"}],"version-history":[{"count":9,"href":"https:\/\/muzeumpapiernictwa.pl\/fr\/wp-json\/wp\/v2\/pages\/3159\/revisions"}],"predecessor-version":[{"id":19533,"href":"https:\/\/muzeumpapiernictwa.pl\/fr\/wp-json\/wp\/v2\/pages\/3159\/revisions\/19533"}],"up":[{"embeddable":true,"href":"https:\/\/muzeumpapiernictwa.pl\/fr\/wp-json\/wp\/v2\/pages\/172"}],"wp:attachment":[{"href":"https:\/\/muzeumpapiernictwa.pl\/fr\/wp-json\/wp\/v2\/media?parent=3159"}],"curies":[{"name":"wp","href":"https:\/\/api.w.org\/{rel}","templated":true}]}}