{"id":303,"date":"2014-11-21T12:17:18","date_gmt":"2014-11-21T11:17:18","guid":{"rendered":"http:\/\/muzeumpapiernictwa.pl\/?page_id=303"},"modified":"2017-08-29T10:07:53","modified_gmt":"2017-08-29T08:07:53","slug":"wystawy-czasowe","status":"publish","type":"page","link":"https:\/\/muzeumpapiernictwa.pl\/fr\/musee\/expositions\/expositions-temporelles\/","title":{"rendered":"Expositions temporelles"},"content":{"rendered":"<p>Une partie tr\u00e8s importante des activit\u00e9s culturelles du Mus\u00e9e sont des expositions temporaires. Elles reprennent habituellement le th\u00e8me du papier &#8211; dans une dimension maximale, ce sont des expositions d&rsquo;art du papier, une partie des expositions est consacr\u00e9e \u00e0 l&rsquo;\u0153uvre artistique \u00e9mergente sur papier (graphisme, peinture), d&rsquo;autres \u00e0 l&rsquo;histoire des techniques de fabrication du papier, d&rsquo;impression, elles pr\u00e9sentent des groupes des produits en papier (billets de banque, substituts mon\u00e9taires, passeports).<\/p>\n<p>Les expositions historiques pr\u00e9sent\u00e9es dans les galeries du Mus\u00e9e concernent principalement Duszniki-Zdr\u00f3j, la terre de K\u0142odzko et la Basse-Sil\u00e9sie. Certaines pr\u00e9sentations sont li\u00e9es au fonctionnement du Mus\u00e9e dans l&rsquo;environnement local &#8211; elles concernent les \u0153uvres des artistes locaux, y compris les plus jeunes.<\/p>\n<p>Nous organisons 10-12 expositions temporaires par an, en outre, des plein airs et de nombreuses manifestations comm\u00e9moratives. La dur\u00e9e moyenne de l&rsquo;exposition c&rsquo;est environ un mois. Elles sont souvent accompagn\u00e9es de catalogues d&rsquo;expositions. Les expositions sont largement promues, principalement par la page Web, des m\u00e9dias sociaux et locaux.<\/p>\n<p>Les expositions sont organis\u00e9es dans une galerie situ\u00e9e dans d&rsquo;anciens appartements d&rsquo;\u00e9t\u00e9 du b\u00e2timent principal de la papeterie. Afin de d\u00e9velopper son activit\u00e9 dans ce domaine, en 2008 le Mus\u00e9e a adapt\u00e9 une pi\u00e8ce adjacente, utilis\u00e9e pr\u00e9c\u00e9demment au s\u00e9chage du papier fait \u00e0 la main, y arrangeant un espace d&rsquo;exposition pr\u00e9par\u00e9 professionnellement. Cependant, en 2012, apr\u00e8s le commencement du projet de reconstruction et d&rsquo;adaptation du s\u00e9choir, il \u00e9tait n\u00e9cessaire de d\u00e9m\u00e9nager les bureaux qui y fonctionnaient pour la p\u00e9riode de travaux. \u00c0 d\u00e9faut des autres pi\u00e8ces, ils ont d\u00fb \u00eatre plac\u00e9s pr\u00e9cis\u00e9ment dans la nouvelle salle d&rsquo;exposition. Seulement apr\u00e8s l\u2019ach\u00e8vement du projet de reconstruction et d&rsquo;adaptation du s\u00e9choir cette pi\u00e8ce reprendra sa fonction de l&rsquo;espace d&rsquo;activit\u00e9 artistique.<\/p>","protected":false},"excerpt":{"rendered":"<p>Une partie tr\u00e8s importante des activit\u00e9s culturelles du Mus\u00e9e sont des expositions temporaires. Elles reprennent habituellement le th\u00e8me du papier &#8211; dans une dimension maximale, ce sont des expositions d&rsquo;art du papier, une partie des expositions est consacr\u00e9e \u00e0 l&rsquo;\u0153uvre artistique \u00e9mergente sur papier (graphisme, peinture), d&rsquo;autres \u00e0 l&rsquo;histoire des techniques de fabrication du papier, [&hellip;]<\/p>\n","protected":false},"author":1,"featured_media":0,"parent":89,"menu_order":1023,"comment_status":"open","ping_status":"open","template":"","meta":{"_acf_changed":false,"ngg_post_thumbnail":0,"footnotes":""},"class_list":["post-303","page","type-page","status-publish","hentry"],"acf":[],"_links":{"self":[{"href":"https:\/\/muzeumpapiernictwa.pl\/fr\/wp-json\/wp\/v2\/pages\/303","targetHints":{"allow":["GET"]}}],"collection":[{"href":"https:\/\/muzeumpapiernictwa.pl\/fr\/wp-json\/wp\/v2\/pages"}],"about":[{"href":"https:\/\/muzeumpapiernictwa.pl\/fr\/wp-json\/wp\/v2\/types\/page"}],"author":[{"embeddable":true,"href":"https:\/\/muzeumpapiernictwa.pl\/fr\/wp-json\/wp\/v2\/users\/1"}],"replies":[{"embeddable":true,"href":"https:\/\/muzeumpapiernictwa.pl\/fr\/wp-json\/wp\/v2\/comments?post=303"}],"version-history":[{"count":11,"href":"https:\/\/muzeumpapiernictwa.pl\/fr\/wp-json\/wp\/v2\/pages\/303\/revisions"}],"predecessor-version":[{"id":9937,"href":"https:\/\/muzeumpapiernictwa.pl\/fr\/wp-json\/wp\/v2\/pages\/303\/revisions\/9937"}],"up":[{"embeddable":true,"href":"https:\/\/muzeumpapiernictwa.pl\/fr\/wp-json\/wp\/v2\/pages\/89"}],"wp:attachment":[{"href":"https:\/\/muzeumpapiernictwa.pl\/fr\/wp-json\/wp\/v2\/media?parent=303"}],"curies":[{"name":"wp","href":"https:\/\/api.w.org\/{rel}","templated":true}]}}