{"id":295,"date":"2014-11-21T11:45:47","date_gmt":"2014-11-21T10:45:47","guid":{"rendered":"http:\/\/muzeumpapiernictwa.pl\/?page_id=295"},"modified":"2024-06-21T10:44:20","modified_gmt":"2024-06-21T08:44:20","slug":"swieto-papieru","status":"publish","type":"page","link":"https:\/\/muzeumpapiernictwa.pl\/fr\/papeterie\/fete-du-papier\/","title":{"rendered":"F\u00eate du papier"},"content":{"rendered":"<p>Une sorte de point culminant de l&rsquo;activit\u00e9 principale du Mus\u00e9e de la Papeterie est la F\u00eate du Papier. C&rsquo;est notre plus grande manifestation de deux jours, organis\u00e9e chaque ann\u00e9e depuis 2001 le dernier week-end de juillet \u2014 l&rsquo;anniversaire de la cr\u00e9ation du Mus\u00e9e.Festival vise \u00e0 promouvoir la connaissance du papier, son histoire, son importance pour le d\u00e9veloppement de la civilisation et de la culture et son r\u00f4le dans le monde moderne. La manifestation promeut le moulin \u00e0 papier, les cr\u00e9ateurs de produits r\u00e9gionaux et elle popularise un tourisme actif.<\/p>\n<p>L\u2019id\u00e9e de la F\u00eate du Papier est d&rsquo;offrir aux visiteurs la possibilit\u00e9 de participer activement aux ateliers et de prendre le r\u00e9sultat de son travail. Le syst\u00e8me des stands est con\u00e7u de cette fa\u00e7on, afin que les visiteurs commencent par conna\u00eetre des mat\u00e9riaux et des mati\u00e8res premi\u00e8res et qu&rsquo;ils suivent ensuite le chemin de la fabrication du papier (papier puis\u00e9 par les visiteurs), ils \u00e9tudient ses caract\u00e9ristiques et ses propri\u00e9t\u00e9s (\u00e9quipement historique de m\u00e9trologie), ils apprennent les techniques de l&rsquo;impression (concave et convexe) et les m\u00e9thodes traditionnelles de d\u00e9corer le papier (persillage, chin\u00e9 \u00e0 la branche, batik). Ensuite, il y a de nombreuses comp\u00e9titions avec des prix de valeur &#8211; celles d&rsquo;habilet\u00e9 (lancer \u00e0 la cible un rouleau de papier de toilette), et celles associ\u00e9es \u00e0 la connaissance de base sur le papier et sur le Mus\u00e9e de la Papeterie. Pour compl\u00e9ter les attractions, il y a des stands des artistes de l&rsquo;art du papier et ceux d&rsquo;artisanat ou de produits r\u00e9gionaux n&rsquo;ayant pas de rapport avec le papier. Chaque ann\u00e9e pendant la f\u00eate ouvrent aussi des expositions de l&rsquo;art du papier.<\/p>","protected":false},"excerpt":{"rendered":"<p>Une sorte de point culminant de l&rsquo;activit\u00e9 principale du Mus\u00e9e de la Papeterie est la F\u00eate du Papier. C&rsquo;est notre plus grande manifestation de deux jours, organis\u00e9e chaque ann\u00e9e depuis 2001 le dernier week-end de juillet \u2014 l&rsquo;anniversaire de la cr\u00e9ation du Mus\u00e9e.Festival vise \u00e0 promouvoir la connaissance du papier, son histoire, son importance pour [&hellip;]<\/p>\n","protected":false},"author":1,"featured_media":0,"parent":116,"menu_order":190,"comment_status":"open","ping_status":"open","template":"","meta":{"_acf_changed":false,"ngg_post_thumbnail":0,"footnotes":""},"class_list":["post-295","page","type-page","status-publish","hentry"],"acf":[],"_links":{"self":[{"href":"https:\/\/muzeumpapiernictwa.pl\/fr\/wp-json\/wp\/v2\/pages\/295","targetHints":{"allow":["GET"]}}],"collection":[{"href":"https:\/\/muzeumpapiernictwa.pl\/fr\/wp-json\/wp\/v2\/pages"}],"about":[{"href":"https:\/\/muzeumpapiernictwa.pl\/fr\/wp-json\/wp\/v2\/types\/page"}],"author":[{"embeddable":true,"href":"https:\/\/muzeumpapiernictwa.pl\/fr\/wp-json\/wp\/v2\/users\/1"}],"replies":[{"embeddable":true,"href":"https:\/\/muzeumpapiernictwa.pl\/fr\/wp-json\/wp\/v2\/comments?post=295"}],"version-history":[{"count":23,"href":"https:\/\/muzeumpapiernictwa.pl\/fr\/wp-json\/wp\/v2\/pages\/295\/revisions"}],"predecessor-version":[{"id":22880,"href":"https:\/\/muzeumpapiernictwa.pl\/fr\/wp-json\/wp\/v2\/pages\/295\/revisions\/22880"}],"up":[{"embeddable":true,"href":"https:\/\/muzeumpapiernictwa.pl\/fr\/wp-json\/wp\/v2\/pages\/116"}],"wp:attachment":[{"href":"https:\/\/muzeumpapiernictwa.pl\/fr\/wp-json\/wp\/v2\/media?parent=295"}],"curies":[{"name":"wp","href":"https:\/\/api.w.org\/{rel}","templated":true}]}}