{"id":2513,"date":"2014-12-08T14:07:41","date_gmt":"2014-12-08T13:07:41","guid":{"rendered":"http:\/\/muzeumpapiernictwa.pl\/?page_id=2513"},"modified":"2026-04-07T16:39:52","modified_gmt":"2026-04-07T14:39:52","slug":"kontakt","status":"publish","type":"page","link":"https:\/\/muzeumpapiernictwa.pl\/fr\/contact\/","title":{"rendered":"Contact"},"content":{"rendered":"<p><\/p>\n<h3><strong>THE DUSZNIKI ZDR\u00d3J MUSEUM OF PAPERMAKING<\/strong><\/h3>\n<p>ul. K\u0142odzka 42, 57-340 Duszniki Zdr\u00f3j<\/p>\n<p>tel: \u00a0+48\u00a0<strong>748-627-400<\/strong><\/p>\n<p>fax: +48\u00a0<strong>748-627-410<\/strong><\/p>\n<p>e-mail: <span id=\"cloak88655\"><a title=\"[GMCP] Compose a new mail to biuro@muzpap.pl\" href=\"mailto:biuro@muzpap.pl\" rel=\"noreferrer\" class=\"clean\">biuro@muzpap.pl<\/a><\/span><\/p>\n<p><iframe loading=\"lazy\" style=\"border: 0;\" src=\"https:\/\/www.google.com\/maps\/embed?pb=!1m14!1m8!1m3!1d5085.922903365292!2d16.395592!3d50.40455599999997!3m2!1i1024!2i768!4f13.1!3m3!1m2!1s0x470e6cef863f9d33%3A0x402c878f9fdc11fb!2sMuzeum+Papiernictwa+w+Dusznikach+Zdroju!5e0!3m2!1spl!2spl!4v1418045493740\" width=\"100%\" height=\"350px\" frameborder=\"0\"><\/iframe><\/p>\n<\/p>\n<p><img loading=\"lazy\" decoding=\"async\" src=\"http:\/\/muzeumpapiernictwa.pl\/wp-content\/uploads\/2014\/12\/1024px-Parking_icon.svg_.png\" alt=\"1024px-Parking_icon.svg\" width=\"120\" height=\"120\" class=\"alignleft size-full wp-image-3689\" \/><\/p>\n<\/p>\n<p><\/p>","protected":false},"excerpt":{"rendered":"<p>THE DUSZNIKI ZDR\u00d3J MUSEUM OF PAPERMAKING ul. K\u0142odzka 42, 57-340 Duszniki Zdr\u00f3j tel: \u00a0+48\u00a0748-627-400 fax: +48\u00a0748-627-410 e-mail: biuro@muzpap.pl<\/p>\n","protected":false},"author":1,"featured_media":0,"parent":0,"menu_order":145,"comment_status":"open","ping_status":"open","template":"","meta":{"_acf_changed":false,"ngg_post_thumbnail":0,"footnotes":""},"class_list":["post-2513","page","type-page","status-publish","hentry"],"acf":[],"_links":{"self":[{"href":"https:\/\/muzeumpapiernictwa.pl\/fr\/wp-json\/wp\/v2\/pages\/2513","targetHints":{"allow":["GET"]}}],"collection":[{"href":"https:\/\/muzeumpapiernictwa.pl\/fr\/wp-json\/wp\/v2\/pages"}],"about":[{"href":"https:\/\/muzeumpapiernictwa.pl\/fr\/wp-json\/wp\/v2\/types\/page"}],"author":[{"embeddable":true,"href":"https:\/\/muzeumpapiernictwa.pl\/fr\/wp-json\/wp\/v2\/users\/1"}],"replies":[{"embeddable":true,"href":"https:\/\/muzeumpapiernictwa.pl\/fr\/wp-json\/wp\/v2\/comments?post=2513"}],"version-history":[{"count":139,"href":"https:\/\/muzeumpapiernictwa.pl\/fr\/wp-json\/wp\/v2\/pages\/2513\/revisions"}],"predecessor-version":[{"id":25510,"href":"https:\/\/muzeumpapiernictwa.pl\/fr\/wp-json\/wp\/v2\/pages\/2513\/revisions\/25510"}],"wp:attachment":[{"href":"https:\/\/muzeumpapiernictwa.pl\/fr\/wp-json\/wp\/v2\/media?parent=2513"}],"curies":[{"name":"wp","href":"https:\/\/api.w.org\/{rel}","templated":true}]}}