{"id":21813,"date":"2023-12-22T10:25:53","date_gmt":"2023-12-22T09:25:53","guid":{"rendered":"https:\/\/muzeumpapiernictwa.pl\/?page_id=21813"},"modified":"2023-12-22T10:29:29","modified_gmt":"2023-12-22T09:29:29","slug":"zyczymy-i-zapraszamy","status":"publish","type":"page","link":"https:\/\/muzeumpapiernictwa.pl\/fr\/actualites\/nous-vous-souhaitons-et-vous-invitons\/","title":{"rendered":"Nous vous souhaitons et vous invitons"},"content":{"rendered":"<p><\/p>\n<p>Nous vous souhaitons un No\u00ebl sain, paisible et joyeux et tout le meilleur pour 2024.<\/p>\n<p>Nous vous invitons \u00e0 visiter le Mus\u00e9e de la Papeterie pendant la p\u00e9riode de No\u00ebl et des f\u00eates.<\/p>\n<p>Horaires d&rsquo;ouvertures:<\/p>\n<p>24-26 d\u00e9cembre \u2013 ferm\u00e9<\/p>\n<p>27-31 d\u00e9cembre \u2013 9h00-15h00<\/p>\n<p>1er janvier \u2013 ferm\u00e9<\/p>\n<p>2-5 janvier \u2013 9h00-15h00<\/p>\n<p>6 janvier \u2013 ferm\u00e9<\/p>\n<p>7-14 janvier \u2013 9h00-15h00<\/p>\n<p>8 janvier \u2013 ferm\u00e9<\/p>\n<p>9-14 janvier \u2013 9h00-15h00<\/p>\n<p>15 janvier au 25 f\u00e9vrier<br \/>\nDu lundi au samedi 9h00-18h00, dimanche. 9h00-16h00<\/p>\n<p>&nbsp;<\/p>\n<p><img loading=\"lazy\" decoding=\"async\" class=\"alignleft wp-image-21815\" src=\"https:\/\/muzeumpapiernictwa.pl\/wp-content\/uploads\/2023\/12\/2023-12-karta-swiateczna-MP-awers.jpg\" alt=\"\" width=\"700\" height=\"502\" srcset=\"https:\/\/muzeumpapiernictwa.pl\/wp-content\/uploads\/2023\/12\/2023-12-karta-swiateczna-MP-awers.jpg 1795w, https:\/\/muzeumpapiernictwa.pl\/wp-content\/uploads\/2023\/12\/2023-12-karta-swiateczna-MP-awers-300x215.jpg 300w, https:\/\/muzeumpapiernictwa.pl\/wp-content\/uploads\/2023\/12\/2023-12-karta-swiateczna-MP-awers-1024x734.jpg 1024w, https:\/\/muzeumpapiernictwa.pl\/wp-content\/uploads\/2023\/12\/2023-12-karta-swiateczna-MP-awers-768x551.jpg 768w, https:\/\/muzeumpapiernictwa.pl\/wp-content\/uploads\/2023\/12\/2023-12-karta-swiateczna-MP-awers-600x430.jpg 600w, https:\/\/muzeumpapiernictwa.pl\/wp-content\/uploads\/2023\/12\/2023-12-karta-swiateczna-MP-awers-1536x1101.jpg 1536w\" sizes=\"auto, (max-width: 700px) 100vw, 700px\" \/><\/p>\n<p><\/p>","protected":false},"excerpt":{"rendered":"<p>Nous vous souhaitons un No\u00ebl sain, paisible et joyeux et tout le meilleur pour 2024. Nous vous invitons \u00e0 visiter le Mus\u00e9e de la Papeterie pendant la p\u00e9riode de No\u00ebl et des f\u00eates. Horaires d&rsquo;ouvertures: 24-26 d\u00e9cembre \u2013 ferm\u00e9 27-31 d\u00e9cembre \u2013 9h00-15h00 1er janvier \u2013 ferm\u00e9 2-5 janvier \u2013 9h00-15h00 6 janvier \u2013 ferm\u00e9 [&hellip;]<\/p>\n","protected":false},"author":2,"featured_media":21815,"parent":137,"menu_order":1,"comment_status":"closed","ping_status":"closed","template":"","meta":{"_acf_changed":false,"ngg_post_thumbnail":0,"footnotes":""},"class_list":["post-21813","page","type-page","status-publish","has-post-thumbnail","hentry"],"acf":[],"_links":{"self":[{"href":"https:\/\/muzeumpapiernictwa.pl\/fr\/wp-json\/wp\/v2\/pages\/21813","targetHints":{"allow":["GET"]}}],"collection":[{"href":"https:\/\/muzeumpapiernictwa.pl\/fr\/wp-json\/wp\/v2\/pages"}],"about":[{"href":"https:\/\/muzeumpapiernictwa.pl\/fr\/wp-json\/wp\/v2\/types\/page"}],"author":[{"embeddable":true,"href":"https:\/\/muzeumpapiernictwa.pl\/fr\/wp-json\/wp\/v2\/users\/2"}],"replies":[{"embeddable":true,"href":"https:\/\/muzeumpapiernictwa.pl\/fr\/wp-json\/wp\/v2\/comments?post=21813"}],"version-history":[{"count":5,"href":"https:\/\/muzeumpapiernictwa.pl\/fr\/wp-json\/wp\/v2\/pages\/21813\/revisions"}],"predecessor-version":[{"id":21820,"href":"https:\/\/muzeumpapiernictwa.pl\/fr\/wp-json\/wp\/v2\/pages\/21813\/revisions\/21820"}],"up":[{"embeddable":true,"href":"https:\/\/muzeumpapiernictwa.pl\/fr\/wp-json\/wp\/v2\/pages\/137"}],"wp:featuredmedia":[{"embeddable":true,"href":"https:\/\/muzeumpapiernictwa.pl\/fr\/wp-json\/wp\/v2\/media\/21815"}],"wp:attachment":[{"href":"https:\/\/muzeumpapiernictwa.pl\/fr\/wp-json\/wp\/v2\/media?parent=21813"}],"curies":[{"name":"wp","href":"https:\/\/api.w.org\/{rel}","templated":true}]}}