{"id":20134,"date":"2023-03-02T11:27:18","date_gmt":"2023-03-02T10:27:18","guid":{"rendered":"https:\/\/muzeumpapiernictwa.pl\/?page_id=20134"},"modified":"2023-03-24T10:24:47","modified_gmt":"2023-03-24T09:24:47","slug":"z-przykroscia-informujemy-o-odejsciu-pana-kazuo-yamaguchi-1931-2023","status":"publish","type":"page","link":"https:\/\/muzeumpapiernictwa.pl\/fr\/actualites\/z-przykroscia-informujemy-o-odejsciu-pana-kazuo-yamaguchi-1931-2023\/","title":{"rendered":"Nous avons le regret d\u2019informer que M. Kazuo Yamaguchi (1931-2023) est d\u00e9c\u00e9d\u00e9"},"content":{"rendered":"<p><\/p>\n<p><strong>Kazuo Yamaguchi \u2013 l\u2019artisan du papier japonais, porteur du titre de l\u2019Artisan Traditionnel (Dent\u014d Kougeishi), proprietaire de l\u2019atelier de la fabrication du papier artisanal \u00e0 Echizen, l\u2019ami de la Pologne et des professionnels des mus\u00e9es polonais &#8211; est d\u00e9c\u00e9d\u00e9 le 17 f\u00e9vrier 2023, \u00e0 l\u2019\u00e2ge de 92 ans.<\/strong><\/p>\n<p>Yamaguchi est n\u00e9 le 17 janvier 1931 \u00e0 Echizen, dans une famille dont l\u2019histoire avait \u00e9t\u00e9 marqu\u00e9e par la fabrication artisanale du papier depuis au moins quelques g\u00e9n\u00e9rations. Son p\u00e8re et grand-p\u00e8re, tous deux ont \u00e9t\u00e9 artisans du papier et il se peut qu\u2019aussi ses anc\u00eatres plus anciens avait exerc\u00e9s cette profession.<\/p>\n<p>Sorti du coll\u00e8ge Nanetsu \u00e0 Echizen, Kazuo Yamaguchi a \u00e9t\u00e9 devenu proprietaire de l\u2019atelier familial. Il l\u2019a ensuite g\u00e9r\u00e9 avec son \u00e9pouse Kinuko Yamaguchi. En effet, il fabriquait le papier artisanal pendant 75 ans, en fournissant des feuilles de la meilleure qualit\u00e9. Son atelier a \u00e9t\u00e9 d\u00e9finitevement ferm\u00e9 en 2019, apr\u00e8s le d\u00e9c\u00e8s de Madame Kinuko. Vu son \u00e2ge avanc\u00e9, M. Kazuo n\u2019\u00e9tait pas non plus en mesure de continuer son travail, d\u2019autant plus que son fils Kazunori Yamaguchi exerce une autre profession.<\/p>\n<p>En 2021, en consultation avec son fils, M. Kazuo Yamaguchi a fait un don au Mus\u00e9e du papier \u00e0 Duszniki Zdr\u00f3j. Celui-ci a consist\u00e9en tous les \u00e9l\u00e9ments de l\u2019atelier, qui eut servi en tant que la base de l\u2019existence pour la famille au cours des d\u00e9cennies. Ce geste rev\u00eat une importance capitale non seulement pour le mus\u00e9e de Duszniki, mais aussi pour la culture polonaise. En effet, la d\u00e9cision prise par M. Yamaguchi et son fils, place la Pologne parmi les pays europ\u00e9ens peu nombreux qui peuvent se pr\u00e9valoir d\u2019objets li\u00e9s \u00e0 la fabrication artisanale du papier japonais dans ses collections. L\u2019atelier de M. Kazuo Yamaguchi &#8211; en combinaison avec les feuilles du papier artisanal originaires d\u2019Echizen &#8211; constitue l\u2019une de plus interessantes collections li\u00e9es \u00e0 la fabrication artisanale du papier japonais en Europe, stock\u00e9e au Mus\u00e9e du papier.<\/p>\n<p>La valeur historique et culturelle de l\u2019atelier, qui avait \u00e9t\u00e9 transmis aux collections publiques polonaises d\u2019une mani\u00e8re plainement honoraire, a induit prof. Piotr Gli\u0144ski, le vice-Premier ministre polonais au si\u00e8ge du minist\u00e8re polonais de la Culture et du Patrimoine national, \u00e0 d\u00e9cerner \u00e0 M. Kazuo Yamaguchi une d\u00e9coration la m\u00e9daille du M\u00e9rite culturel polonais. La c\u00e9r\u00e9monie de la remise du m\u00e9daille a eu lieu le 19 ao\u00fbt 2022 dans le si\u00e8ge de l\u2019Ambassade de la R\u00e9publique de Pologne \u00e0 Tokyo.<\/p>\n<p>Kazuo Yamaguchi a \u00e9t\u00e9 inhum\u00e9 dans le cimeti\u00e8re pr\u00e8s de la temple\u00a0Hotokuji \u00e0 Echizen (sur le territoire d\u2019un village d\u2019Otaka \u2013 le centre de la fabrication artisanale du papier japonais, \u00e9tant la partie de l\u2019agglom\u00e9ration d\u2019Echizen).<\/p>\n<p>&nbsp;<\/p>\n<hr \/>\n\n\t\t<style type=\"text\/css\">\n\t\t\t#gallery-5 {\n\t\t\t\tmargin: auto;\n\t\t\t}\n\t\t\t#gallery-5 .gallery-item {\n\t\t\t\tfloat: left;\n\t\t\t\tmargin-top: 10px;\n\t\t\t\ttext-align: center;\n\t\t\t\twidth: 33%;\n\t\t\t}\n\t\t\t#gallery-5 img {\n\t\t\t\tborder: 2px solid #cfcfcf;\n\t\t\t}\n\t\t\t#gallery-5 .gallery-caption {\n\t\t\t\tmargin-left: 0;\n\t\t\t}\n\t\t\t\/* see gallery_shortcode() in wp-includes\/media.php *\/\n\t\t<\/style>\n\t\t<div id='gallery-5' class='gallery galleryid-20134 gallery-columns-3 gallery-size-thumbnail'><dl class='gallery-item'>\n\t\t\t<dt class='gallery-icon landscape'>\n\t\t\t\t<a href='https:\/\/muzeumpapiernictwa.pl\/wp-content\/uploads\/2023\/03\/Pan-kazuo.jpg' title=\"\" data-rl_title=\"\" class=\"rl-gallery-link\" data-rl_caption=\"\" data-rel=\"lightbox-gallery-5\"><img loading=\"lazy\" decoding=\"async\" width=\"150\" height=\"150\" src=\"https:\/\/muzeumpapiernictwa.pl\/wp-content\/uploads\/2023\/03\/Pan-kazuo-150x150.jpg\" class=\"attachment-thumbnail size-thumbnail\" srcset=\"https:\/\/muzeumpapiernictwa.pl\/wp-content\/uploads\/2023\/03\/Pan-kazuo-150x150.jpg 150w, https:\/\/muzeumpapiernictwa.pl\/wp-content\/uploads\/2023\/03\/Pan-kazuo-300x300.jpg 300w, https:\/\/muzeumpapiernictwa.pl\/wp-content\/uploads\/2023\/03\/Pan-kazuo.jpg 486w\" sizes=\"auto, (max-width: 150px) 100vw, 150px\" \/><\/a>\n\t\t\t<\/dt><\/dl>\n\t\t\t<br style='clear: both' \/>\n\t\t<\/div>\n\n<p><\/p>","protected":false},"excerpt":{"rendered":"<p>Kazuo Yamaguchi \u2013 l\u2019artisan du papier japonais, porteur du titre de l\u2019Artisan Traditionnel (Dent\u014d Kougeishi), proprietaire de l\u2019atelier de la fabrication du papier artisanal \u00e0 Echizen, l\u2019ami de la Pologne et des professionnels des mus\u00e9es polonais &#8211; est d\u00e9c\u00e9d\u00e9 le 17 f\u00e9vrier 2023, \u00e0 l\u2019\u00e2ge de 92 ans. Yamaguchi est n\u00e9 le 17 janvier 1931 [&hellip;]<\/p>\n","protected":false},"author":15,"featured_media":20135,"parent":137,"menu_order":1,"comment_status":"closed","ping_status":"closed","template":"","meta":{"_acf_changed":false,"ngg_post_thumbnail":0,"footnotes":""},"class_list":["post-20134","page","type-page","status-publish","has-post-thumbnail","hentry"],"acf":[],"_links":{"self":[{"href":"https:\/\/muzeumpapiernictwa.pl\/fr\/wp-json\/wp\/v2\/pages\/20134","targetHints":{"allow":["GET"]}}],"collection":[{"href":"https:\/\/muzeumpapiernictwa.pl\/fr\/wp-json\/wp\/v2\/pages"}],"about":[{"href":"https:\/\/muzeumpapiernictwa.pl\/fr\/wp-json\/wp\/v2\/types\/page"}],"author":[{"embeddable":true,"href":"https:\/\/muzeumpapiernictwa.pl\/fr\/wp-json\/wp\/v2\/users\/15"}],"replies":[{"embeddable":true,"href":"https:\/\/muzeumpapiernictwa.pl\/fr\/wp-json\/wp\/v2\/comments?post=20134"}],"version-history":[{"count":2,"href":"https:\/\/muzeumpapiernictwa.pl\/fr\/wp-json\/wp\/v2\/pages\/20134\/revisions"}],"predecessor-version":[{"id":20236,"href":"https:\/\/muzeumpapiernictwa.pl\/fr\/wp-json\/wp\/v2\/pages\/20134\/revisions\/20236"}],"up":[{"embeddable":true,"href":"https:\/\/muzeumpapiernictwa.pl\/fr\/wp-json\/wp\/v2\/pages\/137"}],"wp:featuredmedia":[{"embeddable":true,"href":"https:\/\/muzeumpapiernictwa.pl\/fr\/wp-json\/wp\/v2\/media\/20135"}],"wp:attachment":[{"href":"https:\/\/muzeumpapiernictwa.pl\/fr\/wp-json\/wp\/v2\/media?parent=20134"}],"curies":[{"name":"wp","href":"https:\/\/api.w.org\/{rel}","templated":true}]}}