{"id":18970,"date":"2022-07-12T07:38:34","date_gmt":"2022-07-12T05:38:34","guid":{"rendered":"https:\/\/muzeumpapiernictwa.pl\/?page_id=18970"},"modified":"2022-07-12T14:26:35","modified_gmt":"2022-07-12T12:26:35","slug":"za-siodma-gora-za-siodma-rzeka-czyli-o-tym-jak-japonski-warsztat-papierniczy-trafil-do-muzeum","status":"publish","type":"page","link":"https:\/\/muzeumpapiernictwa.pl\/fr\/actualites\/za-siodma-gora-za-siodma-rzeka-czyli-o-tym-jak-japonski-warsztat-papierniczy-trafil-do-muzeum\/","title":{"rendered":"Atelier de papier japonais au Mus\u00e9e du moulin de papier"},"content":{"rendered":"<p><\/p>\n<p><strong>Un atelier de fabrication de papier original, provenant du village japonais d&rsquo;Echizen, o\u00f9 les traditions de fabrication du papier remontent \u00e0 1300 ans, a r\u00e9cemment \u00e9t\u00e9 ajout\u00e9 \u00e0 la collection du Mus\u00e9e du moulin \u00e0 papier. La donation comprend du mat\u00e9riel de fabrication du papier, un autel avec une statue de la d\u00e9esse du papier Kawakami Gozen et une grande collection de feuilles de washi, un cadeau de la famille Yamaguchi et de nombreux autres papetiers actifs dans le village. Gr\u00e2ce \u00e0 des donateurs japonais, le Mus\u00e9e du moulin \u00e0 papier poss\u00e8de l&rsquo;une des collections les plus int\u00e9ressantes sur la papeterie japonaise sur notre continent. Une importante collection de feuilles de washi japonaises se trouve dans deux autres mus\u00e9es europ\u00e9ens : Victoria and Albert Museum de Londres et le Mus\u00e9e ethnographique de Leyde. Cependant, ce n&rsquo;est qu&rsquo;\u00e0 Duszniki que l&rsquo;on peut voir tous les \u00e9quipements utilis\u00e9s pour produire les feuilles de papier. Ainsi, le moulin \u00e0 papier de Duszniki n&rsquo;est pas seulement un lieu important pour le maintien des traditions papeti\u00e8res europ\u00e9ennes, mais elle devient \u00e9galement un point de collecte de plus en plus important d&rsquo;objets et de connaissances sur la fabrication du papier \u00e0 l&rsquo;\u00e9chelle mondiale. <\/strong><\/p>\n<p><strong>Nous vous invitons \u00e0 d\u00e9couvrir la collection japonaise pendant une exposition au Mus\u00e9e du moulin \u00e0 papier du 8 juillet au 2 octobre 2022.<\/strong><\/p>\n<p>Certains des outils inclus dans la collection datent de la premi\u00e8re moiti\u00e9 du XX<sup>e<\/sup> si\u00e8cle, mais la plupart d&rsquo;entre eux datent de la fin du si\u00e8cle dernier. On peut y voir, entre autres, un plateau pour fouetter les mati\u00e8res premi\u00e8res, une louche de grand format, un ensemble de tamis pour cr\u00e9er de grands formats de papier, un plateau pour les \u00e9teindre, et un ensemble de planches pour s\u00e9cher et lisser les feuilles. Il est difficile de d\u00e9terminer clairement la date de cr\u00e9ation de l&rsquo;atelier de la famille Yamaguchi, mais il a certainement plus de 120 ans. Il s&rsquo;agit donc d&rsquo;un t\u00e9moignage de l&rsquo;artisanat traditionnel japonais du papier. M. Kazuo Yamaguchi lui-m\u00eame a \u00e9t\u00e9 impliqu\u00e9 dans la fabrication du papier pendant environ 75 ans. Les archives familiales indiquent qu&rsquo;il est un repr\u00e9sentant d&rsquo;au moins la troisi\u00e8me g\u00e9n\u00e9ration de ma\u00eetres du papier.<\/p>\n<p>Aujourd&rsquo;hui encore, l&rsquo;atelier de papeterie d&rsquo;Echizen reste une source d&rsquo;excellents produits en papier, pris\u00e9s entre autres par la cour imp\u00e9riale. L&rsquo;art de la fabrication du papier washi rev\u00eat une grande importance pour le d\u00e9veloppement de la civilisation japonaise, preuve en est qu&rsquo;il a \u00e9t\u00e9 inscrit sur la liste du patrimoine immat\u00e9riel de l&rsquo;UNESCO en 2014. Les feuilles de washi sont fabriqu\u00e9es \u00e0 partir des plantes gampi, m\u00fbrier \u00e0 papier ou mitsumata que l&rsquo;on trouve au Japon, et bien qu&rsquo;elles puissent \u00eatre tr\u00e8s fines, elles sont beaucoup plus durables que les feuilles de cellulose utilis\u00e9es en Occident. Gr\u00e2ce \u00e0 l&rsquo;utilisation d&rsquo;\u00e9crans grand format, les washi peuvent avoir des formats plusieurs fois plus grands que les feuilles produites dans les papeteries europ\u00e9ennes. Ils ne sont pas seulement utilis\u00e9s pour l&rsquo;\u00e9criture, mais aussi pour la fabrication de v\u00eatements, d&rsquo;ornements, de mobilier d&rsquo;int\u00e9rieur, la pr\u00e9servation des monuments historiques et des \u0153uvres d&rsquo;art.<\/p>\n<p>Le papier washi fascine de nombreux Europ\u00e9ens depuis des si\u00e8cles. Gr\u00e2ce \u00e0 l&rsquo;exposition du Mus\u00e9e du moulin \u00e0 papier, il ne sera pas n\u00e9cessaire de se rendre au Japon pour voir l&rsquo;atelier d&rsquo;origine du papier washi et les feuilles produites par les ma\u00eetres papetiers d&rsquo;Echizen.<\/p>\n<p>L&rsquo;exposition a \u00e9t\u00e9 pr\u00e9par\u00e9e en collaboration avec Joanna Koko\u0107, l&rsquo;initiatrice de la venue de l&rsquo;atelier de papier japonais en Pologne, et Wojciech Luchowski. L&rsquo;ambassade du Japon en Pologne est un m\u00e9c\u00e8ne honoraire de l&rsquo;exposition.<\/p>\n<hr \/>\n\n\t\t<style type=\"text\/css\">\n\t\t\t#gallery-6 {\n\t\t\t\tmargin: auto;\n\t\t\t}\n\t\t\t#gallery-6 .gallery-item {\n\t\t\t\tfloat: left;\n\t\t\t\tmargin-top: 10px;\n\t\t\t\ttext-align: center;\n\t\t\t\twidth: 33%;\n\t\t\t}\n\t\t\t#gallery-6 img {\n\t\t\t\tborder: 2px solid #cfcfcf;\n\t\t\t}\n\t\t\t#gallery-6 .gallery-caption {\n\t\t\t\tmargin-left: 0;\n\t\t\t}\n\t\t\t\/* see gallery_shortcode() in wp-includes\/media.php *\/\n\t\t<\/style>\n\t\t<div id='gallery-6' class='gallery galleryid-18970 gallery-columns-3 gallery-size-thumbnail'><dl class='gallery-item'>\n\t\t\t<dt class='gallery-icon portrait'>\n\t\t\t\t<a href='https:\/\/muzeumpapiernictwa.pl\/wp-content\/uploads\/2022\/07\/MUP_5343-Edit.jpg' title=\"\" data-rl_title=\"\" class=\"rl-gallery-link\" data-rl_caption=\"\" data-rel=\"lightbox-gallery-6\"><img loading=\"lazy\" decoding=\"async\" width=\"150\" height=\"150\" src=\"https:\/\/muzeumpapiernictwa.pl\/wp-content\/uploads\/2022\/07\/MUP_5343-Edit-150x150.jpg\" class=\"attachment-thumbnail size-thumbnail\" \/><\/a>\n\t\t\t<\/dt><\/dl><dl class='gallery-item'>\n\t\t\t<dt class='gallery-icon landscape'>\n\t\t\t\t<a href='https:\/\/muzeumpapiernictwa.pl\/wp-content\/uploads\/2022\/07\/MUP_5372-Edit.jpg' title=\"\" data-rl_title=\"\" class=\"rl-gallery-link\" data-rl_caption=\"\" data-rel=\"lightbox-gallery-6\"><img loading=\"lazy\" decoding=\"async\" width=\"150\" height=\"150\" src=\"https:\/\/muzeumpapiernictwa.pl\/wp-content\/uploads\/2022\/07\/MUP_5372-Edit-150x150.jpg\" class=\"attachment-thumbnail size-thumbnail\" \/><\/a>\n\t\t\t<\/dt><\/dl><dl class='gallery-item'>\n\t\t\t<dt class='gallery-icon landscape'>\n\t\t\t\t<a href='https:\/\/muzeumpapiernictwa.pl\/wp-content\/uploads\/2022\/07\/MUP_5516.jpg' title=\"\" data-rl_title=\"\" class=\"rl-gallery-link\" data-rl_caption=\"\" data-rel=\"lightbox-gallery-6\"><img loading=\"lazy\" decoding=\"async\" width=\"150\" height=\"150\" src=\"https:\/\/muzeumpapiernictwa.pl\/wp-content\/uploads\/2022\/07\/MUP_5516-150x150.jpg\" class=\"attachment-thumbnail size-thumbnail\" \/><\/a>\n\t\t\t<\/dt><\/dl><br style=\"clear: both\" \/><dl class='gallery-item'>\n\t\t\t<dt class='gallery-icon landscape'>\n\t\t\t\t<a href='https:\/\/muzeumpapiernictwa.pl\/wp-content\/uploads\/2022\/07\/MUP_5589-Edit.jpg' title=\"\" data-rl_title=\"\" class=\"rl-gallery-link\" data-rl_caption=\"\" data-rel=\"lightbox-gallery-6\"><img loading=\"lazy\" decoding=\"async\" width=\"150\" height=\"150\" src=\"https:\/\/muzeumpapiernictwa.pl\/wp-content\/uploads\/2022\/07\/MUP_5589-Edit-150x150.jpg\" class=\"attachment-thumbnail size-thumbnail\" \/><\/a>\n\t\t\t<\/dt><\/dl><dl class='gallery-item'>\n\t\t\t<dt class='gallery-icon landscape'>\n\t\t\t\t<a href='https:\/\/muzeumpapiernictwa.pl\/wp-content\/uploads\/2022\/07\/MUP_5623.jpg' title=\"\" data-rl_title=\"\" class=\"rl-gallery-link\" data-rl_caption=\"\" data-rel=\"lightbox-gallery-6\"><img loading=\"lazy\" decoding=\"async\" width=\"150\" height=\"150\" src=\"https:\/\/muzeumpapiernictwa.pl\/wp-content\/uploads\/2022\/07\/MUP_5623-150x150.jpg\" class=\"attachment-thumbnail size-thumbnail\" \/><\/a>\n\t\t\t<\/dt><\/dl><dl class='gallery-item'>\n\t\t\t<dt class='gallery-icon landscape'>\n\t\t\t\t<a href='https:\/\/muzeumpapiernictwa.pl\/wp-content\/uploads\/2022\/07\/MUP_5648.jpg' title=\"\" data-rl_title=\"\" class=\"rl-gallery-link\" data-rl_caption=\"\" data-rel=\"lightbox-gallery-6\"><img loading=\"lazy\" decoding=\"async\" width=\"150\" height=\"150\" src=\"https:\/\/muzeumpapiernictwa.pl\/wp-content\/uploads\/2022\/07\/MUP_5648-150x150.jpg\" class=\"attachment-thumbnail size-thumbnail\" \/><\/a>\n\t\t\t<\/dt><\/dl><br style=\"clear: both\" \/><dl class='gallery-item'>\n\t\t\t<dt class='gallery-icon landscape'>\n\t\t\t\t<a href='https:\/\/muzeumpapiernictwa.pl\/wp-content\/uploads\/2022\/07\/MUP_5664-Edit.jpg' title=\"\" data-rl_title=\"\" class=\"rl-gallery-link\" data-rl_caption=\"\" data-rel=\"lightbox-gallery-6\"><img loading=\"lazy\" decoding=\"async\" width=\"150\" height=\"150\" src=\"https:\/\/muzeumpapiernictwa.pl\/wp-content\/uploads\/2022\/07\/MUP_5664-Edit-150x150.jpg\" class=\"attachment-thumbnail size-thumbnail\" \/><\/a>\n\t\t\t<\/dt><\/dl><dl class='gallery-item'>\n\t\t\t<dt class='gallery-icon portrait'>\n\t\t\t\t<a href='https:\/\/muzeumpapiernictwa.pl\/wp-content\/uploads\/2022\/07\/MUP_5677-Edit.jpg' title=\"\" data-rl_title=\"\" class=\"rl-gallery-link\" data-rl_caption=\"\" data-rel=\"lightbox-gallery-6\"><img loading=\"lazy\" decoding=\"async\" width=\"150\" height=\"150\" src=\"https:\/\/muzeumpapiernictwa.pl\/wp-content\/uploads\/2022\/07\/MUP_5677-Edit-150x150.jpg\" class=\"attachment-thumbnail size-thumbnail\" \/><\/a>\n\t\t\t<\/dt><\/dl><dl class='gallery-item'>\n\t\t\t<dt class='gallery-icon portrait'>\n\t\t\t\t<a href='https:\/\/muzeumpapiernictwa.pl\/wp-content\/uploads\/2022\/07\/MUP_5743.jpg' title=\"\" data-rl_title=\"\" class=\"rl-gallery-link\" data-rl_caption=\"\" data-rel=\"lightbox-gallery-6\"><img loading=\"lazy\" decoding=\"async\" width=\"150\" height=\"150\" src=\"https:\/\/muzeumpapiernictwa.pl\/wp-content\/uploads\/2022\/07\/MUP_5743-150x150.jpg\" class=\"attachment-thumbnail size-thumbnail\" \/><\/a>\n\t\t\t<\/dt><\/dl><br style=\"clear: both\" \/><dl class='gallery-item'>\n\t\t\t<dt class='gallery-icon landscape'>\n\t\t\t\t<a href='https:\/\/muzeumpapiernictwa.pl\/wp-content\/uploads\/2022\/07\/MUP_5771.jpg' title=\"\" data-rl_title=\"\" class=\"rl-gallery-link\" data-rl_caption=\"\" data-rel=\"lightbox-gallery-6\"><img loading=\"lazy\" decoding=\"async\" width=\"150\" height=\"150\" src=\"https:\/\/muzeumpapiernictwa.pl\/wp-content\/uploads\/2022\/07\/MUP_5771-150x150.jpg\" class=\"attachment-thumbnail size-thumbnail\" srcset=\"https:\/\/muzeumpapiernictwa.pl\/wp-content\/uploads\/2022\/07\/MUP_5771-150x150.jpg 150w, https:\/\/muzeumpapiernictwa.pl\/wp-content\/uploads\/2022\/07\/MUP_5771-300x300.jpg 300w, https:\/\/muzeumpapiernictwa.pl\/wp-content\/uploads\/2022\/07\/MUP_5771-1024x1024.jpg 1024w, https:\/\/muzeumpapiernictwa.pl\/wp-content\/uploads\/2022\/07\/MUP_5771-768x768.jpg 768w, https:\/\/muzeumpapiernictwa.pl\/wp-content\/uploads\/2022\/07\/MUP_5771-600x600.jpg 600w, https:\/\/muzeumpapiernictwa.pl\/wp-content\/uploads\/2022\/07\/MUP_5771-1536x1536.jpg 1536w, https:\/\/muzeumpapiernictwa.pl\/wp-content\/uploads\/2022\/07\/MUP_5771.jpg 1920w\" sizes=\"auto, (max-width: 150px) 100vw, 150px\" \/><\/a>\n\t\t\t<\/dt><\/dl><dl class='gallery-item'>\n\t\t\t<dt class='gallery-icon landscape'>\n\t\t\t\t<a href='https:\/\/muzeumpapiernictwa.pl\/wp-content\/uploads\/2022\/07\/MUP_5779.jpg' title=\"\" data-rl_title=\"\" class=\"rl-gallery-link\" data-rl_caption=\"\" data-rel=\"lightbox-gallery-6\"><img loading=\"lazy\" decoding=\"async\" width=\"150\" height=\"150\" src=\"https:\/\/muzeumpapiernictwa.pl\/wp-content\/uploads\/2022\/07\/MUP_5779-150x150.jpg\" class=\"attachment-thumbnail size-thumbnail\" srcset=\"https:\/\/muzeumpapiernictwa.pl\/wp-content\/uploads\/2022\/07\/MUP_5779-150x150.jpg 150w, https:\/\/muzeumpapiernictwa.pl\/wp-content\/uploads\/2022\/07\/MUP_5779-300x300.jpg 300w, https:\/\/muzeumpapiernictwa.pl\/wp-content\/uploads\/2022\/07\/MUP_5779-1024x1024.jpg 1024w, https:\/\/muzeumpapiernictwa.pl\/wp-content\/uploads\/2022\/07\/MUP_5779-768x768.jpg 768w, https:\/\/muzeumpapiernictwa.pl\/wp-content\/uploads\/2022\/07\/MUP_5779-600x600.jpg 600w, https:\/\/muzeumpapiernictwa.pl\/wp-content\/uploads\/2022\/07\/MUP_5779-1536x1536.jpg 1536w, https:\/\/muzeumpapiernictwa.pl\/wp-content\/uploads\/2022\/07\/MUP_5779.jpg 1920w\" sizes=\"auto, (max-width: 150px) 100vw, 150px\" \/><\/a>\n\t\t\t<\/dt><\/dl><dl class='gallery-item'>\n\t\t\t<dt class='gallery-icon landscape'>\n\t\t\t\t<a href='https:\/\/muzeumpapiernictwa.pl\/wp-content\/uploads\/2022\/07\/MUP_5809.jpg' title=\"\" data-rl_title=\"\" class=\"rl-gallery-link\" data-rl_caption=\"\" data-rel=\"lightbox-gallery-6\"><img loading=\"lazy\" decoding=\"async\" width=\"150\" height=\"150\" src=\"https:\/\/muzeumpapiernictwa.pl\/wp-content\/uploads\/2022\/07\/MUP_5809-150x150.jpg\" class=\"attachment-thumbnail size-thumbnail\" \/><\/a>\n\t\t\t<\/dt><\/dl><br style=\"clear: both\" \/><dl class='gallery-item'>\n\t\t\t<dt class='gallery-icon landscape'>\n\t\t\t\t<a href='https:\/\/muzeumpapiernictwa.pl\/wp-content\/uploads\/2022\/07\/MUP_5829.jpg' title=\"\" data-rl_title=\"\" class=\"rl-gallery-link\" data-rl_caption=\"\" data-rel=\"lightbox-gallery-6\"><img loading=\"lazy\" decoding=\"async\" width=\"150\" height=\"150\" src=\"https:\/\/muzeumpapiernictwa.pl\/wp-content\/uploads\/2022\/07\/MUP_5829-150x150.jpg\" class=\"attachment-thumbnail size-thumbnail\" srcset=\"https:\/\/muzeumpapiernictwa.pl\/wp-content\/uploads\/2022\/07\/MUP_5829-150x150.jpg 150w, https:\/\/muzeumpapiernictwa.pl\/wp-content\/uploads\/2022\/07\/MUP_5829-300x300.jpg 300w, https:\/\/muzeumpapiernictwa.pl\/wp-content\/uploads\/2022\/07\/MUP_5829-1024x1024.jpg 1024w, https:\/\/muzeumpapiernictwa.pl\/wp-content\/uploads\/2022\/07\/MUP_5829-768x768.jpg 768w, https:\/\/muzeumpapiernictwa.pl\/wp-content\/uploads\/2022\/07\/MUP_5829-600x600.jpg 600w, https:\/\/muzeumpapiernictwa.pl\/wp-content\/uploads\/2022\/07\/MUP_5829-1536x1536.jpg 1536w, https:\/\/muzeumpapiernictwa.pl\/wp-content\/uploads\/2022\/07\/MUP_5829.jpg 1920w\" sizes=\"auto, (max-width: 150px) 100vw, 150px\" \/><\/a>\n\t\t\t<\/dt><\/dl><dl class='gallery-item'>\n\t\t\t<dt class='gallery-icon landscape'>\n\t\t\t\t<a href='https:\/\/muzeumpapiernictwa.pl\/wp-content\/uploads\/2022\/07\/MUP_5831.jpg' title=\"\" data-rl_title=\"\" class=\"rl-gallery-link\" data-rl_caption=\"\" data-rel=\"lightbox-gallery-6\"><img loading=\"lazy\" decoding=\"async\" width=\"150\" height=\"150\" src=\"https:\/\/muzeumpapiernictwa.pl\/wp-content\/uploads\/2022\/07\/MUP_5831-150x150.jpg\" class=\"attachment-thumbnail size-thumbnail\" srcset=\"https:\/\/muzeumpapiernictwa.pl\/wp-content\/uploads\/2022\/07\/MUP_5831-150x150.jpg 150w, https:\/\/muzeumpapiernictwa.pl\/wp-content\/uploads\/2022\/07\/MUP_5831-300x300.jpg 300w, https:\/\/muzeumpapiernictwa.pl\/wp-content\/uploads\/2022\/07\/MUP_5831-1024x1024.jpg 1024w, https:\/\/muzeumpapiernictwa.pl\/wp-content\/uploads\/2022\/07\/MUP_5831-768x768.jpg 768w, https:\/\/muzeumpapiernictwa.pl\/wp-content\/uploads\/2022\/07\/MUP_5831-600x600.jpg 600w, https:\/\/muzeumpapiernictwa.pl\/wp-content\/uploads\/2022\/07\/MUP_5831-1536x1536.jpg 1536w, https:\/\/muzeumpapiernictwa.pl\/wp-content\/uploads\/2022\/07\/MUP_5831.jpg 1920w\" sizes=\"auto, (max-width: 150px) 100vw, 150px\" \/><\/a>\n\t\t\t<\/dt><\/dl><dl class='gallery-item'>\n\t\t\t<dt class='gallery-icon portrait'>\n\t\t\t\t<a href='https:\/\/muzeumpapiernictwa.pl\/wp-content\/uploads\/2022\/07\/MUP_5974-Edit.jpg' title=\"\" data-rl_title=\"\" class=\"rl-gallery-link\" data-rl_caption=\"\" data-rel=\"lightbox-gallery-6\"><img loading=\"lazy\" decoding=\"async\" width=\"150\" height=\"150\" src=\"https:\/\/muzeumpapiernictwa.pl\/wp-content\/uploads\/2022\/07\/MUP_5974-Edit-150x150.jpg\" class=\"attachment-thumbnail size-thumbnail\" \/><\/a>\n\t\t\t<\/dt><\/dl><br style=\"clear: both\" \/><dl class='gallery-item'>\n\t\t\t<dt class='gallery-icon landscape'>\n\t\t\t\t<a href='https:\/\/muzeumpapiernictwa.pl\/wp-content\/uploads\/2022\/07\/MUP_5986-Edit.jpg' title=\"\" data-rl_title=\"\" class=\"rl-gallery-link\" data-rl_caption=\"\" data-rel=\"lightbox-gallery-6\"><img loading=\"lazy\" decoding=\"async\" width=\"150\" height=\"150\" src=\"https:\/\/muzeumpapiernictwa.pl\/wp-content\/uploads\/2022\/07\/MUP_5986-Edit-150x150.jpg\" class=\"attachment-thumbnail size-thumbnail\" \/><\/a>\n\t\t\t<\/dt><\/dl><dl class='gallery-item'>\n\t\t\t<dt class='gallery-icon landscape'>\n\t\t\t\t<a href='https:\/\/muzeumpapiernictwa.pl\/wp-content\/uploads\/2022\/07\/MUP_6054-Edit.jpg' title=\"\" data-rl_title=\"\" class=\"rl-gallery-link\" data-rl_caption=\"\" data-rel=\"lightbox-gallery-6\"><img loading=\"lazy\" decoding=\"async\" width=\"150\" height=\"150\" src=\"https:\/\/muzeumpapiernictwa.pl\/wp-content\/uploads\/2022\/07\/MUP_6054-Edit-150x150.jpg\" class=\"attachment-thumbnail size-thumbnail\" \/><\/a>\n\t\t\t<\/dt><\/dl><dl class='gallery-item'>\n\t\t\t<dt class='gallery-icon portrait'>\n\t\t\t\t<a href='https:\/\/muzeumpapiernictwa.pl\/wp-content\/uploads\/2022\/07\/wyroz.jpg' title=\"\" data-rl_title=\"\" class=\"rl-gallery-link\" data-rl_caption=\"\" data-rel=\"lightbox-gallery-6\"><img loading=\"lazy\" decoding=\"async\" width=\"150\" height=\"150\" src=\"https:\/\/muzeumpapiernictwa.pl\/wp-content\/uploads\/2022\/07\/wyroz-150x150.jpg\" class=\"attachment-thumbnail size-thumbnail\" srcset=\"https:\/\/muzeumpapiernictwa.pl\/wp-content\/uploads\/2022\/07\/wyroz-150x150.jpg 150w, https:\/\/muzeumpapiernictwa.pl\/wp-content\/uploads\/2022\/07\/wyroz-300x300.jpg 300w, https:\/\/muzeumpapiernictwa.pl\/wp-content\/uploads\/2022\/07\/wyroz-1024x1024.jpg 1024w, https:\/\/muzeumpapiernictwa.pl\/wp-content\/uploads\/2022\/07\/wyroz-768x769.jpg 768w, https:\/\/muzeumpapiernictwa.pl\/wp-content\/uploads\/2022\/07\/wyroz-600x600.jpg 600w, https:\/\/muzeumpapiernictwa.pl\/wp-content\/uploads\/2022\/07\/wyroz.jpg 1252w\" sizes=\"auto, (max-width: 150px) 100vw, 150px\" \/><\/a>\n\t\t\t<\/dt><\/dl><br style=\"clear: both\" \/>\n\t\t<\/div>\n\n<p><\/p>","protected":false},"excerpt":{"rendered":"<p>Un atelier de fabrication de papier original, provenant du village japonais d&rsquo;Echizen, o\u00f9 les traditions de fabrication du papier remontent \u00e0 1300 ans, a r\u00e9cemment \u00e9t\u00e9 ajout\u00e9 \u00e0 la collection du Mus\u00e9e du moulin \u00e0 papier. La donation comprend du mat\u00e9riel de fabrication du papier, un autel avec une statue de la d\u00e9esse du papier [&hellip;]<\/p>\n","protected":false},"author":15,"featured_media":18971,"parent":137,"menu_order":218,"comment_status":"closed","ping_status":"closed","template":"","meta":{"_acf_changed":false,"ngg_post_thumbnail":0,"footnotes":""},"class_list":["post-18970","page","type-page","status-publish","has-post-thumbnail","hentry"],"acf":[],"_links":{"self":[{"href":"https:\/\/muzeumpapiernictwa.pl\/fr\/wp-json\/wp\/v2\/pages\/18970","targetHints":{"allow":["GET"]}}],"collection":[{"href":"https:\/\/muzeumpapiernictwa.pl\/fr\/wp-json\/wp\/v2\/pages"}],"about":[{"href":"https:\/\/muzeumpapiernictwa.pl\/fr\/wp-json\/wp\/v2\/types\/page"}],"author":[{"embeddable":true,"href":"https:\/\/muzeumpapiernictwa.pl\/fr\/wp-json\/wp\/v2\/users\/15"}],"replies":[{"embeddable":true,"href":"https:\/\/muzeumpapiernictwa.pl\/fr\/wp-json\/wp\/v2\/comments?post=18970"}],"version-history":[{"count":6,"href":"https:\/\/muzeumpapiernictwa.pl\/fr\/wp-json\/wp\/v2\/pages\/18970\/revisions"}],"predecessor-version":[{"id":19002,"href":"https:\/\/muzeumpapiernictwa.pl\/fr\/wp-json\/wp\/v2\/pages\/18970\/revisions\/19002"}],"up":[{"embeddable":true,"href":"https:\/\/muzeumpapiernictwa.pl\/fr\/wp-json\/wp\/v2\/pages\/137"}],"wp:featuredmedia":[{"embeddable":true,"href":"https:\/\/muzeumpapiernictwa.pl\/fr\/wp-json\/wp\/v2\/media\/18971"}],"wp:attachment":[{"href":"https:\/\/muzeumpapiernictwa.pl\/fr\/wp-json\/wp\/v2\/media?parent=18970"}],"curies":[{"name":"wp","href":"https:\/\/api.w.org\/{rel}","templated":true}]}}