{"id":18079,"date":"2022-04-08T13:39:10","date_gmt":"2022-04-08T11:39:10","guid":{"rendered":"https:\/\/muzeumpapiernictwa.pl\/?page_id=18079"},"modified":"2022-04-13T08:14:41","modified_gmt":"2022-04-13T06:14:41","slug":"informacja-na-temat-miedzynarodowych-uzgodnien-w-kwestii-przygotowan-do-wpisu-na-liste-unesco-najcenniejszych-mlynow-papierniczych","status":"publish","type":"page","link":"https:\/\/muzeumpapiernictwa.pl\/fr\/actualites\/informacja-na-temat-miedzynarodowych-uzgodnien-w-kwestii-przygotowan-do-wpisu-na-liste-unesco-najcenniejszych-mlynow-papierniczych\/","title":{"rendered":"Informations sur les accords internationaux concernant les pr\u00e9parations visant  \u00e0 inscrire les moulins \u00e0 papier les plus pr\u00e9cieux sur la liste de l&rsquo;UNESCO"},"content":{"rendered":"<p><\/p>\n<p>Entre novembre 2021 et d\u00e9but avril 2022, quatre r\u00e9unions internationales ont eu lieu entre des repr\u00e9sentants du minist\u00e8re polonais de la Culture et du Patrimoine national (avec la participation du professeur Bogus\u0142aw Szmygin, pr\u00e9sident de l&rsquo;ICOMOS et de la direction du Mus\u00e9e du moulin \u00e0 papier), et des repr\u00e9sentants des minist\u00e8res responsables du patrimoine mondial en R\u00e9publique tch\u00e8que, en Allemagne, en Italie et en Espagne. Toutes les r\u00e9unions se sont d\u00e9roul\u00e9es dans une tr\u00e8s bonne ambiance. Les participants se sont mis d\u2019accord sur le fait que les moulins \u00e0 papier de Duszniki-Zdr\u00f3j, Velk\u00e9 Losiny, Homburg, Pescia et Capellades rev\u00eatent une grande importance culturelle.<\/p>\n<p>Les partenaires de la R\u00e9publique tch\u00e8que, de l&rsquo;Allemagne, de l&rsquo;Italie et de l&rsquo;Espagne ont d\u00e9cid\u00e9 que le projet devait \u00eatre mis en \u0153uvre sous la direction des autorit\u00e9s polonaises. Le minist\u00e8re de la Culture et du Patrimoine national a exprim\u00e9 sa volont\u00e9 de soumettre la candidature au Comit\u00e9 du patrimoine mondial \u00e0 Paris en janvier 2024 (\u00e0 condition que la candidature soit pr\u00eate et accept\u00e9e par chaque pays partenaire). Le Mus\u00e9e du moulin \u00e0 papier de Duszniki Zdr\u00f3j a accept\u00e9 de coordonner le projet de d\u00e9veloppement de la candidature.<\/p>\n<p>Un projet d&rsquo;accord international sur les principes de coop\u00e9ration est actuellement en cours de pr\u00e9paration avec le soutien de partenaires allemands et italiens. Parall\u00e8lement, le Mus\u00e9e du moulin \u00e0 papier a charg\u00e9 des experts, sous la direction du professeur Bogus\u0142aw Szmygin, d&rsquo;\u00e9laborer une proposition d&rsquo;inscription pr\u00e9liminaire. Selon les plans, la proposition d&rsquo;inscription compl\u00e8te sera pr\u00eate d&rsquo;ici la fin 2023 et sera soumise au Comit\u00e9 du patrimoine mondial \u00e0 Paris en janvier 2024.<\/p>\n<p>&nbsp;<\/p>\n<hr \/>\n<p>&nbsp;<\/p>\n\n\t\t<style type=\"text\/css\">\n\t\t\t#gallery-5 {\n\t\t\t\tmargin: auto;\n\t\t\t}\n\t\t\t#gallery-5 .gallery-item {\n\t\t\t\tfloat: left;\n\t\t\t\tmargin-top: 10px;\n\t\t\t\ttext-align: center;\n\t\t\t\twidth: 33%;\n\t\t\t}\n\t\t\t#gallery-5 img {\n\t\t\t\tborder: 2px solid #cfcfcf;\n\t\t\t}\n\t\t\t#gallery-5 .gallery-caption {\n\t\t\t\tmargin-left: 0;\n\t\t\t}\n\t\t\t\/* see gallery_shortcode() in wp-includes\/media.php *\/\n\t\t<\/style>\n\t\t<div id='gallery-5' class='gallery galleryid-18079 gallery-columns-3 gallery-size-thumbnail'><dl class='gallery-item'>\n\t\t\t<dt class='gallery-icon landscape'>\n\t\t\t\t<a href='https:\/\/muzeumpapiernictwa.pl\/wp-content\/uploads\/2022\/04\/6.-Capellades-Hiszpania.jpg' title=\"\" data-rl_title=\"\" class=\"rl-gallery-link\" data-rl_caption=\"\" data-rel=\"lightbox-gallery-5\"><img loading=\"lazy\" decoding=\"async\" width=\"150\" height=\"150\" src=\"https:\/\/muzeumpapiernictwa.pl\/wp-content\/uploads\/2022\/04\/6.-Capellades-Hiszpania-150x150.jpg\" class=\"attachment-thumbnail size-thumbnail\" aria-describedby=\"gallery-5-18081\" \/><\/a>\n\t\t\t<\/dt>\n\t\t\t\t<dd class='wp-caption-text gallery-caption' id='gallery-5-18081'>\n\t\t\t\tCapellades \n\t\t\t\t<\/dd><\/dl><dl class='gallery-item'>\n\t\t\t<dt class='gallery-icon landscape'>\n\t\t\t\t<a href='https:\/\/muzeumpapiernictwa.pl\/wp-content\/uploads\/2022\/04\/5.-Pescia-Wlochy-\u2014-kopia.jpg' title=\"\" data-rl_title=\"\" class=\"rl-gallery-link\" data-rl_caption=\"\" data-rel=\"lightbox-gallery-5\"><img loading=\"lazy\" decoding=\"async\" width=\"150\" height=\"150\" src=\"https:\/\/muzeumpapiernictwa.pl\/wp-content\/uploads\/2022\/04\/5.-Pescia-Wlochy-\u2014-kopia-150x150.jpg\" class=\"attachment-thumbnail size-thumbnail\" aria-describedby=\"gallery-5-18080\" \/><\/a>\n\t\t\t<\/dt>\n\t\t\t\t<dd class='wp-caption-text gallery-caption' id='gallery-5-18080'>\n\t\t\t\tPescia \n\t\t\t\t<\/dd><\/dl><dl class='gallery-item'>\n\t\t\t<dt class='gallery-icon landscape'>\n\t\t\t\t<a href='https:\/\/muzeumpapiernictwa.pl\/wp-content\/uploads\/2019\/10\/Papiernia-w-Homburgu-1-e1572516657174.jpg' title=\"\" data-rl_title=\"\" class=\"rl-gallery-link\" data-rl_caption=\"\" data-rel=\"lightbox-gallery-5\"><img loading=\"lazy\" decoding=\"async\" width=\"150\" height=\"150\" src=\"https:\/\/muzeumpapiernictwa.pl\/wp-content\/uploads\/2019\/10\/Papiernia-w-Homburgu-1-150x150.jpg\" class=\"attachment-thumbnail size-thumbnail\" aria-describedby=\"gallery-5-14214\" \/><\/a>\n\t\t\t<\/dt>\n\t\t\t\t<dd class='wp-caption-text gallery-caption' id='gallery-5-14214'>\n\t\t\t\tHomburg \n\t\t\t\t<\/dd><\/dl><br style=\"clear: both\" \/><dl class='gallery-item'>\n\t\t\t<dt class='gallery-icon landscape'>\n\t\t\t\t<a href='https:\/\/muzeumpapiernictwa.pl\/wp-content\/uploads\/2021\/12\/Papirna-V.jpg' title=\"\" data-rl_title=\"\" class=\"rl-gallery-link\" data-rl_caption=\"\" data-rel=\"lightbox-gallery-5\"><img loading=\"lazy\" decoding=\"async\" width=\"150\" height=\"150\" src=\"https:\/\/muzeumpapiernictwa.pl\/wp-content\/uploads\/2021\/12\/Papirna-V-150x150.jpg\" class=\"attachment-thumbnail size-thumbnail\" aria-describedby=\"gallery-5-17610\" \/><\/a>\n\t\t\t<\/dt>\n\t\t\t\t<dd class='wp-caption-text gallery-caption' id='gallery-5-17610'>\n\t\t\t\tVelk\u00e9 Losiny \n\t\t\t\t<\/dd><\/dl><dl class='gallery-item'>\n\t\t\t<dt class='gallery-icon landscape'>\n\t\t\t\t<a href='https:\/\/muzeumpapiernictwa.pl\/wp-content\/uploads\/2021\/12\/X4A9511-Edit-scaled.jpg' title=\"\" data-rl_title=\"\" class=\"rl-gallery-link\" data-rl_caption=\"\" data-rel=\"lightbox-gallery-5\"><img loading=\"lazy\" decoding=\"async\" width=\"150\" height=\"150\" src=\"https:\/\/muzeumpapiernictwa.pl\/wp-content\/uploads\/2021\/12\/X4A9511-Edit-150x150.jpg\" class=\"attachment-thumbnail size-thumbnail\" aria-describedby=\"gallery-5-17611\" \/><\/a>\n\t\t\t<\/dt>\n\t\t\t\t<dd class='wp-caption-text gallery-caption' id='gallery-5-17611'>\n\t\t\t\tDuszniki-Zdr\u00f3j \n\t\t\t\t<\/dd><\/dl>\n\t\t\t<br style='clear: both' \/>\n\t\t<\/div>\n\n<p><\/p>","protected":false},"excerpt":{"rendered":"<p>Entre novembre 2021 et d\u00e9but avril 2022, quatre r\u00e9unions internationales ont eu lieu entre des repr\u00e9sentants du minist\u00e8re polonais de la Culture et du Patrimoine national (avec la participation du professeur Bogus\u0142aw Szmygin, pr\u00e9sident de l&rsquo;ICOMOS et de la direction du Mus\u00e9e du moulin \u00e0 papier), et des repr\u00e9sentants des minist\u00e8res responsables du patrimoine mondial [&hellip;]<\/p>\n","protected":false},"author":15,"featured_media":10672,"parent":137,"menu_order":135,"comment_status":"closed","ping_status":"closed","template":"","meta":{"_acf_changed":false,"ngg_post_thumbnail":0,"footnotes":""},"class_list":["post-18079","page","type-page","status-publish","has-post-thumbnail","hentry"],"acf":[],"_links":{"self":[{"href":"https:\/\/muzeumpapiernictwa.pl\/fr\/wp-json\/wp\/v2\/pages\/18079","targetHints":{"allow":["GET"]}}],"collection":[{"href":"https:\/\/muzeumpapiernictwa.pl\/fr\/wp-json\/wp\/v2\/pages"}],"about":[{"href":"https:\/\/muzeumpapiernictwa.pl\/fr\/wp-json\/wp\/v2\/types\/page"}],"author":[{"embeddable":true,"href":"https:\/\/muzeumpapiernictwa.pl\/fr\/wp-json\/wp\/v2\/users\/15"}],"replies":[{"embeddable":true,"href":"https:\/\/muzeumpapiernictwa.pl\/fr\/wp-json\/wp\/v2\/comments?post=18079"}],"version-history":[{"count":1,"href":"https:\/\/muzeumpapiernictwa.pl\/fr\/wp-json\/wp\/v2\/pages\/18079\/revisions"}],"predecessor-version":[{"id":18085,"href":"https:\/\/muzeumpapiernictwa.pl\/fr\/wp-json\/wp\/v2\/pages\/18079\/revisions\/18085"}],"up":[{"embeddable":true,"href":"https:\/\/muzeumpapiernictwa.pl\/fr\/wp-json\/wp\/v2\/pages\/137"}],"wp:featuredmedia":[{"embeddable":true,"href":"https:\/\/muzeumpapiernictwa.pl\/fr\/wp-json\/wp\/v2\/media\/10672"}],"wp:attachment":[{"href":"https:\/\/muzeumpapiernictwa.pl\/fr\/wp-json\/wp\/v2\/media?parent=18079"}],"curies":[{"name":"wp","href":"https:\/\/api.w.org\/{rel}","templated":true}]}}