{"id":172,"date":"2014-11-18T09:52:47","date_gmt":"2014-11-18T08:52:47","guid":{"rendered":"http:\/\/muzeumpapiernictwa.pl\/?page_id=172"},"modified":"2014-12-22T12:44:55","modified_gmt":"2014-12-22T11:44:55","slug":"historia-papieru","status":"publish","type":"page","link":"https:\/\/muzeumpapiernictwa.pl\/fr\/education\/histoire-du-papier\/","title":{"rendered":"Histoire du papier"},"content":{"rendered":"<p><\/p>\n<p>C\u2019est int\u00e9ressant, n&rsquo;est-ce pas ? L&rsquo;histoire de cette invention d&rsquo;\u00e9poque vaut vraiment la peine d&rsquo;\u00eatre explor\u00e9e ! <\/p>\n<p><a href=\"http:\/\/muzeumpapiernictwa.pl\/fr\/education\/histoire-du-papier\/en-savoir-plus-sur-lhistoire-du-papier\/\" target=\"_blank\">En savoir plus sur l&rsquo;histoire du papier<\/a><\/p>\n<p>Quand est-ce que les usines de papier sont apparues sur les terres polonaises? Comment se d\u00e9veloppait la production industrielle du papier chez nous ? Vous trouverez ici les r\u00e9ponses \u00e0 ces questions et \u00e0 bien d&rsquo;autres :<\/p>\n<p><a href=\"http:\/\/muzeumpapiernictwa.pl\/fr\/education\/histoire-du-papier\/histoire-de-la-fabrication-du-papier-polonais\/\" target=\"_blank\">Histoire de la fabrication du papier polonais<\/a><\/p>\n<\/p>\n<p><\/p>","protected":false},"excerpt":{"rendered":"<p>C\u2019est int\u00e9ressant, n&rsquo;est-ce pas ? L&rsquo;histoire de cette invention d&rsquo;\u00e9poque vaut vraiment la peine d&rsquo;\u00eatre explor\u00e9e ! En savoir plus sur l&rsquo;histoire du papier Quand est-ce que les usines de papier sont apparues sur les terres polonaises? Comment se d\u00e9veloppait la production industrielle du papier chez nous ? Vous trouverez ici les r\u00e9ponses \u00e0 ces [&hellip;]<\/p>\n","protected":false},"author":1,"featured_media":0,"parent":170,"menu_order":411,"comment_status":"open","ping_status":"open","template":"","meta":{"_acf_changed":false,"ngg_post_thumbnail":0,"footnotes":""},"class_list":["post-172","page","type-page","status-publish","hentry"],"acf":[],"_links":{"self":[{"href":"https:\/\/muzeumpapiernictwa.pl\/fr\/wp-json\/wp\/v2\/pages\/172","targetHints":{"allow":["GET"]}}],"collection":[{"href":"https:\/\/muzeumpapiernictwa.pl\/fr\/wp-json\/wp\/v2\/pages"}],"about":[{"href":"https:\/\/muzeumpapiernictwa.pl\/fr\/wp-json\/wp\/v2\/types\/page"}],"author":[{"embeddable":true,"href":"https:\/\/muzeumpapiernictwa.pl\/fr\/wp-json\/wp\/v2\/users\/1"}],"replies":[{"embeddable":true,"href":"https:\/\/muzeumpapiernictwa.pl\/fr\/wp-json\/wp\/v2\/comments?post=172"}],"version-history":[{"count":13,"href":"https:\/\/muzeumpapiernictwa.pl\/fr\/wp-json\/wp\/v2\/pages\/172\/revisions"}],"predecessor-version":[{"id":3392,"href":"https:\/\/muzeumpapiernictwa.pl\/fr\/wp-json\/wp\/v2\/pages\/172\/revisions\/3392"}],"up":[{"embeddable":true,"href":"https:\/\/muzeumpapiernictwa.pl\/fr\/wp-json\/wp\/v2\/pages\/170"}],"wp:attachment":[{"href":"https:\/\/muzeumpapiernictwa.pl\/fr\/wp-json\/wp\/v2\/media?parent=172"}],"curies":[{"name":"wp","href":"https:\/\/api.w.org\/{rel}","templated":true}]}}