{"id":17107,"date":"2021-07-14T10:36:35","date_gmt":"2021-07-14T08:36:35","guid":{"rendered":"https:\/\/muzeumpapiernictwa.pl\/?page_id=17107"},"modified":"2021-07-23T08:23:28","modified_gmt":"2021-07-23T06:23:28","slug":"na-liste-unesco-w-piatke","status":"publish","type":"page","link":"https:\/\/muzeumpapiernictwa.pl\/fr\/actualites\/na-liste-unesco-w-piatke\/","title":{"rendered":"Cinq sur la liste de l&rsquo;UNESCO"},"content":{"rendered":"<p><\/p>\n<p><strong>Nous avons le plaisir de vous annoncer que le groupe de moulins \u00e0 papier historiques, candidats \u00e0 l&rsquo;inscription sur la liste de l&rsquo;UNESCO a \u00e9t\u00e9 \u00e9largi pour inclure la papeterie historique de Pietrbuona pr\u00e8s de Pescia, en Italie.<\/strong><\/p>\n<p>La lettre d&rsquo;intention pr\u00e9cisant la volont\u00e9 de coop\u00e9ration a \u00e9t\u00e9 sign\u00e9e par : au nom des mus\u00e9es du papier de Duszniki-Zdr\u00f3j (Pologne), de Velkie Losiny (R\u00e9publique tch\u00e8que), de Homburg (Allemagne) et d\u2019Ambert (France) \u2013 le directeur du Mus\u00e9e des Papeteries, M. Maciej Szymczyk, et au nom du mus\u00e9e italien &#8211; le pr\u00e9sident du Museo della Carta di Pescia M. Paolo Carrara.<\/p>\n<p>Les moulins \u00e0 papier souhaitant s&rsquo;inscrire conjointement sur la Liste du patrimoine mondial ont une valeur historique et scientifique unique. De plus, ils doivent obtenir l&rsquo;approbation de leur gouvernement pour participer au projet.<\/p>\n<p>Museo della Carta di Pescia (fot. A. Siwek):<\/p>\n\n\t\t<style type=\"text\/css\">\n\t\t\t#gallery-6 {\n\t\t\t\tmargin: auto;\n\t\t\t}\n\t\t\t#gallery-6 .gallery-item {\n\t\t\t\tfloat: left;\n\t\t\t\tmargin-top: 10px;\n\t\t\t\ttext-align: center;\n\t\t\t\twidth: 33%;\n\t\t\t}\n\t\t\t#gallery-6 img {\n\t\t\t\tborder: 2px solid #cfcfcf;\n\t\t\t}\n\t\t\t#gallery-6 .gallery-caption {\n\t\t\t\tmargin-left: 0;\n\t\t\t}\n\t\t\t\/* see gallery_shortcode() in wp-includes\/media.php *\/\n\t\t<\/style>\n\t\t<div id='gallery-6' class='gallery galleryid-17107 gallery-columns-3 gallery-size-thumbnail'><dl class='gallery-item'>\n\t\t\t<dt class='gallery-icon landscape'>\n\t\t\t\t<a href='https:\/\/muzeumpapiernictwa.pl\/wp-content\/uploads\/2021\/07\/Pescia-Muzeum-papiernictwa-fot.-A.-Siwek-2019-1-kopia-scaled.jpg' title=\"\" data-rl_title=\"\" class=\"rl-gallery-link\" data-rl_caption=\"\" data-rel=\"lightbox-gallery-6\"><img loading=\"lazy\" decoding=\"async\" width=\"150\" height=\"150\" src=\"https:\/\/muzeumpapiernictwa.pl\/wp-content\/uploads\/2021\/07\/Pescia-Muzeum-papiernictwa-fot.-A.-Siwek-2019-1-kopia-150x150.jpg\" class=\"attachment-thumbnail size-thumbnail\" \/><\/a>\n\t\t\t<\/dt><\/dl><dl class='gallery-item'>\n\t\t\t<dt class='gallery-icon landscape'>\n\t\t\t\t<a href='https:\/\/muzeumpapiernictwa.pl\/wp-content\/uploads\/2021\/07\/Pescia-Muzeum-papiernictwa-fot.-A.-Siwek-2019-10-kopia-scaled.jpg' title=\"\" data-rl_title=\"\" class=\"rl-gallery-link\" data-rl_caption=\"\" data-rel=\"lightbox-gallery-6\"><img loading=\"lazy\" decoding=\"async\" width=\"150\" height=\"150\" src=\"https:\/\/muzeumpapiernictwa.pl\/wp-content\/uploads\/2021\/07\/Pescia-Muzeum-papiernictwa-fot.-A.-Siwek-2019-10-kopia-150x150.jpg\" class=\"attachment-thumbnail size-thumbnail\" \/><\/a>\n\t\t\t<\/dt><\/dl><dl class='gallery-item'>\n\t\t\t<dt class='gallery-icon landscape'>\n\t\t\t\t<a href='https:\/\/muzeumpapiernictwa.pl\/wp-content\/uploads\/2021\/07\/Pescia-Muzeum-papiernictwa-fot.-A.-Siwek-2019-21-kopia-scaled.jpg' title=\"\" data-rl_title=\"\" class=\"rl-gallery-link\" data-rl_caption=\"\" data-rel=\"lightbox-gallery-6\"><img loading=\"lazy\" decoding=\"async\" width=\"150\" height=\"150\" src=\"https:\/\/muzeumpapiernictwa.pl\/wp-content\/uploads\/2021\/07\/Pescia-Muzeum-papiernictwa-fot.-A.-Siwek-2019-21-kopia-150x150.jpg\" class=\"attachment-thumbnail size-thumbnail\" \/><\/a>\n\t\t\t<\/dt><\/dl><br style=\"clear: both\" \/><dl class='gallery-item'>\n\t\t\t<dt class='gallery-icon portrait'>\n\t\t\t\t<a href='https:\/\/muzeumpapiernictwa.pl\/wp-content\/uploads\/2021\/07\/List-intenyjnyt-Pescia-300dpi-scaled.jpg' title=\"\" data-rl_title=\"\" class=\"rl-gallery-link\" data-rl_caption=\"\" data-rel=\"lightbox-gallery-6\"><img loading=\"lazy\" decoding=\"async\" width=\"150\" height=\"150\" src=\"https:\/\/muzeumpapiernictwa.pl\/wp-content\/uploads\/2021\/07\/List-intenyjnyt-Pescia-300dpi-150x150.jpg\" class=\"attachment-thumbnail size-thumbnail\" \/><\/a>\n\t\t\t<\/dt><\/dl>\n\t\t\t<br style='clear: both' \/>\n\t\t<\/div>\n\n<p><\/p>","protected":false},"excerpt":{"rendered":"<p>Nous avons le plaisir de vous annoncer que le groupe de moulins \u00e0 papier historiques, candidats \u00e0 l&rsquo;inscription sur la liste de l&rsquo;UNESCO a \u00e9t\u00e9 \u00e9largi pour inclure la papeterie historique de Pietrbuona pr\u00e8s de Pescia, en Italie. La lettre d&rsquo;intention pr\u00e9cisant la volont\u00e9 de coop\u00e9ration a \u00e9t\u00e9 sign\u00e9e par : au nom des mus\u00e9es [&hellip;]<\/p>\n","protected":false},"author":2,"featured_media":10672,"parent":137,"menu_order":150,"comment_status":"closed","ping_status":"closed","template":"","meta":{"_acf_changed":false,"ngg_post_thumbnail":0,"footnotes":""},"class_list":["post-17107","page","type-page","status-publish","has-post-thumbnail","hentry"],"acf":[],"_links":{"self":[{"href":"https:\/\/muzeumpapiernictwa.pl\/fr\/wp-json\/wp\/v2\/pages\/17107","targetHints":{"allow":["GET"]}}],"collection":[{"href":"https:\/\/muzeumpapiernictwa.pl\/fr\/wp-json\/wp\/v2\/pages"}],"about":[{"href":"https:\/\/muzeumpapiernictwa.pl\/fr\/wp-json\/wp\/v2\/types\/page"}],"author":[{"embeddable":true,"href":"https:\/\/muzeumpapiernictwa.pl\/fr\/wp-json\/wp\/v2\/users\/2"}],"replies":[{"embeddable":true,"href":"https:\/\/muzeumpapiernictwa.pl\/fr\/wp-json\/wp\/v2\/comments?post=17107"}],"version-history":[{"count":3,"href":"https:\/\/muzeumpapiernictwa.pl\/fr\/wp-json\/wp\/v2\/pages\/17107\/revisions"}],"predecessor-version":[{"id":17137,"href":"https:\/\/muzeumpapiernictwa.pl\/fr\/wp-json\/wp\/v2\/pages\/17107\/revisions\/17137"}],"up":[{"embeddable":true,"href":"https:\/\/muzeumpapiernictwa.pl\/fr\/wp-json\/wp\/v2\/pages\/137"}],"wp:featuredmedia":[{"embeddable":true,"href":"https:\/\/muzeumpapiernictwa.pl\/fr\/wp-json\/wp\/v2\/media\/10672"}],"wp:attachment":[{"href":"https:\/\/muzeumpapiernictwa.pl\/fr\/wp-json\/wp\/v2\/media?parent=17107"}],"curies":[{"name":"wp","href":"https:\/\/api.w.org\/{rel}","templated":true}]}}