{"id":166,"date":"2014-11-18T09:48:27","date_gmt":"2014-11-18T08:48:27","guid":{"rendered":"http:\/\/muzeumpapiernictwa.pl\/?page_id=166"},"modified":"2021-03-29T12:51:58","modified_gmt":"2021-03-29T10:51:58","slug":"dzieje-mlyna","status":"publish","type":"page","link":"https:\/\/muzeumpapiernictwa.pl\/fr\/papeterie\/histoire-du-moulin-a-papier\/","title":{"rendered":"Histoire du moulin \u00e0 papier"},"content":{"rendered":"<p><\/p>\n<h3><strong>Contenu dans la pr\u00e9paration.<\/strong><\/h3>\n<h3><strong>D\u00e9sol\u00e9 et se il vous pla\u00eet revenir bient\u00f4t.<\/strong><\/h3>\n<p><\/p>","protected":false},"excerpt":{"rendered":"<p>Contenu dans la pr\u00e9paration. D\u00e9sol\u00e9 et se il vous pla\u00eet revenir bient\u00f4t.<\/p>\n","protected":false},"author":1,"featured_media":0,"parent":116,"menu_order":28,"comment_status":"open","ping_status":"open","template":"","meta":{"_acf_changed":false,"ngg_post_thumbnail":0,"footnotes":""},"class_list":["post-166","page","type-page","status-publish","hentry"],"acf":[],"_links":{"self":[{"href":"https:\/\/muzeumpapiernictwa.pl\/fr\/wp-json\/wp\/v2\/pages\/166","targetHints":{"allow":["GET"]}}],"collection":[{"href":"https:\/\/muzeumpapiernictwa.pl\/fr\/wp-json\/wp\/v2\/pages"}],"about":[{"href":"https:\/\/muzeumpapiernictwa.pl\/fr\/wp-json\/wp\/v2\/types\/page"}],"author":[{"embeddable":true,"href":"https:\/\/muzeumpapiernictwa.pl\/fr\/wp-json\/wp\/v2\/users\/1"}],"replies":[{"embeddable":true,"href":"https:\/\/muzeumpapiernictwa.pl\/fr\/wp-json\/wp\/v2\/comments?post=166"}],"version-history":[{"count":50,"href":"https:\/\/muzeumpapiernictwa.pl\/fr\/wp-json\/wp\/v2\/pages\/166\/revisions"}],"predecessor-version":[{"id":16744,"href":"https:\/\/muzeumpapiernictwa.pl\/fr\/wp-json\/wp\/v2\/pages\/166\/revisions\/16744"}],"up":[{"embeddable":true,"href":"https:\/\/muzeumpapiernictwa.pl\/fr\/wp-json\/wp\/v2\/pages\/116"}],"wp:attachment":[{"href":"https:\/\/muzeumpapiernictwa.pl\/fr\/wp-json\/wp\/v2\/media?parent=166"}],"curies":[{"name":"wp","href":"https:\/\/api.w.org\/{rel}","templated":true}]}}