{"id":161,"date":"2014-11-18T09:41:01","date_gmt":"2014-11-18T08:41:01","guid":{"rendered":"http:\/\/muzeumpapiernictwa.pl\/?page_id=161"},"modified":"2017-10-26T10:57:04","modified_gmt":"2017-10-26T08:57:04","slug":"promocja-projektu","status":"publish","type":"page","link":"https:\/\/muzeumpapiernictwa.pl\/fr\/projekt\/promotion-du-projet\/","title":{"rendered":"Promotion du projet"},"content":{"rendered":"<p><\/p>\n<p>Une partie int\u00e9grale du projet financ\u00e9 des fonds l&rsquo;EEE et des fonds norv\u00e9giens sont de vastes campagnes d&rsquo;information :<\/p>\n<ul>\n<li>sur le but, la mise en \u0153uvre et les r\u00e9sultats des projets r\u00e9alis\u00e9s dans le cadre du projet ; <\/li>\n<li>sur les fonds de l&rsquo;EEE et les fonds norv\u00e9giens, et surtout sur leur importance pour la revitalisation, la maintenance et l&rsquo;adaptation pour les buts culturels des b\u00e2timents historiques.<\/li>\n<\/ul>\n<p>Le plan de la communication envisage :<\/p>\n<ul>\n<li>l&rsquo;organisation de manifestations d&rsquo;information, dont les conf\u00e9rences de presse ouvrant et fermant le projet ;<\/li>\n<li>la publication et la distribution d&rsquo;informations et de mat\u00e9riel promotionnel (d\u00e9pliants, affiches, mat\u00e9riel de conf\u00e9rence, gadgets promotionnels);<\/li>\n<li>la production et l&rsquo;\u00e9mission des spots de radio et de t\u00e9l\u00e9vision ; <\/li>\n<li>la publication des documents d&rsquo;information et de promotion dans la presse \u00e9crite, la radio, la t\u00e9l\u00e9vision et sur Internet ;<\/li>\n<li>la cr\u00e9ation de ce site web.<\/li>\n<\/ul>\n<p><a title=\"Aktualno\u015bci\" href=\"http:\/\/muzeumpapiernictwa.pl\/fr\/actualites\/1?news-search%5Bphrase%5D=&#038;news-search%5Bsort%5D=created_desc&#038;news-search%5Bdate-range%5D=&#038;news-search%5Bcategory%5D=15\">Actualit\u00e9s &#8211; projet<\/a><\/p>\n<\/p>\n<p><\/p>","protected":false},"excerpt":{"rendered":"<p>Une partie int\u00e9grale du projet financ\u00e9 des fonds l&rsquo;EEE et des fonds norv\u00e9giens sont de vastes campagnes d&rsquo;information : sur le but, la mise en \u0153uvre et les r\u00e9sultats des projets r\u00e9alis\u00e9s dans le cadre du projet ; sur les fonds de l&rsquo;EEE et les fonds norv\u00e9giens, et surtout sur leur importance pour la revitalisation, [&hellip;]<\/p>\n","protected":false},"author":1,"featured_media":0,"parent":71,"menu_order":847,"comment_status":"open","ping_status":"open","template":"","meta":{"_acf_changed":false,"ngg_post_thumbnail":0,"footnotes":""},"class_list":["post-161","page","type-page","status-publish","hentry"],"acf":[],"_links":{"self":[{"href":"https:\/\/muzeumpapiernictwa.pl\/fr\/wp-json\/wp\/v2\/pages\/161","targetHints":{"allow":["GET"]}}],"collection":[{"href":"https:\/\/muzeumpapiernictwa.pl\/fr\/wp-json\/wp\/v2\/pages"}],"about":[{"href":"https:\/\/muzeumpapiernictwa.pl\/fr\/wp-json\/wp\/v2\/types\/page"}],"author":[{"embeddable":true,"href":"https:\/\/muzeumpapiernictwa.pl\/fr\/wp-json\/wp\/v2\/users\/1"}],"replies":[{"embeddable":true,"href":"https:\/\/muzeumpapiernictwa.pl\/fr\/wp-json\/wp\/v2\/comments?post=161"}],"version-history":[{"count":19,"href":"https:\/\/muzeumpapiernictwa.pl\/fr\/wp-json\/wp\/v2\/pages\/161\/revisions"}],"predecessor-version":[{"id":278,"href":"https:\/\/muzeumpapiernictwa.pl\/fr\/wp-json\/wp\/v2\/pages\/161\/revisions\/278"}],"up":[{"embeddable":true,"href":"https:\/\/muzeumpapiernictwa.pl\/fr\/wp-json\/wp\/v2\/pages\/71"}],"wp:attachment":[{"href":"https:\/\/muzeumpapiernictwa.pl\/fr\/wp-json\/wp\/v2\/media?parent=161"}],"curies":[{"name":"wp","href":"https:\/\/api.w.org\/{rel}","templated":true}]}}