{"id":15978,"date":"2020-09-02T14:02:00","date_gmt":"2020-09-02T12:02:00","guid":{"rendered":"https:\/\/muzeumpapiernictwa.pl\/?page_id=15978"},"modified":"2020-09-14T13:44:28","modified_gmt":"2020-09-14T11:44:28","slug":"odwiedzil-nas-wnuk-ostatniego-dusznickiego-papiernika","status":"publish","type":"page","link":"https:\/\/muzeumpapiernictwa.pl\/fr\/actualites\/odwiedzil-nas-wnuk-ostatniego-dusznickiego-papiernika\/","title":{"rendered":"Le mus\u00e9e a \u00e9t\u00e9 visit\u00e9 par le petit-fils du dernier papetier de Duszniki"},"content":{"rendered":"<p>Le dernier propri\u00e9taire du moulin \u00e0 papier de Duszniki \u00e9tait Karl II Wiehr. En avril 1939, il revend le moulin \u00e0 papier d\u00e9j\u00e0 ferm\u00e9e \u00e0 la ville de Duszniki ans l&rsquo;espoir que les autorit\u00e9s municipales y \u00e9tablissent un mus\u00e9e. Cependant, il n&rsquo;a jamais pu voir l&rsquo;ouverture du mus\u00e9e, puisqu&rsquo;il est mort en 1941. Le mus\u00e9e a \u00e9t\u00e9 ouvert par les autorit\u00e9s polonaises en 1968.<\/p>\n<p>Karl Wiehr et sa femme Hedwig ont eu un fils Alex et une fille Maria. Maria a \u00e9pous\u00e9 Rudolf Herrmann et s&rsquo;est install\u00e9e \u00e0 Wroc\u0142aw. \u00c0 la fin de la guerre, en 1944, elle est rest\u00e9e avec ses enfants \u00e0 Duszniki, o\u00f9 elle \u00e9tait plus en s\u00e9curit\u00e9 qu&rsquo;\u00e0 Wroc\u0142aw, vivant dans le moulin \u00e0 papier. Apr\u00e8s avoir \u00e9t\u00e9 d\u00e9port\u00e9s en 1945, elle s\u2019est install\u00e9e en Bavi\u00e8re. Le fils cadet de Maria, Willibald, a \u00e9crit le livre <em>Spurensuche<\/em> <em>Mia Erz\u00e4hlt <\/em>bas\u00e9 sur les souvenirs de sa m\u00e8re, dans lequel il d\u00e9crit le moulin \u00e0 papier de son enfance et sa jeunesse.<\/p>\n<p>Le 1<sup>er<\/sup> septembre, Willibald Herrmann, sa femme Ursula, ses enfants et ses petits-enfants ont visit\u00e9 le Mus\u00e9e du moulin \u00e0 papier. La famille a regard\u00e9 les expositions et particip\u00e9 aux ateliers de dessin sur papier, et la visite a \u00e9t\u00e9 couronn\u00e9e par une fabrication des impressions de leurs mains dans une feuille de papier fait main. Le petit-fils de Karl Wiehr a exprim\u00e9 au mus\u00e9 son appr\u00e9ciation pour avoir pris tant de soin de ce lieu historique.<\/p>\n<p>Le moulin \u00e0 papier de Duszniki est actuellement l&rsquo;un des 105 monuments de l&rsquo;histoire \u2013 des objets de la plus haute importance pour la culture polonaise. En 2019, le moulin a \u00e9t\u00e9 inscrit par le Minist\u00e8re de la Culture de la R\u00e9publique de Pologne sur la liste du patrimoine mondial de l&rsquo;UNESCO. C&rsquo;est une source de fiert\u00e9 pour les descendants du dernier papetier de Duszniki.<\/p>\n<hr>\n<p>\n\t\t<style type=\"text\/css\">\n\t\t\t#gallery-6 {\n\t\t\t\tmargin: auto;\n\t\t\t}\n\t\t\t#gallery-6 .gallery-item {\n\t\t\t\tfloat: left;\n\t\t\t\tmargin-top: 10px;\n\t\t\t\ttext-align: center;\n\t\t\t\twidth: 33%;\n\t\t\t}\n\t\t\t#gallery-6 img {\n\t\t\t\tborder: 2px solid #cfcfcf;\n\t\t\t}\n\t\t\t#gallery-6 .gallery-caption {\n\t\t\t\tmargin-left: 0;\n\t\t\t}\n\t\t\t\/* see gallery_shortcode() in wp-includes\/media.php *\/\n\t\t<\/style>\n\t\t<div id='gallery-6' class='gallery galleryid-15978 gallery-columns-3 gallery-size-thumbnail'><dl class='gallery-item'>\n\t\t\t<dt class='gallery-icon portrait'>\n\t\t\t\t<a href='https:\/\/muzeumpapiernictwa.pl\/wp-content\/uploads\/2020\/09\/Wnuk-C.-Wiehra1-e1599634092307.jpg' title=\"\" data-rl_title=\"\" class=\"rl-gallery-link\" data-rl_caption=\"\" data-rel=\"lightbox-gallery-6\"><img loading=\"lazy\" decoding=\"async\" width=\"150\" height=\"150\" src=\"https:\/\/muzeumpapiernictwa.pl\/wp-content\/uploads\/2020\/09\/Wnuk-C.-Wiehra1-150x150.jpg\" class=\"attachment-thumbnail size-thumbnail\" \/><\/a>\n\t\t\t<\/dt><\/dl><dl class='gallery-item'>\n\t\t\t<dt class='gallery-icon portrait'>\n\t\t\t\t<a href='https:\/\/muzeumpapiernictwa.pl\/wp-content\/uploads\/2020\/09\/D\u0142o\u0144-W.-Herrmanna1-e1599634079984.jpg' title=\"\" data-rl_title=\"\" class=\"rl-gallery-link\" data-rl_caption=\"\" data-rel=\"lightbox-gallery-6\"><img loading=\"lazy\" decoding=\"async\" width=\"150\" height=\"150\" src=\"https:\/\/muzeumpapiernictwa.pl\/wp-content\/uploads\/2020\/09\/D\u0142o\u0144-W.-Herrmanna1-150x150.jpg\" class=\"attachment-thumbnail size-thumbnail\" \/><\/a>\n\t\t\t<\/dt><\/dl><dl class='gallery-item'>\n\t\t\t<dt class='gallery-icon portrait'>\n\t\t\t\t<a href='https:\/\/muzeumpapiernictwa.pl\/wp-content\/uploads\/2020\/09\/W.-Herrmann-Spurensuche1-e1599634100571.jpg' title=\"\" data-rl_title=\"\" class=\"rl-gallery-link\" data-rl_caption=\"\" data-rel=\"lightbox-gallery-6\"><img loading=\"lazy\" decoding=\"async\" width=\"150\" height=\"150\" src=\"https:\/\/muzeumpapiernictwa.pl\/wp-content\/uploads\/2020\/09\/W.-Herrmann-Spurensuche1-150x150.jpg\" class=\"attachment-thumbnail size-thumbnail\" \/><\/a>\n\t\t\t<\/dt><\/dl><br style=\"clear: both\" \/>\n\t\t<\/div>\n<\/p>","protected":false},"excerpt":{"rendered":"<p>Le dernier propri\u00e9taire du moulin \u00e0 papier de Duszniki \u00e9tait Karl II Wiehr. En avril 1939, il revend le moulin \u00e0 papier d\u00e9j\u00e0 ferm\u00e9e \u00e0 la ville de Duszniki ans l&rsquo;espoir que les autorit\u00e9s municipales y \u00e9tablissent un mus\u00e9e. Cependant, il n&rsquo;a jamais pu voir l&rsquo;ouverture du mus\u00e9e, puisqu&rsquo;il est mort en 1941. Le mus\u00e9e [&hellip;]<\/p>\n","protected":false},"author":4,"featured_media":15979,"parent":137,"menu_order":688,"comment_status":"open","ping_status":"open","template":"","meta":{"_acf_changed":false,"ngg_post_thumbnail":0,"footnotes":""},"class_list":["post-15978","page","type-page","status-publish","has-post-thumbnail","hentry"],"acf":[],"_links":{"self":[{"href":"https:\/\/muzeumpapiernictwa.pl\/fr\/wp-json\/wp\/v2\/pages\/15978","targetHints":{"allow":["GET"]}}],"collection":[{"href":"https:\/\/muzeumpapiernictwa.pl\/fr\/wp-json\/wp\/v2\/pages"}],"about":[{"href":"https:\/\/muzeumpapiernictwa.pl\/fr\/wp-json\/wp\/v2\/types\/page"}],"author":[{"embeddable":true,"href":"https:\/\/muzeumpapiernictwa.pl\/fr\/wp-json\/wp\/v2\/users\/4"}],"replies":[{"embeddable":true,"href":"https:\/\/muzeumpapiernictwa.pl\/fr\/wp-json\/wp\/v2\/comments?post=15978"}],"version-history":[{"count":4,"href":"https:\/\/muzeumpapiernictwa.pl\/fr\/wp-json\/wp\/v2\/pages\/15978\/revisions"}],"predecessor-version":[{"id":16044,"href":"https:\/\/muzeumpapiernictwa.pl\/fr\/wp-json\/wp\/v2\/pages\/15978\/revisions\/16044"}],"up":[{"embeddable":true,"href":"https:\/\/muzeumpapiernictwa.pl\/fr\/wp-json\/wp\/v2\/pages\/137"}],"wp:featuredmedia":[{"embeddable":true,"href":"https:\/\/muzeumpapiernictwa.pl\/fr\/wp-json\/wp\/v2\/media\/15979"}],"wp:attachment":[{"href":"https:\/\/muzeumpapiernictwa.pl\/fr\/wp-json\/wp\/v2\/media?parent=15978"}],"curies":[{"name":"wp","href":"https:\/\/api.w.org\/{rel}","templated":true}]}}