{"id":157,"date":"2014-11-18T09:30:46","date_gmt":"2014-11-18T08:30:46","guid":{"rendered":"http:\/\/muzeumpapiernictwa.pl\/?page_id=157"},"modified":"2017-10-27T12:12:53","modified_gmt":"2017-10-27T10:12:53","slug":"muzeum","status":"publish","type":"page","link":"https:\/\/muzeumpapiernictwa.pl\/fr\/musee\/","title":{"rendered":"Mus\u00e9e"},"content":{"rendered":"<p><\/p>\n<p><p>Notre Mus\u00e9e ce ne sont pas uniquement des objets expos\u00e9s et des descriptions. Ne vous attendez pas \u00e0 un silence proverbial de mus\u00e9e. C&rsquo;est un lieu agit\u00e9 !<\/p>\n<h3>Au moulin \u00e0 papier de Duszniki-Zdr\u00f3j on produit toujours du papier<\/h3>\n<p>Nos papetiers &#8211; ainsi que leurs pr\u00e9d\u00e9cesseurs pendant plus de quatre si\u00e8cles &#8211; plongent des tamis dans une cuve et impriment cette couche de p\u00e2te sur une entretoise absorbant l&rsquo;eau. Ainsi est form\u00e9e chaque feuille. <\/p>\n<p><a title=\"Czerpanie papieru\" href=\"http:\/\/muzeumpapiernictwa.pl\/fr\/papeterie\/fabrication-du-papier-puise\/\">Fabrication du papier puis\u00e9 <\/a><\/p>\n<h3>Vous en fabriquerez une vous-m\u00eame<\/h3>\n<p>En visitant le Mus\u00e9e dans le r\u00e9el, vous verrez comment on produit du papier par un proc\u00e9d\u00e9 connu depuis le Moyen Age. De plus \u2013 en participant \u00e0 l&rsquo;atelier, vous fabriquerez vous-m\u00eame votre feuille. Vous pouvez \u00e9galement prendre part \u00e0 d&rsquo;autres activit\u00e9s pratiques d\u00e9veloppant la cr\u00e9ativit\u00e9, bien entendu, avec l&rsquo;utilisation du papier. <\/p>\n<p><a href=\"http:\/\/muzeumpapiernictwa.pl\/fr\/education\/\">Ateliers<\/a><\/p>\n<h3>F\u00eate du papier <\/h3>\n<p>Nous l&rsquo;organisons le dernier week-end de juillet. La participation au festival et la visite du Mus\u00e9e sont alors gratuites et l&rsquo;offre d&rsquo;une participation active est extr\u00eamement attrayante : la fabrication du papier puis\u00e9, sa d\u00e9coration, le test de ses propri\u00e9t\u00e9s, l&rsquo;impression. En plus, il y a de nombreux stands des artistes, des artisans et ceux commerciaux offrant des produits locaux. <\/p>\n<p><a href=\"http:\/\/muzeumpapiernictwa.pl\/fr\/musee\/fete-du-papier\/\" target=\"_blank\">F\u00eate du papier <\/a><\/p>\n<h3>La Nuit des Mus\u00e9es, le Grand Orchestre et d&rsquo;autres occasion<\/h3>\n<p>La Nuit des Mus\u00e9es &#8211; initiative culturelle et \u00e9ducative \u00e0 l&rsquo;\u00e9chelle nationale &#8211; c&rsquo;est aussi la nuit du Mus\u00e9e de la Papeterie. La visite est libre et toujours accompagn\u00e9e par des attractions suppl\u00e9mentaires \u2013 un atelier de l&rsquo;art du papier, une nouvelle exposition temporelle, une pr\u00e9sentation int\u00e9ressante ou m\u00eame un spectacle.<\/p>\n<p>Nous participons \u00e9galement \u00e0 la r\u00e9alisation des projets dans le cadre des Journ\u00e9es Europ\u00e9ennes du Patrimoine, en organisant par exemple des conf\u00e9rences sur l&rsquo;histoire de Duszniki-Zdr\u00f3j. <\/p>\n<p>Les attractions occasionnelles, g\u00e9n\u00e9ralement avec l&rsquo;utilisation des ateliers de cr\u00e9ation en papier, accompagnent des occasions, comme la Journ\u00e9e des Enfants, la Journ\u00e9e des grands-parents, la Saint Valentin, No\u00ebl etc. Depuis quelques ann\u00e9es, \u00e0 la papeterie de Duszniki-Zdr\u00f3j, on fabrique de petits c\u0153urs en papier pour le Grand Orchestre de Charit\u00e9 de No\u00ebl. <\/p>\n<h3>Plein airs artistiques<\/h3>\n<p>organis\u00e9s par nous \u00e0 Duszniki-Zdr\u00f3j, souvent th\u00e9matiquement li\u00e9s au b\u00e2timent du moulin historique. Les participant sont habituellement \u00e9tudiants de l&rsquo;Acad\u00e9mie des Beaux-Arts sous la direction de leurs professeurs, mais il y a aussi les \u00e9l\u00e8ves des \u00e9coles secondaires locales et des coll\u00e8ges, guid\u00e9s par les \u00e9tudiants de l&rsquo;ASP. <\/p>\n<h3>Art du papier<\/h3>\n<p>Les artistes qui utilisent la p\u00e2te de papier ou et le papier comme mati\u00e8re artistique sont des visiteurs fr\u00e9quents au moulin de Duszniki-Zdr\u00f3j. Ils profitent de notre cuve, en cr\u00e9ant de nouvelles \u0153uvres, ils pr\u00e9sentent leurs comp\u00e9tences, ils exposent leurs oeuvres \u00e0 notre Mus\u00e9e. Parmi eux, il y a des artistes venant de l&rsquo;\u00e9tranger. En 2001, au Mus\u00e9e de la Papeterie avait lieu le Congr\u00e8s International IAPMA &#8211; de l&rsquo;Association des Artistes du papier. <\/p>\n<p><a href=\"http:\/\/muzeumpapiernictwa.pl\/fr\/musee\/art-du-papier\/\" target=\"_blank\">Art du papier<\/a><\/p>\n<h3>On peut puiser partout !<\/h3>\n<p>L&rsquo;activit\u00e9 culturelle et \u00e9ducative du Mus\u00e9e de Papeterie n&rsquo;est pas confin\u00e9e \u00e0 son si\u00e8ge. En plus des l&rsquo;exposition \u00ab errantes \u00bb, on utilise une cuve transportable pour organiser des ateliers de fabrication de papier dans des endroits tr\u00e8s diff\u00e9rents, pour des publics tr\u00e8s diff\u00e9rents. Li\u00e9s avec la diffusion des connaissances sur le papier et sur notre moulin \u00e0 papier, ces ateliers sont g\u00e9n\u00e9ralement pr\u00e9sent\u00e9s lors des festivals, des \u00e9v\u00e9nements culturels et de promotion, des foires du tourisme. Nos ateliers \u00e9taient pr\u00e9sents entre autres \u00e0 \u00ab Woodstock \u00bb et m\u00eame dans l&rsquo;\u00e9mission de t\u00e9l\u00e9vision \u00ab Nommez ce titre \u00bb.<\/p>\n<\/p>\n<p><\/p>","protected":false},"excerpt":{"rendered":"<p>Notre Mus\u00e9e ce ne sont pas uniquement des objets expos\u00e9s et des descriptions. Ne vous attendez pas \u00e0 un silence proverbial de mus\u00e9e. C&rsquo;est un lieu agit\u00e9 ! Au moulin \u00e0 papier de Duszniki-Zdr\u00f3j on produit toujours du papier Nos papetiers &#8211; ainsi que leurs pr\u00e9d\u00e9cesseurs pendant plus de quatre si\u00e8cles &#8211; plongent des tamis [&hellip;]<\/p>\n","protected":false},"author":1,"featured_media":0,"parent":0,"menu_order":650,"comment_status":"open","ping_status":"open","template":"","meta":{"_acf_changed":false,"ngg_post_thumbnail":0,"footnotes":""},"class_list":["post-157","page","type-page","status-publish","hentry"],"acf":[],"_links":{"self":[{"href":"https:\/\/muzeumpapiernictwa.pl\/fr\/wp-json\/wp\/v2\/pages\/157","targetHints":{"allow":["GET"]}}],"collection":[{"href":"https:\/\/muzeumpapiernictwa.pl\/fr\/wp-json\/wp\/v2\/pages"}],"about":[{"href":"https:\/\/muzeumpapiernictwa.pl\/fr\/wp-json\/wp\/v2\/types\/page"}],"author":[{"embeddable":true,"href":"https:\/\/muzeumpapiernictwa.pl\/fr\/wp-json\/wp\/v2\/users\/1"}],"replies":[{"embeddable":true,"href":"https:\/\/muzeumpapiernictwa.pl\/fr\/wp-json\/wp\/v2\/comments?post=157"}],"version-history":[{"count":25,"href":"https:\/\/muzeumpapiernictwa.pl\/fr\/wp-json\/wp\/v2\/pages\/157\/revisions"}],"predecessor-version":[{"id":294,"href":"https:\/\/muzeumpapiernictwa.pl\/fr\/wp-json\/wp\/v2\/pages\/157\/revisions\/294"}],"wp:attachment":[{"href":"https:\/\/muzeumpapiernictwa.pl\/fr\/wp-json\/wp\/v2\/media?parent=157"}],"curies":[{"name":"wp","href":"https:\/\/api.w.org\/{rel}","templated":true}]}}