{"id":15087,"date":"2020-04-30T11:50:22","date_gmt":"2020-04-30T09:50:22","guid":{"rendered":"http:\/\/muzeumpapiernictwa.pl\/?page_id=15087"},"modified":"2020-08-13T10:22:17","modified_gmt":"2020-08-13T08:22:17","slug":"otwieramy","status":"publish","type":"page","link":"https:\/\/muzeumpapiernictwa.pl\/fr\/actualites\/otwieramy\/","title":{"rendered":"Le Mus\u00e9e du Moulin \u00e0 papier ouvert au public dans de nouvelles conditions"},"content":{"rendered":"<p>La pand\u00e9mie de coronavirus a fortement chang\u00e9 nos habitudes. Elle a \u00e9galement interrompu une tr\u00e8s bonne p\u00e9riode pour le Mus\u00e9e du Moulin \u00e0 papier qui, dans les premi\u00e8res semaines de 2020, a b\u00e9n\u00e9fici\u00e9 d&rsquo;un grand int\u00e9r\u00eat de la part des touristes. En janvier et f\u00e9vrier, nous avons enregistr\u00e9 une augmentation de 75 % du nombre de visiteurs par rapport \u00e0 la m\u00eame p\u00e9riode en 2019.<\/p>\n<p>Conform\u00e9ment aux d\u00e9cisions des autorit\u00e9s de l&rsquo;\u00c9tat, le mus\u00e9e n&rsquo;a pas re\u00e7u de visiteurs depuis le 12 mars. Nous avons intensifi\u00e9 notre activit\u00e9 sur le \u00ab\u00a0r\u00e9seau\u00a0\u00bb en cr\u00e9ant sur notre site Web l&rsquo;onglet <em># Restez chez vous avec le Mus\u00e9e du Moulin \u00e0 papier<\/em>, o\u00f9 nous avons plac\u00e9 des films \u00e9ducatifs et des articles de vulgarisation scientifique. Nous n&rsquo;avons pas cess\u00e9 de pr\u00e9parer l&rsquo;inscription des moulins \u00e0 papiers les plus pr\u00e9cieux sur la liste de l&rsquo;UNESCO. Le projet, qui concerne des moulins \u00e0 papier historiques de Pologne (Duszniki-Zdr\u00f3j), de R\u00e9publique tch\u00e8que (Velke Losiny), d&rsquo;Allemagne (Homburg en Bavi\u00e8re) et de France (Ambert), se poursuit, bien que nous devions reporter aux mois d&rsquo;\u00e9t\u00e9 les t\u00e2ches pr\u00e9vues pour le printemps de cette ann\u00e9e.<\/p>\n<p>En avril, nous avons commenc\u00e9 les pr\u00e9parations pour l&rsquo;ouverture du mus\u00e9e, d\u00e9j\u00e0 dans de nouvelles conditions. Nous avons \u00e9labor\u00e9 de nouvelles r\u00e8gles de visite, qui ont \u00e9t\u00e9 consult\u00e9es avec la station sanitaire et \u00e9pid\u00e9miologique de K\u0142odzko. Le Mus\u00e9e du Moulin \u00e0 papier \u00e9tait pr\u00eat pour la r\u00e9ouverture fin avril \u2013 il ne manquait plus que les d\u00e9cisions gouvernementales permettant aux mus\u00e9es de rouvrir. Il s&rsquo;est av\u00e9r\u00e9 que les mus\u00e9es et les galeries pourront reprendre leurs activit\u00e9s lors de la \u00ab\u00a0deuxi\u00e8me phase de la reprise \u00e9conomique\u00a0\u00bb, qui a d\u00e9but\u00e9 le 4 mai. C&rsquo;est pourquoi le Mus\u00e9e du Moulin \u00e0 papier a \u00e9t\u00e9 rouvert au public le 4 mai, en tant que l&rsquo;un des premiers mus\u00e9es en Pologne. En raison du risque permanent d&rsquo;infection, nous fonctionnons sur une base l\u00e9g\u00e8rement diff\u00e9rente :<\/p>\n<p>&#8211; nous devons \u00e9viter de rassembler les gens, c&rsquo;est pourquoi nous limitons le nombre de personnes entrant dans le mus\u00e9e \u00e0 10 par demi-heure,<\/p>\n<p>&#8211; afin d&rsquo;\u00e9viter les files d&rsquo;attente devant le mus\u00e9e, nous avons mise en place des r\u00e9servations t\u00e9l\u00e9phoniques, il est donc pr\u00e9f\u00e9rable d&rsquo;appeler le num\u00e9ro suivant <strong>748\u00a0627\u00a0427 (EN), 748 627 413 (DE) ou email biuro@muzpap.pl<\/strong>\u00a0avant la visite pr\u00e9vue et fixer une heure de visite,<\/p>\n<p>&#8211; comme partout en Pologne, nous nous rendons en mus\u00e9e avec des masques et utilisons des d\u00e9sinfectants pour les mains,<\/p>\n<p>&#8211; pour les visiteurs, nous avons pr\u00e9par\u00e9 le contenu de l&rsquo;audioguide \u00e0 t\u00e9l\u00e9charger sur les smartphones (nos audioguides sont \u00e9galement disponibles, et apr\u00e8s chaque utilisation, ils sont d\u00e9sinfect\u00e9s) \u2013 nous avons des audioguides en anglais, allemand, tch\u00e8que et polonais,<\/p>\n<p>&#8211; il est possible de fabriquer sa propre feuille de papier, en utilisant \u00e9galement des r\u00e8gles de s\u00e9curit\u00e9 sp\u00e9ciales.<\/p>\n<p>Le mus\u00e9e est ouvert du lundi au samedi de 9h00 \u00e0 18h00 et le dimanche de 9h00 \u00e0 16h00. Vous \u00eates les bienvenus !<\/p>\n<p style=\"text-align: right;\"><em>Maciej SZYMCZYK<\/em><\/p>\n<p style=\"text-align: right;\"><em>Directeur du Mus\u00e9e du Moulin \u00e0 papier<\/em><\/p>\n<hr>\n<p style=\"text-align: left;\"><em><a href=\"http:\/\/muzeumpapiernictwa.pl\/wp-content\/uploads\/2020\/04\/czekamy-na-was-drzwi-otwarte-od-poniedzialku-4-maj.jpg\" data-rel=\"lightbox-image-0\" data-rl_title=\"\" data-rl_caption=\"\" title=\"\"><img loading=\"lazy\" decoding=\"async\" class=\"alignnone size-medium wp-image-15101\" src=\"http:\/\/muzeumpapiernictwa.pl\/wp-content\/uploads\/2020\/04\/czekamy-na-was-drzwi-otwarte-od-poniedzialku-4-maj-300x300.jpg\" alt=\"Czekamy na Was! Drzwi otwarte od poniedzia\u0142ku 4 maja :) #muzeumpapiernictwa #koronawirus #dusznikizdroj #czekamynawas #dozobaczeniawkr\u00f3tce #odpoczywajwpolsce\" width=\"300\" height=\"300\" srcset=\"https:\/\/muzeumpapiernictwa.pl\/wp-content\/uploads\/2020\/04\/czekamy-na-was-drzwi-otwarte-od-poniedzialku-4-maj-300x300.jpg 300w, https:\/\/muzeumpapiernictwa.pl\/wp-content\/uploads\/2020\/04\/czekamy-na-was-drzwi-otwarte-od-poniedzialku-4-maj-150x150.jpg 150w, https:\/\/muzeumpapiernictwa.pl\/wp-content\/uploads\/2020\/04\/czekamy-na-was-drzwi-otwarte-od-poniedzialku-4-maj-600x600.jpg 600w, https:\/\/muzeumpapiernictwa.pl\/wp-content\/uploads\/2020\/04\/czekamy-na-was-drzwi-otwarte-od-poniedzialku-4-maj.jpg 640w\" sizes=\"auto, (max-width: 300px) 100vw, 300px\" \/><\/a><\/em><\/p>\n<p><\/p>","protected":false},"excerpt":{"rendered":"<p>La pand\u00e9mie de coronavirus a fortement chang\u00e9 nos habitudes. Elle a \u00e9galement interrompu une tr\u00e8s bonne p\u00e9riode pour le Mus\u00e9e du Moulin \u00e0 papier qui, dans les premi\u00e8res semaines de 2020, a b\u00e9n\u00e9fici\u00e9 d&rsquo;un grand int\u00e9r\u00eat de la part des touristes. En janvier et f\u00e9vrier, nous avons enregistr\u00e9 une augmentation de 75 % du nombre [&hellip;]<\/p>\n","protected":false},"author":2,"featured_media":15101,"parent":137,"menu_order":623,"comment_status":"open","ping_status":"open","template":"","meta":{"_acf_changed":false,"ngg_post_thumbnail":0,"footnotes":""},"class_list":["post-15087","page","type-page","status-publish","has-post-thumbnail","hentry"],"acf":[],"_links":{"self":[{"href":"https:\/\/muzeumpapiernictwa.pl\/fr\/wp-json\/wp\/v2\/pages\/15087","targetHints":{"allow":["GET"]}}],"collection":[{"href":"https:\/\/muzeumpapiernictwa.pl\/fr\/wp-json\/wp\/v2\/pages"}],"about":[{"href":"https:\/\/muzeumpapiernictwa.pl\/fr\/wp-json\/wp\/v2\/types\/page"}],"author":[{"embeddable":true,"href":"https:\/\/muzeumpapiernictwa.pl\/fr\/wp-json\/wp\/v2\/users\/2"}],"replies":[{"embeddable":true,"href":"https:\/\/muzeumpapiernictwa.pl\/fr\/wp-json\/wp\/v2\/comments?post=15087"}],"version-history":[{"count":14,"href":"https:\/\/muzeumpapiernictwa.pl\/fr\/wp-json\/wp\/v2\/pages\/15087\/revisions"}],"predecessor-version":[{"id":15202,"href":"https:\/\/muzeumpapiernictwa.pl\/fr\/wp-json\/wp\/v2\/pages\/15087\/revisions\/15202"}],"up":[{"embeddable":true,"href":"https:\/\/muzeumpapiernictwa.pl\/fr\/wp-json\/wp\/v2\/pages\/137"}],"wp:featuredmedia":[{"embeddable":true,"href":"https:\/\/muzeumpapiernictwa.pl\/fr\/wp-json\/wp\/v2\/media\/15101"}],"wp:attachment":[{"href":"https:\/\/muzeumpapiernictwa.pl\/fr\/wp-json\/wp\/v2\/media?parent=15087"}],"curies":[{"name":"wp","href":"https:\/\/api.w.org\/{rel}","templated":true}]}}