{"id":14986,"date":"2020-04-07T14:41:55","date_gmt":"2020-04-07T12:41:55","guid":{"rendered":"http:\/\/muzeumpapiernictwa.pl\/?page_id=14986"},"modified":"2020-04-07T14:41:55","modified_gmt":"2020-04-07T12:41:55","slug":"zawiadomienie-o-uniewaznieniu-zapytania-ofertowego-swiadczenie-uslug-w-zakresie-ochrony-i-dozoru-mienia","status":"publish","type":"page","link":"https:\/\/muzeumpapiernictwa.pl\/fr\/polski-bip\/polski-ogloszenia\/zawiadomienie-o-uniewaznieniu-zapytania-ofertowego-swiadczenie-uslug-w-zakresie-ochrony-i-dozoru-mienia\/","title":{"rendered":"Zawiadomienie o uniewa\u017cnieniu zapytania ofertowego &#8211; \u015bwiadczenie us\u0142ug w zakresie ochrony i dozoru mienia"},"content":{"rendered":"<p class=\"qtranxs-available-languages-message qtranxs-available-languages-message-fr\"><span><\/span><\/p>","protected":false},"excerpt":{"rendered":"","protected":false},"author":4,"featured_media":0,"parent":3125,"menu_order":1059,"comment_status":"open","ping_status":"open","template":"bip.php","meta":{"_acf_changed":false,"ngg_post_thumbnail":0,"footnotes":""},"class_list":["post-14986","page","type-page","status-publish","hentry"],"acf":[],"_links":{"self":[{"href":"https:\/\/muzeumpapiernictwa.pl\/fr\/wp-json\/wp\/v2\/pages\/14986","targetHints":{"allow":["GET"]}}],"collection":[{"href":"https:\/\/muzeumpapiernictwa.pl\/fr\/wp-json\/wp\/v2\/pages"}],"about":[{"href":"https:\/\/muzeumpapiernictwa.pl\/fr\/wp-json\/wp\/v2\/types\/page"}],"author":[{"embeddable":true,"href":"https:\/\/muzeumpapiernictwa.pl\/fr\/wp-json\/wp\/v2\/users\/4"}],"replies":[{"embeddable":true,"href":"https:\/\/muzeumpapiernictwa.pl\/fr\/wp-json\/wp\/v2\/comments?post=14986"}],"version-history":[{"count":0,"href":"https:\/\/muzeumpapiernictwa.pl\/fr\/wp-json\/wp\/v2\/pages\/14986\/revisions"}],"up":[{"embeddable":true,"href":"https:\/\/muzeumpapiernictwa.pl\/fr\/wp-json\/wp\/v2\/pages\/3125"}],"wp:attachment":[{"href":"https:\/\/muzeumpapiernictwa.pl\/fr\/wp-json\/wp\/v2\/media?parent=14986"}],"curies":[{"name":"wp","href":"https:\/\/api.w.org\/{rel}","templated":true}]}}