{"id":13681,"date":"2019-08-09T12:11:12","date_gmt":"2019-08-09T10:11:12","guid":{"rendered":"http:\/\/muzeumpapiernictwa.pl\/?page_id=13681"},"modified":"2019-08-12T12:12:31","modified_gmt":"2019-08-12T10:12:31","slug":"zawiadomienie-o-wyborze-najkorzystniejszej-oferty-na-wykonanie-projektu-koncepcyjnego-i-kompletnego-projektu-wykonawczego-aranzacji-ekspozycji-stalych-w-muzeum-papiernictwa-w-dusznikach-zdroju-w-stref","status":"publish","type":"page","link":"https:\/\/muzeumpapiernictwa.pl\/fr\/polski-bip\/polski-ogloszenia\/zawiadomienie-o-wyborze-najkorzystniejszej-oferty-na-wykonanie-projektu-koncepcyjnego-i-kompletnego-projektu-wykonawczego-aranzacji-ekspozycji-stalych-w-muzeum-papiernictwa-w-dusznikach-zdroju-w-stref\/","title":{"rendered":"Zawiadomienie o wyborze najkorzystniejszej oferty na wykonanie projektu koncepcyjnego i kompletnego projektu wykonawczego aran\u017cacji ekspozycji sta\u0142ych w Muzeum Papiernictwa w Dusznikach-Zdroju w strefie budynku M\u0142yna papierniczego"},"content":{"rendered":"<p class=\"qtranxs-available-languages-message qtranxs-available-languages-message-fr\"><span><\/span><\/p>","protected":false},"excerpt":{"rendered":"","protected":false},"author":2,"featured_media":0,"parent":3125,"menu_order":1070,"comment_status":"open","ping_status":"open","template":"bip.php","meta":{"_acf_changed":false,"ngg_post_thumbnail":0,"footnotes":""},"class_list":["post-13681","page","type-page","status-publish","hentry"],"acf":[],"_links":{"self":[{"href":"https:\/\/muzeumpapiernictwa.pl\/fr\/wp-json\/wp\/v2\/pages\/13681","targetHints":{"allow":["GET"]}}],"collection":[{"href":"https:\/\/muzeumpapiernictwa.pl\/fr\/wp-json\/wp\/v2\/pages"}],"about":[{"href":"https:\/\/muzeumpapiernictwa.pl\/fr\/wp-json\/wp\/v2\/types\/page"}],"author":[{"embeddable":true,"href":"https:\/\/muzeumpapiernictwa.pl\/fr\/wp-json\/wp\/v2\/users\/2"}],"replies":[{"embeddable":true,"href":"https:\/\/muzeumpapiernictwa.pl\/fr\/wp-json\/wp\/v2\/comments?post=13681"}],"version-history":[{"count":0,"href":"https:\/\/muzeumpapiernictwa.pl\/fr\/wp-json\/wp\/v2\/pages\/13681\/revisions"}],"up":[{"embeddable":true,"href":"https:\/\/muzeumpapiernictwa.pl\/fr\/wp-json\/wp\/v2\/pages\/3125"}],"wp:attachment":[{"href":"https:\/\/muzeumpapiernictwa.pl\/fr\/wp-json\/wp\/v2\/media?parent=13681"}],"curies":[{"name":"wp","href":"https:\/\/api.w.org\/{rel}","templated":true}]}}