{"id":11812,"date":"2018-12-13T09:06:26","date_gmt":"2018-12-13T08:06:26","guid":{"rendered":"http:\/\/muzeumpapiernictwa.pl\/?page_id=11812"},"modified":"2025-05-19T15:38:30","modified_gmt":"2025-05-19T13:38:30","slug":"zaplanuj-wizyte-w-muzeum","status":"publish","type":"page","link":"https:\/\/muzeumpapiernictwa.pl\/fr\/polski-zaplanuj-wizyte-w-muzeum\/","title":{"rendered":"Planifier une visite au mus\u00e9e"},"content":{"rendered":"<p><\/p>\n<p><strong>Horaires d&rsquo;ouvertures<\/strong><\/p>\n<p>Novembre \u2013 Avril :<br \/>\nMardi \u2013 Dimanche 9:00-15:00<\/p>\n<p>Mai \u2013 Ao\u00fbt :<br \/>\nLundi \u2013 Samedi 9:00-18:00<br \/>\nDimanche 9:00-16:00<\/p>\n<p>Septembre \u2013 Octobre:<br \/>\nLundi \u2013 Samedi 9:00-17:00,<br \/>\nDimanche 9:00-16:00<\/p>\n<p><strong>Pendant les vacances d&rsquo;hiver, le mus\u00e9e est ouvert:<\/strong><\/p>\n<p>Lundi \u2013 Samedi 9:00-18:00<\/p>\n<p>Dimanche 9:00-16:00<\/p>\n<hr>\n<p><strong>Le mus\u00e9e est ferm\u00e9 les jours suivants<\/strong><\/p>\n<p>Lundi \u2013 dans la p\u00e9riode de Novembre \u00e0 Avril (sauf pendant les vacances d&rsquo;hiver)<br \/>\nNouvel An \u2013 1er Janvier<br \/>\n\u00c9piphanie \u2013 6 Janvier<br \/>\nP\u00e2ques \u2013 I et II jour de vacances<br \/>\nCorpus Christi<br \/>\nToussaint \u2013 1er Novembre<br \/>\nJour de l&rsquo;Ind\u00e9pendance \u2013 11 Novembre<br \/>\nNo\u00ebl \u2013 25 et 26 D\u00e9cembre<\/p>\n<hr>\n<p><strong>Important<\/strong><\/p>\n<p>Il faut pr\u00e9voir environ 1h30 pour visiter l&rsquo;ensemble du mus\u00e9e.<br \/>\nIl est possible de commencer la visite au plus tard 1h30 avant l&rsquo;heure de fermeture.<\/p>\n<p>Si les visiteurs arrivent plus tard au Mus\u00e9e, un seul des deux parcours pourra leur \u00eatre mis \u00e0 disposition. Trop peu de temps pass\u00e9 par les visiteurs pour visiter l&rsquo;exposition ne constitue pas un motif de reclamation.<\/p>\n<hr>\n<p><strong>Instruction pour les visiteurs<\/strong><\/p>\n<p>Lors de vos d\u00e9placements \u00e0 l&rsquo;int\u00e9rieur de la papeterie, je vous prie de bien vouloir faire attention dans les passages entre les pi\u00e8ces. Veuillez noter les cadres de porte bas, les escaliers raides et les marches non standard.<br \/>\nLes b\u00e2timents de la papeterie de Duszniki-Zdr\u00f3j ont \u00e9t\u00e9 construits du XVIe au XVIIIe si\u00e8cle. Par cons\u00e9quent, de nombreuses solutions architecturales utilis\u00e9es ici ne sont pas conformes aux r\u00e9glementations actuelles du droit de la construction pour les nouveaux b\u00e2timents. Pour cette raison, il existe des dangers potentiels \u00e0 certains endroits des voies de communication.<\/p>\n<p>Directeur du Mus\u00e9e<br \/>\nMaciej Szymczyk<\/p>\n<hr>\n<p><a href=\"https:\/\/muzeumpapiernictwa.pl\/fr\/regulamin-zwiedzania-muzeum-papiernictwa\/\">R\u00e8glement de visite du Mus\u00e9e de la Papeterie<\/a><\/p>\n<hr>\n<p>CHOISIR UNE OPTION:<\/p>\n<p><a class=\"noafter\" href=\"#zwiedzanie-indywidualne\"><img loading=\"lazy\" decoding=\"async\" class=\"alignleft wp-image-21277\" src=\"https:\/\/muzeumpapiernictwa.pl\/wp-content\/uploads\/2023\/08\/zwiedzanie-indywidualne-FR-1024x318.png\" alt=\"\" width=\"500\" height=\"155\" srcset=\"https:\/\/muzeumpapiernictwa.pl\/wp-content\/uploads\/2023\/08\/zwiedzanie-indywidualne-FR-1024x318.png 1024w, https:\/\/muzeumpapiernictwa.pl\/wp-content\/uploads\/2023\/08\/zwiedzanie-indywidualne-FR-300x93.png 300w, https:\/\/muzeumpapiernictwa.pl\/wp-content\/uploads\/2023\/08\/zwiedzanie-indywidualne-FR-768x238.png 768w, https:\/\/muzeumpapiernictwa.pl\/wp-content\/uploads\/2023\/08\/zwiedzanie-indywidualne-FR-600x186.png 600w, https:\/\/muzeumpapiernictwa.pl\/wp-content\/uploads\/2023\/08\/zwiedzanie-indywidualne-FR-1536x477.png 1536w, https:\/\/muzeumpapiernictwa.pl\/wp-content\/uploads\/2023\/08\/zwiedzanie-indywidualne-FR-2048x636.png 2048w\" sizes=\"auto, (max-width: 500px) 100vw, 500px\" \/><\/a><\/p>\n<p>&nbsp;<\/p>\n<p><a class=\"noafter\" href=\"#zwiedzanie-w-grupie\"><img loading=\"lazy\" decoding=\"async\" class=\"alignleft wp-image-21278\" src=\"https:\/\/muzeumpapiernictwa.pl\/wp-content\/uploads\/2023\/08\/zwiedzanie-w-grupie-FR-1024x358.png\" alt=\"\" width=\"500\" height=\"175\" srcset=\"https:\/\/muzeumpapiernictwa.pl\/wp-content\/uploads\/2023\/08\/zwiedzanie-w-grupie-FR-1024x358.png 1024w, https:\/\/muzeumpapiernictwa.pl\/wp-content\/uploads\/2023\/08\/zwiedzanie-w-grupie-FR-300x105.png 300w, https:\/\/muzeumpapiernictwa.pl\/wp-content\/uploads\/2023\/08\/zwiedzanie-w-grupie-FR-768x269.png 768w, https:\/\/muzeumpapiernictwa.pl\/wp-content\/uploads\/2023\/08\/zwiedzanie-w-grupie-FR-600x210.png 600w, https:\/\/muzeumpapiernictwa.pl\/wp-content\/uploads\/2023\/08\/zwiedzanie-w-grupie-FR-1536x538.png 1536w, https:\/\/muzeumpapiernictwa.pl\/wp-content\/uploads\/2023\/08\/zwiedzanie-w-grupie-FR-2048x717.png 2048w\" sizes=\"auto, (max-width: 500px) 100vw, 500px\" \/><\/a><\/p>\n<p>&nbsp;<\/p>\n<p>&nbsp;<\/p>\n<p>&nbsp;<\/p>\n<p>&nbsp;<\/p>\n<p>&nbsp;<\/p>\n<p>&nbsp;<\/p>\n<p>&nbsp;<\/p>\n<p>&nbsp;<\/p>\n<p>&nbsp;<\/p>\n<p>&nbsp;<\/p>\n<p>&nbsp;<\/p>\n<p>&nbsp;<\/p>\n<p>&nbsp;<\/p>\n<p>&nbsp;<\/p>\n<p id=\"zwiedzanie-indywidualne\"><strong>&nbsp;<\/strong><\/p>\n<h1>Visites individuelles<\/h1>\n<p><strong>Comment visiter<\/strong><\/p>\n<p>Une visite au mus\u00e9e comprend une visite guid\u00e9e\/audioguide de la Route I avec le papier \u00e0 travers deux mill\u00e9naires et une visite ind\u00e9pendante de la Route II Art et monnaie, c&rsquo;est-\u00e0-dire des expositions temporaires en cours (dont la galerie d&rsquo;art du papier), des salles avec des polychromes et le papier-monnaie polonais exposition.<\/p>\n<hr>\n<p><strong>Comment utiliser un audioguide<\/strong><\/p>\n<p>Chaque visiteur peut utiliser l&rsquo;audioguide, pour la location duquel nous ne facturons aucun frais suppl\u00e9mentaire.<\/p>\n<p>Les audioguides sont disponibles dans les versions linguistiques suivantes : polonais, tch\u00e8que, anglais, allemand et ukrainien. Dans la version polonaise, vous pouvez en outre choisir le soi-disant un parcours familial pens\u00e9 pour les enfants.<\/p>\n<p><span style=\"color: #0000ff;\">Le guide audio est disponible sous forme de fichier MP3 pour votre t\u00e9l\u00e9phone ou votre tablette. Ayez simplement vos \u00e9couteurs avec vous et \u00e0 la caisse, scannez le code QR avec le lien ou t\u00e9l\u00e9chargez le fichier<\/span><\/p>\n<p><a href=\"https:\/\/muzeumpapiernictwa.pl\/wp-content\/uploads\/2023\/03\/2023-03-audioprzewodnik-EN_mixdown.mp3\">T\u00e9l\u00e9chargez l&rsquo;audioguide adulte en anglais<\/a><\/p>\n<hr>\n<p><strong>Atelier de fabrication de papier<\/strong><\/p>\n<p>Moyennant un suppl\u00e9ment, vous pouvez participer \u00e0 des ateliers de fabrication de papier, qui ont lieu toutes les heures les jours ouvrables du mus\u00e9e. Les billets peuvent \u00eatre achet\u00e9s les jours ouvrables \u00e0 la billetterie, et le week-end, vous pouvez \u00e9galement les acheter en ligne. Les derniers cours commencent une heure avant la fermeture.<\/p>\n<p>Les participants \u00e0 l&rsquo;atelier fabriquent des cartes de formes vari\u00e9es, avec des \u00e9l\u00e9ments v\u00e9g\u00e9taux, une technique d\u00e9velopp\u00e9e dans l&rsquo;Italie m\u00e9di\u00e9vale. Des feuilles faites \u00e0 la main sont conserv\u00e9es en souvenir du s\u00e9jour dans le mus\u00e9e.<\/p>\n<p>Nombre maximum de participants : 7 \/ 1h<\/p>\n<p>Tranche d&rsquo;\u00e2ge : 5+<\/p>\n<p>&nbsp;<\/p>\n<p><a href=\"https:\/\/bilety.muzeumpapiernictwa.pl\/rezerwacja\/wydarzenie.html?d=3&amp;lang=en\"><img loading=\"lazy\" decoding=\"async\" class=\"alignleft wp-image-21282\" src=\"https:\/\/muzeumpapiernictwa.pl\/wp-content\/uploads\/2023\/08\/kup-bilet-FR.png\" alt=\"\" width=\"150\" height=\"73\" srcset=\"https:\/\/muzeumpapiernictwa.pl\/wp-content\/uploads\/2023\/08\/kup-bilet-FR.png 658w, https:\/\/muzeumpapiernictwa.pl\/wp-content\/uploads\/2023\/08\/kup-bilet-FR-300x146.png 300w, https:\/\/muzeumpapiernictwa.pl\/wp-content\/uploads\/2023\/08\/kup-bilet-FR-600x292.png 600w\" sizes=\"auto, (max-width: 150px) 100vw, 150px\" \/><\/a><\/p>\n<p>&nbsp;<\/p>\n<p>&nbsp;<\/p>\n<p>&nbsp;<\/p>\n<p>&nbsp;<\/p>\n<p>&nbsp;<\/p>\n<p>&nbsp;<\/p>\n<p>&nbsp;<\/p>\n<p>&nbsp;<\/p>\n<p id=\"zwiedzanie-w-grupie\"><strong>&nbsp;<\/strong><\/p>\n<h1>Visite de groupe (min. 10 personnes)<\/h1>\n<p><strong>Expositions du mus\u00e9e<\/strong><\/p>\n<p>Il faut r\u00e9server au moins 2 heures pour visiter l&rsquo;ensemble du mus\u00e9e.<\/p>\n<p>La visite peut commencer au plus tard 2 heures avant l&rsquo;heure de fermeture. Si les visiteurs arrivent plus tard \u00e0 l&rsquo;\u00e9tablissement, seul le parcours I pourra \u00eatre mis \u00e0 leur disposition (d\u00e9tails ci-dessous). Trop peu de temps pass\u00e9 par les visiteurs pour visiter l&rsquo;exposition ne constitue pas un motif de r\u00e9clamation.<\/p>\n<p><strong>Comment visiter<\/strong><\/p>\n<p>Une visite au mus\u00e9e comprend une visite guid\u00e9e\/audioguide de la Route I avec du papier \u00e0 travers deux mill\u00e9naires et une visite ind\u00e9pendante de la Route II Art et monnaie, c&rsquo;est-\u00e0-dire des expositions temporaires en cours (dont la galerie d&rsquo;art du papier), des salles avec des polychromes et le papier-monnaie polonais exposition.<\/p>\n<p><strong>Cours de mus\u00e9e<\/strong><\/p>\n<ul>\n<li>comprennent la visite du parcours de base sur l&rsquo;histoire du papier et de la fabrication du papier Avec le papier \u00e0 travers deux mill\u00e9naires et des cours pratiques,<\/li>\n<li>sont destin\u00e9s uniquement aux groups,<\/li>\n<li>se d\u00e9roulent du lundi au vendredi.<br \/>\nLes cours pratiques sont un compl\u00e9ment parfait au programme d&rsquo;histoire, d&rsquo;art et de technologie, ils facilitent le contact des participants avec l&rsquo;exposition du mus\u00e9e, leur apprenant \u00e0 en d\u00e9couvrir une vari\u00e9t\u00e9 de contenus. La partie pratique de la le\u00e7on facilite l&rsquo;assimilation de nouvelles connaissances et comp\u00e9tences, et le travail effectu\u00e9 par les participants est un souvenir int\u00e9ressant du s\u00e9jour \u00e0 la papeterie.<\/li>\n<\/ul>\n<p>&nbsp;<\/p>\n<p><a href=\"https:\/\/bilety.muzeumpapiernictwa.pl\/index.html?lang=en\"><img loading=\"lazy\" decoding=\"async\" class=\"alignleft wp-image-21283\" src=\"https:\/\/muzeumpapiernictwa.pl\/wp-content\/uploads\/2023\/08\/kup-bilet-zarezerwuj-FR.png\" alt=\"\" width=\"150\" height=\"73\" srcset=\"https:\/\/muzeumpapiernictwa.pl\/wp-content\/uploads\/2023\/08\/kup-bilet-zarezerwuj-FR.png 658w, https:\/\/muzeumpapiernictwa.pl\/wp-content\/uploads\/2023\/08\/kup-bilet-zarezerwuj-FR-300x146.png 300w, https:\/\/muzeumpapiernictwa.pl\/wp-content\/uploads\/2023\/08\/kup-bilet-zarezerwuj-FR-600x292.png 600w\" sizes=\"auto, (max-width: 150px) 100vw, 150px\" \/><\/a><\/p>\n<p><\/p>","protected":false},"excerpt":{"rendered":"<p>Horaires d&rsquo;ouvertures Novembre \u2013 Avril : Mardi \u2013 Dimanche 9:00-15:00 Mai \u2013 Ao\u00fbt : Lundi \u2013 Samedi 9:00-18:00 Dimanche 9:00-16:00 Septembre \u2013 Octobre: Lundi \u2013 Samedi 9:00-17:00, Dimanche 9:00-16:00 Pendant les vacances d&rsquo;hiver, le mus\u00e9e est ouvert: Lundi \u2013 Samedi 9:00-18:00 Dimanche 9:00-16:00 Le mus\u00e9e est ferm\u00e9 les jours suivants Lundi \u2013 dans la p\u00e9riode [&hellip;]<\/p>\n","protected":false},"author":2,"featured_media":0,"parent":0,"menu_order":226,"comment_status":"open","ping_status":"open","template":"","meta":{"_acf_changed":false,"ngg_post_thumbnail":0,"footnotes":""},"class_list":["post-11812","page","type-page","status-publish","hentry"],"acf":[],"_links":{"self":[{"href":"https:\/\/muzeumpapiernictwa.pl\/fr\/wp-json\/wp\/v2\/pages\/11812","targetHints":{"allow":["GET"]}}],"collection":[{"href":"https:\/\/muzeumpapiernictwa.pl\/fr\/wp-json\/wp\/v2\/pages"}],"about":[{"href":"https:\/\/muzeumpapiernictwa.pl\/fr\/wp-json\/wp\/v2\/types\/page"}],"author":[{"embeddable":true,"href":"https:\/\/muzeumpapiernictwa.pl\/fr\/wp-json\/wp\/v2\/users\/2"}],"replies":[{"embeddable":true,"href":"https:\/\/muzeumpapiernictwa.pl\/fr\/wp-json\/wp\/v2\/comments?post=11812"}],"version-history":[{"count":328,"href":"https:\/\/muzeumpapiernictwa.pl\/fr\/wp-json\/wp\/v2\/pages\/11812\/revisions"}],"predecessor-version":[{"id":24236,"href":"https:\/\/muzeumpapiernictwa.pl\/fr\/wp-json\/wp\/v2\/pages\/11812\/revisions\/24236"}],"wp:attachment":[{"href":"https:\/\/muzeumpapiernictwa.pl\/fr\/wp-json\/wp\/v2\/media?parent=11812"}],"curies":[{"name":"wp","href":"https:\/\/api.w.org\/{rel}","templated":true}]}}