{"id":108,"date":"2014-11-13T17:17:46","date_gmt":"2014-11-13T16:17:46","guid":{"rendered":"http:\/\/muzeumpapiernictwa.pl\/?page_id=108"},"modified":"2020-08-13T14:27:24","modified_gmt":"2020-08-13T12:27:24","slug":"warto-wiedziec","status":"publish","type":"page","link":"https:\/\/muzeumpapiernictwa.pl\/fr\/education\/bon-a-savoir\/","title":{"rendered":"Bon \u00e0 savoir"},"content":{"rendered":"<p><strong>Vous devez le savoir :<\/strong><\/p>\n<ul>\n<li>&nbsp;\n<ul>\n<li>la fabrication du papier \u00e0 Duszniki a commenc\u00e9 avant 1562,<\/li>\n<li>aujourd&rsquo;hui, le moulin \u00e0 papier de Duszniki est l&rsquo;un des monuments les plus pr\u00e9cieux au monde, et en 2011, il a re\u00e7u le statut de Monument historique,<\/li>\n<li>actuellement, des efforts sont faits pour inscrire le moulin sur la liste du patrimoine mondial de l&rsquo;UNESCO (depuis octobre 2019, le moulin est sur la liste indicative (<em>Tentative list<\/em>) de l&rsquo;UNESCO),<\/li>\n<li>&nbsp;le premier moulin de papier polonais a \u00e9t\u00e9 cr\u00e9\u00e9 en 1491 \u00e0 Pr\u0105dnik Czerwony (aujourd&rsquo;hui un quartier de Cracovie),<\/li>\n<li>en 1798, un Fran\u00e7ais, Louis Nicolas Robert a invent\u00e9 une machine \u00e0 papier ; l&rsquo;extension de la production de machines a entra\u00een\u00e9 le remplacement des moulins par des usines de papier (seules 30 usines de papier ont surv\u00e9cu en Europe \u00e0 ce jour),<\/li>\n<li>dans le monde, environ 413 millions de tonnes de papier sont produites chaque ann\u00e9e, dont 4,8 millions de tonnes en Pologne (la part de notre pays dans la production mondiale atteint 1,2 %),<\/li>\n<li>pas moins de 2,9 millions de tonnes (environ 60 %) de papier produit en Pologne est utilis\u00e9 pour l&#8217;emballage, pr\u00e8s de 0,7 million de tonnes (environ 15 %) \u00e0 des fins d&rsquo;hygi\u00e8ne et sanitaires, tandis que le papier d&rsquo;\u00e9criture et d&rsquo;impression est produit \u00e0 hauteur de 0,8 million de tonnes (environ 17 %),<\/li>\n<li>un habitant statistique du monde consomme environ 54 kg de papier par an, et un habitant polonais environ 140 kg,<\/li>\n<\/ul>\n<\/li>\n<\/ul>\n<ul>\n<li>&nbsp;\n<ul>\n<li>le papier a commenc\u00e9 \u00e0 \u00eatre fabriqu\u00e9 en Chine vers 105 apr\u00e8s J.-C., et Caj Luna est consid\u00e9r\u00e9 comme l&rsquo;inventeur du papier,<\/li>\n<li>les premi\u00e8res feuilles de papier dans l&rsquo;histoire de l&rsquo;humanit\u00e9 ont \u00e9t\u00e9 fabriqu\u00e9es \u00e0 partir de fibres obtenues \u00e0 partir de m\u00fbriers et de chiffons, de vieux filets de p\u00eache et de cordes,<\/li>\n<li>jusqu&rsquo;au XIXe si\u00e8cle, la mati\u00e8re premi\u00e8re de base dans les papeteries europ\u00e9ennes \u00e9tait la fibre de chiffon,<\/li>\n<li>le bois a \u00e9t\u00e9 utilis\u00e9 pour la premi\u00e8re fois pour fabriquer du papier en 1844,<\/li>\n<li>aujourd&rsquo;hui, l&rsquo;industrie du papier utilise de plus en plus de d\u00e9chets de papier, principalement pour la production d&#8217;emballages et de papier journal,<\/li>\n<li>en Europe, les premi\u00e8res papeteries ont \u00e9t\u00e9 \u00e9tablies dans le sud de l&rsquo;Italie et en Espagne par les Arabes aux Xe et XIe si\u00e8cles,<\/li>\n<li>au XIIIe si\u00e8cle, une roue \u00e0 eau \u00e9tait utilis\u00e9e pour entra\u00eener l&rsquo;\u00e9quipement du papier ; depuis lors, les papeteries sont appel\u00e9es \u00ab&nbsp;moulins \u00e0 papier&nbsp;\u00bb,<\/li>\n<li>pendant cinq si\u00e8cles, plusieurs milliers de moulins de papier ont \u00e9t\u00e9 construits en Europe.<\/li>\n<\/ul>\n<\/li>\n<\/ul>\n<p><\/p>","protected":false},"excerpt":{"rendered":"<p>Vous devez le savoir : &nbsp; la fabrication du papier \u00e0 Duszniki a commenc\u00e9 avant 1562, aujourd&rsquo;hui, le moulin \u00e0 papier de Duszniki est l&rsquo;un des monuments les plus pr\u00e9cieux au monde, et en 2011, il a re\u00e7u le statut de Monument historique, actuellement, des efforts sont faits pour inscrire le moulin sur la liste [&hellip;]<\/p>\n","protected":false},"author":1,"featured_media":0,"parent":170,"menu_order":970,"comment_status":"open","ping_status":"open","template":"","meta":{"_acf_changed":false,"ngg_post_thumbnail":0,"footnotes":""},"class_list":["post-108","page","type-page","status-publish","hentry"],"acf":[],"_links":{"self":[{"href":"https:\/\/muzeumpapiernictwa.pl\/fr\/wp-json\/wp\/v2\/pages\/108","targetHints":{"allow":["GET"]}}],"collection":[{"href":"https:\/\/muzeumpapiernictwa.pl\/fr\/wp-json\/wp\/v2\/pages"}],"about":[{"href":"https:\/\/muzeumpapiernictwa.pl\/fr\/wp-json\/wp\/v2\/types\/page"}],"author":[{"embeddable":true,"href":"https:\/\/muzeumpapiernictwa.pl\/fr\/wp-json\/wp\/v2\/users\/1"}],"replies":[{"embeddable":true,"href":"https:\/\/muzeumpapiernictwa.pl\/fr\/wp-json\/wp\/v2\/comments?post=108"}],"version-history":[{"count":16,"href":"https:\/\/muzeumpapiernictwa.pl\/fr\/wp-json\/wp\/v2\/pages\/108\/revisions"}],"predecessor-version":[{"id":15013,"href":"https:\/\/muzeumpapiernictwa.pl\/fr\/wp-json\/wp\/v2\/pages\/108\/revisions\/15013"}],"up":[{"embeddable":true,"href":"https:\/\/muzeumpapiernictwa.pl\/fr\/wp-json\/wp\/v2\/pages\/170"}],"wp:attachment":[{"href":"https:\/\/muzeumpapiernictwa.pl\/fr\/wp-json\/wp\/v2\/media?parent=108"}],"curies":[{"name":"wp","href":"https:\/\/api.w.org\/{rel}","templated":true}]}}