{"id":104,"date":"2014-11-13T17:17:05","date_gmt":"2014-11-13T16:17:05","guid":{"rendered":"http:\/\/muzeumpapiernictwa.pl\/?page_id=104"},"modified":"2024-01-03T11:38:08","modified_gmt":"2024-01-03T10:38:08","slug":"lekcje-muzealne-i-warsztaty","status":"publish","type":"page","link":"https:\/\/muzeumpapiernictwa.pl\/fr\/education\/lecons-au-musee-et-ateliers\/","title":{"rendered":"Le\u00e7ons au mus\u00e9e et ateliers"},"content":{"rendered":"<p><\/p>\n<p>Dans notre offre \u00e9ducative, nous proposons des cours adress\u00e9s \u00e0 tous les \u00e2ges. Nous popularisons l&rsquo;histoire du papier, les techniques de sa production, ainsi que de diff\u00e9rentes fa\u00e7ons d&rsquo;utiliser ce mat\u00e9riel. Les le\u00e7ons au mus\u00e9e sont un compl\u00e9ment parfait du programme de l&rsquo;enseignement de l&rsquo;histoire, de l&rsquo;art et de la technologie, elles facilitent le contact avec un objet expos\u00e9, apprennent \u00e0 le d\u00e9couvrir. Les ateliers, \u00e0 leur tour, facilitent l&rsquo;adoption des nouvelles connaissances, tandis que les objets r\u00e9alis\u00e9s par les participants restent un souvenir int\u00e9ressant de leur visite au moulin \u00e0 papier.<\/p>\n<p><a href=\"http:\/\/muzeumpapiernictwa.pl\/fr\/galerie\/galerie-ateliers\/\" target=\"_blank\" rel=\"noopener noreferrer\">Galerie \u2013 Ateliers<\/a><\/p>\n<h3>le\u00e7ons au mus\u00e9e<\/h3>\n<ul>\n<li>elles comprennent une visite guid\u00e9e du mus\u00e9e et les ateliers<\/li>\n<li>elles sont destin\u00e9es aux groupes ;<\/li>\n<li>elles sont soumises \u00e0 une obligation de <a href=\"https:\/\/bilety.muzeumpapiernictwa.pl\/index.html?lang=en\">r\u00e9servation<\/a> pr\u00e9alable ;<\/li>\n<\/ul>\n<h3><strong>ateliers <\/strong><\/h3>\n<ul>\n<li>ce sont des cours pratiques anim\u00e9s par le personnel technique du Mus\u00e9e ;<\/li>\n<li>adress\u00e9s \u00e0 des personnes qui ont d\u00e9j\u00e0 visit\u00e9 le Mus\u00e9e ;<\/li>\n<li>ils sont con\u00e7us pour des groupes, \u00e0 l&rsquo;exception de l&rsquo;atelier \u00ab papier fait main \u00bb (fabrication du papier puis\u00e9) qui sont \u00e9galement disponibles pour individus ;<\/li>\n<li>Les ateliers pour des groupes doivent \u00eatre <a href=\"https:\/\/bilety.muzeumpapiernictwa.pl\/index.html?lang=en\">r\u00e9serv\u00e9s<\/a>.<\/li>\n<\/ul>\n<p><a href=\"https:\/\/bilety.muzeumpapiernictwa.pl\/index.html?lang=en\">Acheter un ticket<\/a>.<\/p>\n<h3><strong>Informations: <\/strong><\/h3>\n<p>Section scientifique et p\u00e9dagogique:<\/p>\n<p>+48 748 627 426<br \/>\nedukacja@muzpap.pl<\/p>\n<p><\/p>","protected":false},"excerpt":{"rendered":"<p>Dans notre offre \u00e9ducative, nous proposons des cours adress\u00e9s \u00e0 tous les \u00e2ges. Nous popularisons l&rsquo;histoire du papier, les techniques de sa production, ainsi que de diff\u00e9rentes fa\u00e7ons d&rsquo;utiliser ce mat\u00e9riel. Les le\u00e7ons au mus\u00e9e sont un compl\u00e9ment parfait du programme de l&rsquo;enseignement de l&rsquo;histoire, de l&rsquo;art et de la technologie, elles facilitent le contact [&hellip;]<\/p>\n","protected":false},"author":1,"featured_media":0,"parent":170,"menu_order":146,"comment_status":"open","ping_status":"open","template":"","meta":{"_acf_changed":false,"ngg_post_thumbnail":0,"footnotes":""},"class_list":["post-104","page","type-page","status-publish","hentry"],"acf":[],"_links":{"self":[{"href":"https:\/\/muzeumpapiernictwa.pl\/fr\/wp-json\/wp\/v2\/pages\/104","targetHints":{"allow":["GET"]}}],"collection":[{"href":"https:\/\/muzeumpapiernictwa.pl\/fr\/wp-json\/wp\/v2\/pages"}],"about":[{"href":"https:\/\/muzeumpapiernictwa.pl\/fr\/wp-json\/wp\/v2\/types\/page"}],"author":[{"embeddable":true,"href":"https:\/\/muzeumpapiernictwa.pl\/fr\/wp-json\/wp\/v2\/users\/1"}],"replies":[{"embeddable":true,"href":"https:\/\/muzeumpapiernictwa.pl\/fr\/wp-json\/wp\/v2\/comments?post=104"}],"version-history":[{"count":146,"href":"https:\/\/muzeumpapiernictwa.pl\/fr\/wp-json\/wp\/v2\/pages\/104\/revisions"}],"predecessor-version":[{"id":21858,"href":"https:\/\/muzeumpapiernictwa.pl\/fr\/wp-json\/wp\/v2\/pages\/104\/revisions\/21858"}],"up":[{"embeddable":true,"href":"https:\/\/muzeumpapiernictwa.pl\/fr\/wp-json\/wp\/v2\/pages\/170"}],"wp:attachment":[{"href":"https:\/\/muzeumpapiernictwa.pl\/fr\/wp-json\/wp\/v2\/media?parent=104"}],"curies":[{"name":"wp","href":"https:\/\/api.w.org\/{rel}","templated":true}]}}