{"id":102,"date":"2014-11-13T17:16:33","date_gmt":"2014-11-13T16:16:33","guid":{"rendered":"http:\/\/muzeumpapiernictwa.pl\/?page_id=102"},"modified":"2022-10-24T10:09:58","modified_gmt":"2022-10-24T08:09:58","slug":"czerpanie-papieru","status":"publish","type":"page","link":"https:\/\/muzeumpapiernictwa.pl\/fr\/papeterie\/fabrication-du-papier-puise\/","title":{"rendered":"Fabrication du papier puis\u00e9"},"content":{"rendered":"<p><\/p>\n<p><p><a href=\"http:\/\/muzeumpapiernictwa.pl\/fr\/papeterie\/fabrication-du-papier-puise\/en-savoir-plus-sur-la-fabrication-du-papier\/\">En savoir plus sur la fabrication du papier<\/a><\/p>\n<p>Bien que la fabrication professionnelle du papier puis\u00e9 exige de la connaissance et beaucoup de pratique, comme le montrent les dessins, la technique, elle-m\u00eame, n&rsquo;est pas tr\u00e8s compliqu\u00e9e. Il est int\u00e9ressant de voir &#8211; au Mus\u00e9e de la Papeterie, on maintient la fonction historique de la papeterie et on fabrique le papier \u00e0 la main, d\u2019apr\u00e8s la m\u00e9thode connue depuis le Moyen Age. Vous pouvez voir comment on le fait, qui plus est &#8211; vous pouvez puiser vous-m\u00eame votre propre feuille de papier. Il suffit de profiter de l&rsquo;offre des ateliers.<\/p>\n<p><a href=\"http:\/\/muzeumpapiernictwa.pl\/fr\/education\/\" target=\"_blank\" rel=\"noopener noreferrer\">Le\u00e7ons au mus\u00e9e et ateliers<\/a><\/p>\n<p>Les papiers fabriqu\u00e9s par nos artisans, ainsi qu&rsquo;une vari\u00e9t\u00e9 de produits de papier fait main peuvent \u00eatre achet\u00e9s dans la boutique du Mus\u00e9e ou en ligne.  <\/p>\n<p><a href=\"#\">Sklep internetowy<\/a><\/p>\n<\/p>\n<p><\/p>","protected":false},"excerpt":{"rendered":"<p>En savoir plus sur la fabrication du papier Bien que la fabrication professionnelle du papier puis\u00e9 exige de la connaissance et beaucoup de pratique, comme le montrent les dessins, la technique, elle-m\u00eame, n&rsquo;est pas tr\u00e8s compliqu\u00e9e. Il est int\u00e9ressant de voir &#8211; au Mus\u00e9e de la Papeterie, on maintient la fonction historique de la papeterie [&hellip;]<\/p>\n","protected":false},"author":1,"featured_media":0,"parent":116,"menu_order":319,"comment_status":"open","ping_status":"open","template":"","meta":{"_acf_changed":false,"ngg_post_thumbnail":0,"footnotes":""},"class_list":["post-102","page","type-page","status-publish","hentry"],"acf":[],"_links":{"self":[{"href":"https:\/\/muzeumpapiernictwa.pl\/fr\/wp-json\/wp\/v2\/pages\/102","targetHints":{"allow":["GET"]}}],"collection":[{"href":"https:\/\/muzeumpapiernictwa.pl\/fr\/wp-json\/wp\/v2\/pages"}],"about":[{"href":"https:\/\/muzeumpapiernictwa.pl\/fr\/wp-json\/wp\/v2\/types\/page"}],"author":[{"embeddable":true,"href":"https:\/\/muzeumpapiernictwa.pl\/fr\/wp-json\/wp\/v2\/users\/1"}],"replies":[{"embeddable":true,"href":"https:\/\/muzeumpapiernictwa.pl\/fr\/wp-json\/wp\/v2\/comments?post=102"}],"version-history":[{"count":25,"href":"https:\/\/muzeumpapiernictwa.pl\/fr\/wp-json\/wp\/v2\/pages\/102\/revisions"}],"predecessor-version":[{"id":19526,"href":"https:\/\/muzeumpapiernictwa.pl\/fr\/wp-json\/wp\/v2\/pages\/102\/revisions\/19526"}],"up":[{"embeddable":true,"href":"https:\/\/muzeumpapiernictwa.pl\/fr\/wp-json\/wp\/v2\/pages\/116"}],"wp:attachment":[{"href":"https:\/\/muzeumpapiernictwa.pl\/fr\/wp-json\/wp\/v2\/media?parent=102"}],"curies":[{"name":"wp","href":"https:\/\/api.w.org\/{rel}","templated":true}]}}