{"id":9532,"date":"2017-03-14T14:01:48","date_gmt":"2017-03-14T13:01:48","guid":{"rendered":"http:\/\/muzeumpapiernictwa.pl\/?page_id=9532"},"modified":"2017-04-14T13:33:19","modified_gmt":"2017-04-14T11:33:19","slug":"plan-postepowan-o-udzielenie-zamowien-na-rok-2017","status":"publish","type":"page","link":"https:\/\/muzeumpapiernictwa.pl\/en\/polski-bip\/polski-ogloszenia\/plan-postepowan-o-udzielenie-zamowien-na-rok-2017\/","title":{"rendered":"Plan post\u0119powa\u0144 o udzielenie zam\u00f3wie\u0144 na rok 2017"},"content":{"rendered":"<p class=\"qtranxs-available-languages-message qtranxs-available-languages-message-en\"><span><\/span><\/p>","protected":false},"excerpt":{"rendered":"","protected":false},"author":2,"featured_media":0,"parent":3125,"menu_order":1482,"comment_status":"open","ping_status":"open","template":"bip.php","meta":{"_acf_changed":false,"ngg_post_thumbnail":0,"footnotes":""},"class_list":["post-9532","page","type-page","status-publish","hentry"],"acf":[],"_links":{"self":[{"href":"https:\/\/muzeumpapiernictwa.pl\/en\/wp-json\/wp\/v2\/pages\/9532","targetHints":{"allow":["GET"]}}],"collection":[{"href":"https:\/\/muzeumpapiernictwa.pl\/en\/wp-json\/wp\/v2\/pages"}],"about":[{"href":"https:\/\/muzeumpapiernictwa.pl\/en\/wp-json\/wp\/v2\/types\/page"}],"author":[{"embeddable":true,"href":"https:\/\/muzeumpapiernictwa.pl\/en\/wp-json\/wp\/v2\/users\/2"}],"replies":[{"embeddable":true,"href":"https:\/\/muzeumpapiernictwa.pl\/en\/wp-json\/wp\/v2\/comments?post=9532"}],"version-history":[{"count":0,"href":"https:\/\/muzeumpapiernictwa.pl\/en\/wp-json\/wp\/v2\/pages\/9532\/revisions"}],"up":[{"embeddable":true,"href":"https:\/\/muzeumpapiernictwa.pl\/en\/wp-json\/wp\/v2\/pages\/3125"}],"wp:attachment":[{"href":"https:\/\/muzeumpapiernictwa.pl\/en\/wp-json\/wp\/v2\/media?parent=9532"}],"curies":[{"name":"wp","href":"https:\/\/api.w.org\/{rel}","templated":true}]}}