{"id":334,"date":"2010-12-16T15:45:38","date_gmt":"2010-12-16T14:45:38","guid":{"rendered":"http:\/\/muzeumpapiernictwa.pl\/?page_id=334"},"modified":"2015-08-24T10:35:28","modified_gmt":"2015-08-24T08:35:28","slug":"remont-dachu-zakonczony","status":"publish","type":"page","link":"https:\/\/muzeumpapiernictwa.pl\/en\/news\/roof-renovation-completed\/","title":{"rendered":"Roof renovation completed"},"content":{"rendered":"<p>On December 16, 2010 the restoration process on the roof over the 18th century building was completed. The building is used for drying paper, and is a part of the Museum of Papermaking building complex. The title of the project was: \u201cDuszniki Zdr\u00f3j, Museum of Papermaking building complex: renovation and restoration of the roof construction and the exchange of the wooden shingles and sheathing of the drying building \u2013 faze II\u201d. The restoration works, worth over half a million zlotys, were financed by the grants from the Ministry of Culture and National Heritage and from the Lower Silesia Voivodeship Government, as well as from the Museum of Papermaking\u2019s own funds. The renovation project was made by the Projects and Expertise Office CCI, LLC from D\u0142ugo\u0142\u0119ka near Wroc\u0142aw. Lech J. Engel, Eng. D. was the author of the project. The work was executed by the Castellum, company from Wroc\u0142aw, specializing in renovations of historic objects. The supervisory inspector of the project was Maksymilian Gutfreund M. Eng., and on the museum\u2019s side the project was supervised by the vice-manager Joanna Seredy\u0144ska M.A.<\/p>\n<p>Initially the rafter reinforcement was planned to be an exchange of some of the beams and all of the shingles. During the work, it turned out that from the southern side, the ridge \u2013 one of the most important elements of the building construction \u2013 is almost completely rotten. The replacement of the 18.8 meters long beam running through out the whole building turned out to be a very complicated and time consuming operation. It was impossible to completely remove the beam, therefore it was divided into four parts. Each fragment after removal was immediately replaced with a new one, and than the next section could be done. After taking out the first segment, the decayed part proved to be a suitable environment for wasps that arranged a large nest for themselves over there! Another factor that made the work difficult was the weather conditions \u2013 very unfavorable this Autumn.<\/p>\n<p>After the completion of the renovation the Museum of the Papermaking building complex has got reinforced roof rafters and a replaced roof covering. We hope that the investments worth about 1.5 million zlotys (the roof on the paper mill was renovated for almost 1 million zlotys in 2009) will secure the objects for near decades. The durability of the new shingles chipped from larch will depend on the correct conservation, therefore the next year we are going to cover the shingles with proper impregnates and fireproof measures.<\/p>\n<p>It is worth mentioning that the renovation works done in 2010 did not limit the tourists\u2019 access to the expositions, and the museum was operating like usual. During this time, all enterprises took place as planned (3 temporary exhibitions were prepared and a large conference was organized). It was a great achievement of the museum employees and the contractor\u2019s team.<\/p>\n<p>Maciej Szymczyk<\/p>\n<p>Manager, Museum of Papermaking<\/p>\n<p>\n\t\t<style type=\"text\/css\">\n\t\t\t#gallery-3 {\n\t\t\t\tmargin: auto;\n\t\t\t}\n\t\t\t#gallery-3 .gallery-item {\n\t\t\t\tfloat: left;\n\t\t\t\tmargin-top: 10px;\n\t\t\t\ttext-align: center;\n\t\t\t\twidth: 33%;\n\t\t\t}\n\t\t\t#gallery-3 img {\n\t\t\t\tborder: 2px solid #cfcfcf;\n\t\t\t}\n\t\t\t#gallery-3 .gallery-caption {\n\t\t\t\tmargin-left: 0;\n\t\t\t}\n\t\t\t\/* see gallery_shortcode() in wp-includes\/media.php *\/\n\t\t<\/style>\n\t\t<div id='gallery-3' class='gallery galleryid-334 gallery-columns-3 gallery-size-thumbnail'><dl class='gallery-item'>\n\t\t\t<dt class='gallery-icon landscape'>\n\t\t\t\t<a href='https:\/\/muzeumpapiernictwa.pl\/wp-content\/uploads\/2010\/12\/obrazek1-1.jpg' title=\"\" data-rl_title=\"\" class=\"rl-gallery-link\" data-rl_caption=\"\" data-rel=\"lightbox-gallery-3\"><img loading=\"lazy\" decoding=\"async\" width=\"150\" height=\"150\" src=\"https:\/\/muzeumpapiernictwa.pl\/wp-content\/uploads\/2010\/12\/obrazek1-1-150x150.jpg\" class=\"attachment-thumbnail size-thumbnail\" \/><\/a>\n\t\t\t<\/dt><\/dl><dl class='gallery-item'>\n\t\t\t<dt class='gallery-icon landscape'>\n\t\t\t\t<a href='https:\/\/muzeumpapiernictwa.pl\/wp-content\/uploads\/2010\/12\/obrazek2-1.jpg' title=\"\" data-rl_title=\"\" class=\"rl-gallery-link\" data-rl_caption=\"\" data-rel=\"lightbox-gallery-3\"><img loading=\"lazy\" decoding=\"async\" width=\"150\" height=\"150\" src=\"https:\/\/muzeumpapiernictwa.pl\/wp-content\/uploads\/2010\/12\/obrazek2-1-150x150.jpg\" class=\"attachment-thumbnail size-thumbnail\" \/><\/a>\n\t\t\t<\/dt><\/dl><dl class='gallery-item'>\n\t\t\t<dt class='gallery-icon landscape'>\n\t\t\t\t<a href='https:\/\/muzeumpapiernictwa.pl\/wp-content\/uploads\/2010\/12\/obrazek3.jpg' title=\"\" data-rl_title=\"\" class=\"rl-gallery-link\" data-rl_caption=\"\" data-rel=\"lightbox-gallery-3\"><img loading=\"lazy\" decoding=\"async\" width=\"150\" height=\"150\" src=\"https:\/\/muzeumpapiernictwa.pl\/wp-content\/uploads\/2010\/12\/obrazek3-150x150.jpg\" class=\"attachment-thumbnail size-thumbnail\" \/><\/a>\n\t\t\t<\/dt><\/dl><br style=\"clear: both\" \/>\n\t\t<\/div>\n<\/p>","protected":false},"excerpt":{"rendered":"<p>On December 16, 2010 the restoration process on the roof over the 18th century building was completed. The building is used for drying paper, and is a part of the Museum of Papermaking building complex. The title of the project was: \u201cDuszniki Zdr\u00f3j, Museum of Papermaking building complex: renovation and restoration of the roof construction [&hellip;]<\/p>\n","protected":false},"author":1,"featured_media":337,"parent":137,"menu_order":883,"comment_status":"open","ping_status":"open","template":"","meta":{"_acf_changed":false,"ngg_post_thumbnail":0,"footnotes":""},"class_list":["post-334","page","type-page","status-publish","has-post-thumbnail","hentry"],"acf":[],"_links":{"self":[{"href":"https:\/\/muzeumpapiernictwa.pl\/en\/wp-json\/wp\/v2\/pages\/334","targetHints":{"allow":["GET"]}}],"collection":[{"href":"https:\/\/muzeumpapiernictwa.pl\/en\/wp-json\/wp\/v2\/pages"}],"about":[{"href":"https:\/\/muzeumpapiernictwa.pl\/en\/wp-json\/wp\/v2\/types\/page"}],"author":[{"embeddable":true,"href":"https:\/\/muzeumpapiernictwa.pl\/en\/wp-json\/wp\/v2\/users\/1"}],"replies":[{"embeddable":true,"href":"https:\/\/muzeumpapiernictwa.pl\/en\/wp-json\/wp\/v2\/comments?post=334"}],"version-history":[{"count":3,"href":"https:\/\/muzeumpapiernictwa.pl\/en\/wp-json\/wp\/v2\/pages\/334\/revisions"}],"predecessor-version":[{"id":2485,"href":"https:\/\/muzeumpapiernictwa.pl\/en\/wp-json\/wp\/v2\/pages\/334\/revisions\/2485"}],"up":[{"embeddable":true,"href":"https:\/\/muzeumpapiernictwa.pl\/en\/wp-json\/wp\/v2\/pages\/137"}],"wp:featuredmedia":[{"embeddable":true,"href":"https:\/\/muzeumpapiernictwa.pl\/en\/wp-json\/wp\/v2\/media\/337"}],"wp:attachment":[{"href":"https:\/\/muzeumpapiernictwa.pl\/en\/wp-json\/wp\/v2\/media?parent=334"}],"curies":[{"name":"wp","href":"https:\/\/api.w.org\/{rel}","templated":true}]}}