{"id":2513,"date":"2014-12-08T14:07:41","date_gmt":"2014-12-08T13:07:41","guid":{"rendered":"http:\/\/muzeumpapiernictwa.pl\/?page_id=2513"},"modified":"2026-04-07T16:39:52","modified_gmt":"2026-04-07T14:39:52","slug":"kontakt","status":"publish","type":"page","link":"https:\/\/muzeumpapiernictwa.pl\/en\/contact\/","title":{"rendered":"Contact"},"content":{"rendered":"<p><\/p>\n<h3><strong>THE DUSZNIKI ZDR\u00d3J MUSEUM OF PAPERMAKING<\/strong><\/h3>\n<p>ul. K\u0142odzka 42, 57-340 Duszniki Zdr\u00f3j tel: +48\u00a0<strong>748-627-400<\/strong> fax: +48\u00a0<strong>748-627-410<\/strong> e-mail: <a href=\"http:\/\/biuro@muzpap.pl\">biuro@muzpap.pl<\/a>\u00a0 \u00a0 \u00a0 <span id=\"cloak88655\"><\/span><iframe loading=\"lazy\" style=\"border: 0;\" src=\"https:\/\/www.google.com\/maps\/embed?pb=!1m14!1m8!1m3!1d5085.922903365292!2d16.395592!3d50.40455599999997!3m2!1i1024!2i768!4f13.1!3m3!1m2!1s0x470e6cef863f9d33%3A0x402c878f9fdc11fb!2sMuzeum+Papiernictwa+w+Dusznikach+Zdroju!5e0!3m2!1spl!2spl!4v1418045493740\" width=\"100%\" height=\"350px\" frameborder=\"0\"><\/iframe><\/p>\n<h3><strong>Who\u2019s who?<\/strong><\/h3>\n<p>&nbsp;<\/p>\n<p><strong>Director of the Duszniki Zdr\u00f3j Museum of Papermaking<\/strong><\/p>\n<p>Maciej Szymczyk<\/p>\n<p><a href=\"mailto:mszymczy@muzpap.pl\">maciej.szymczyk@muzpap.pl<\/a><\/p>\n<hr \/>\n<p><strong>Deputy Director of the Duszniki Zdr\u00f3j Museum of Papermaking<\/strong><\/p>\n<p>Joanna Seredy\u0144ska<\/p>\n<p><a href=\"mailto:jseredyn@muzpap.pl\">joanna.seredynska@muzpap.pl<\/a><\/p>\n<hr \/>\n<p><strong>Main Office +48<\/strong>\u00a0<strong>748-627-400<\/strong><\/p>\n<p>Justyna Cybulska <a href=\"mailto:biuro@muzpap.pl\">biuro@muzpap.pl<\/a><\/p>\n<hr \/>\n<p><strong>Education Department<\/strong>\u00a0<strong>+48 748-627-401<\/strong><\/p>\n<p>Head of Department<\/p>\n<p>Dorota Zieli\u0144ska-Pytlowany<\/p>\n<p><a href=\"mailto:dzielins@muzpap.pl\">dorota.zielinska-pytlowany@muzpap.pl\u00a0<\/a><\/p>\n<p><strong>+48 748-627-426<\/strong><\/p>\n<p>&nbsp;<\/p>\n<p>Marcin Lemejda \u2013 museum educator\u00a0 | 748-627-425<strong>\u00a0| <\/strong><a href=\"http:\/\/marcin.lemejda@muzpap.pl\">marcin.lemejda@muzpap.pl<\/a> \u00a0<\/p>\n<p>Marta Kubiak \u2013 museum educator\u00a0 | 748-627-415 |\u00a0<a href=\"mailto:marta.kubiak@muzpap.pl\">marta.kubiak@muzpap.pl<\/a><\/p>\n<p>Aleksandra Reszkowska-Romach \u2013 museum educator\u00a0| 748-627-435<strong>\u00a0|\u00a0<\/strong><a href=\"http:\/\/aleksandra.reszkowska-romach@muzpap.pl\">aleksandra.reszkowska-romach@muzpap.pl<\/a><\/p>\n<hr \/>\n<p><strong>Department of Papermaking<\/strong><\/p>\n<p>Karolina Dyjas \u2013 curator | 748-627-411 | <a href=\"http:\/\/karolina.dyjas@muzpap.pl\">karolina.dyjas@muzpap.pl<\/a><\/p>\n<p>Marcin Wyszy\u0144ski \u2013 curator | 748-627-427 |\u00a0<a href=\"http:\/\/marcin.wyszynski@muzpap.pl\">marcin.wyszynski@muzpap.pl<\/a><\/p>\n<hr \/>\n<p><strong>Department of International Papermaking<\/strong><\/p>\n<p>Emilia Dziewiecka | 748-627-414 |\u00a0<a href=\"mailto:emilia.dziewiecka@muzpap.pl\">emilia.dziewiecka@muzpap.pl<\/a><\/p>\n<hr \/>\n<p><strong>Department of the History of Duszniki Zdr\u00f3j\u00a0+48 748-627-427<\/strong><\/p>\n<p>Head of Department<\/p>\n<p>Beata D\u0119bowska<\/p>\n<p><a href=\"mailto:bdebowsk@muzpap.pl\">beata.debowska@muzpap.pl<\/a><\/p>\n<hr \/>\n<p><strong>Library<\/strong>\u00a0<strong>+48 748-627-429<\/strong><\/p>\n<p>Head of Department<\/p>\n<p>Dagmara Kacperowska<\/p>\n<p><a href=\"mailto:dkacpero@muzpap.pl\">dagmara.kacperowska@muzpap.pl\u00a0<\/a><\/p>\n<hr \/>\n<p><strong>Department of Promotion and Publishing<\/strong><\/p>\n<p>Izabela Mieczkowska | 748-627-417 | 732-776-999 |\u00a0<a href=\"mailto:izabela.mieczkowska@muzpap.pl\">izabela.mieczkowska@muzpap.pl<\/a><\/p>\n<p>&nbsp;<\/p>\n<p><strong>Organization, promotion and advertising specialist<\/strong><\/p>\n<p>Krzysztof Jankowski | 748-627-419 | 732-776-999 |\u00a0<a href=\"mailto:krzysztof.jankowski@muzpap.pl\">krzysztof.jankowski@muzpap.pl<\/a><\/p>\n<hr \/>\n<p><strong>Handmade Paper Production Department +48\u00a0<\/strong>74<strong>\u00a0862 74 34<\/strong><\/p>\n<p>Head of Department<\/p>\n<p>Agata Daniel<\/p>\n<p><a href=\"mailto:adaniel@muzpap.pl\">agata.daniel@muzpap.pl<\/a><\/p>\n<hr \/>\n<p><strong>Accounts Department<\/strong>\u00a0<strong>+48 748-627-414<\/strong><\/p>\n<p>Chief Accountant<\/p>\n<p>Beata \u017bukowska | 748-627-428 |\u00a0<a href=\"beata.zukowska@muzpap.pl\">beata.zukowska@muzpap.pl<\/a><\/p>\n<p><strong>Planning, finance and administration specialist<\/strong><\/p>\n<p>Jadwiga Janicka<\/p>\n<p><a href=\"mailto:jjanicka@muzpap.pl\">jadwiga.janicka@muzpap.pl<\/a><\/p>\n<hr \/>\n<p><strong>Organizational Department<\/strong><\/p>\n<p><strong>\u00a0<\/strong>Ma\u0142gorzata Jakubiec | 748-627-412 |\u00a0<a href=\"malgorzata.jakubiec@muzpap.pl\">malgorzata.jakubiec@muzpap.pl<\/a><\/p>\n<p>Magdalena Junik | 748-627-418 | <a href=\"magdalena.junik@muzpap.pl\">magdalena.junik@muzpap.pl<\/a><\/p>\n<p>Marta Borowiec-Greszta | 748-627-423 | <a href=\"marta.borowiec-greszta@muzpap.pl\">marta.borowiec-greszta@muzpap.pl<\/a><\/p>\n<p>&nbsp;<\/p>\n<p><strong>Sales &amp; Marketing<\/strong>\u00a0<strong>+48 748-627-416<\/strong><\/p>\n<p><strong>Museum shop\u00a0+48 748-627-433<\/strong><\/p>\n<p>&nbsp;<\/p>\n<p><\/p>","protected":false},"excerpt":{"rendered":"<p>THE DUSZNIKI ZDR\u00d3J MUSEUM OF PAPERMAKING ul. K\u0142odzka 42, 57-340 Duszniki Zdr\u00f3j tel: +48\u00a0748-627-400 fax: +48\u00a0748-627-410 e-mail: biuro@muzpap.pl\u00a0 \u00a0 \u00a0 Who\u2019s who? &nbsp; Director of the Duszniki Zdr\u00f3j Museum of Papermaking Maciej Szymczyk maciej.szymczyk@muzpap.pl Deputy Director of the Duszniki Zdr\u00f3j Museum of Papermaking Joanna Seredy\u0144ska joanna.seredynska@muzpap.pl Main Office +48\u00a0748-627-400 Justyna Cybulska biuro@muzpap.pl Education Department\u00a0+48 748-627-401 [&hellip;]<\/p>\n","protected":false},"author":1,"featured_media":0,"parent":0,"menu_order":145,"comment_status":"open","ping_status":"open","template":"","meta":{"_acf_changed":false,"ngg_post_thumbnail":0,"footnotes":""},"class_list":["post-2513","page","type-page","status-publish","hentry"],"acf":[],"_links":{"self":[{"href":"https:\/\/muzeumpapiernictwa.pl\/en\/wp-json\/wp\/v2\/pages\/2513","targetHints":{"allow":["GET"]}}],"collection":[{"href":"https:\/\/muzeumpapiernictwa.pl\/en\/wp-json\/wp\/v2\/pages"}],"about":[{"href":"https:\/\/muzeumpapiernictwa.pl\/en\/wp-json\/wp\/v2\/types\/page"}],"author":[{"embeddable":true,"href":"https:\/\/muzeumpapiernictwa.pl\/en\/wp-json\/wp\/v2\/users\/1"}],"replies":[{"embeddable":true,"href":"https:\/\/muzeumpapiernictwa.pl\/en\/wp-json\/wp\/v2\/comments?post=2513"}],"version-history":[{"count":145,"href":"https:\/\/muzeumpapiernictwa.pl\/en\/wp-json\/wp\/v2\/pages\/2513\/revisions"}],"predecessor-version":[{"id":25510,"href":"https:\/\/muzeumpapiernictwa.pl\/en\/wp-json\/wp\/v2\/pages\/2513\/revisions\/25510"}],"wp:attachment":[{"href":"https:\/\/muzeumpapiernictwa.pl\/en\/wp-json\/wp\/v2\/media?parent=2513"}],"curies":[{"name":"wp","href":"https:\/\/api.w.org\/{rel}","templated":true}]}}