{"id":19993,"date":"2023-01-04T08:02:37","date_gmt":"2023-01-04T07:02:37","guid":{"rendered":"https:\/\/muzeumpapiernictwa.pl\/?page_id=19993"},"modified":"2023-01-05T07:40:44","modified_gmt":"2023-01-05T06:40:44","slug":"wizyta-dygnitarzy-z-republiki-czeskiej-w-muzeum-papiernictwa","status":"publish","type":"page","link":"https:\/\/muzeumpapiernictwa.pl\/en\/news\/wizyta-dygnitarzy-z-republiki-czeskiej-w-muzeum-papiernictwa\/","title":{"rendered":"Visit of the officials from Czech Republic in the Museum of Papermaking"},"content":{"rendered":"<p><\/p>\n<p><strong>On 3rd January 2023 special guests from Czech Republic, headed by the President of Czech National Bank Ale\u0161 Michl, arrived to the Museum of Papermaking. The delegation also included the Chief of Protocol in the Office of the President of Czech Republic dr. Vladim\u00edr Kruli\u0161, the mayor of Nachod Jan Birke and the press officer of Nachod Nina Adlof. They were accompanied by the mayor of Duszniki Zdr\u00f3j Piotr Lewandowski and the president of the Glacensis Euroregion Czes\u0142aw Kr\u0119cichwost.<\/strong><\/p>\n<p>The visit paid by the high rank representatives of the Czech state administration was inspired by the exhibition \u201eNeighbors. Banknotes of the Czech-Polish Borderland\u201d in the Museum of Papermaking, which presents among others Czechoslovakian and Czech banknotes. In addition, the quests emphasized their will to forge good-neighbourly relationships between Poland and Czech Republic, particularly in the context of the transborder cooperation developed by the local authorities of Nachod, Kudowa Zdr\u00f3j, Duszniki Zdr\u00f3j and the Glacensis Euroregion.\u00a0<\/p>\n<p>The guests were greeted by the director of the Museum Maciej Szymczyk, who presented the objectives of the exhibition: to encourage Czechs to visit the Museum in Duszniki, as well as to disseminate knowledge on the culture and history of Czech Republic in Poland and the other way round. Thereafter, the honorable guests were guided through the exhibition by its curators Karolina Dyjas and Marcin Wyszy\u0144ski, who drew attention to the similarities and differences between the Czechoslovakian and Czech \u201ebankovky\u201d used since 1993 and\u00a0 the banknotes being in circulation during the same periods in Poland.<\/p>\n<p>Another attraction prepared by the team of the Museum consisted in the presentation of hand papermaking and impressing of guests\u2019 hands on the sheets of handmade paper. Actually, the guests impressed their hands twice, Each guest receives ond handprint, while the other one enriched the Museum\u2019s collection.<\/p>\n<p>At the end of the visit, director Szymczyk informed the guests on the international project implemented by Poland and supervised by the Museum of Papermaking, which objective is the inscription of the paper mills from the pre-industrial era on the UNESCO World Heritage List. The group of 6 paper mills from different countries includes the properties from Poland (Duszniki-Zdr\u00f3j) and Czech Republic (Velki\u00e9 Losiny). The other properties taking part in the project, are located in Germany, Spain and Italy.\u00a0<\/p>\n<p>The guests gave a positive assessment of both the Museum of Papermaking and its projects. Moreover, they expressed their surprise at the high level of the exhibition \u201eNeighbors. Banknotes of the Czech-Polish Borderland\u201d. Thus, an idea occured to present it in Nachod. The guests were also enthousiastic about the UNESCO project.<\/p>\n<p><strong>Dr eng. <\/strong><strong>Ale\u0161 Michl<\/strong> is the leading Czech economist who advocates the strenghtening of the Czech currency. He is the President of the Czech National Bank since 2022.<\/p>\n<p>&nbsp;<\/p>\n<hr \/>\n\n\t\t<style type=\"text\/css\">\n\t\t\t#gallery-3 {\n\t\t\t\tmargin: auto;\n\t\t\t}\n\t\t\t#gallery-3 .gallery-item {\n\t\t\t\tfloat: left;\n\t\t\t\tmargin-top: 10px;\n\t\t\t\ttext-align: center;\n\t\t\t\twidth: 33%;\n\t\t\t}\n\t\t\t#gallery-3 img {\n\t\t\t\tborder: 2px solid #cfcfcf;\n\t\t\t}\n\t\t\t#gallery-3 .gallery-caption {\n\t\t\t\tmargin-left: 0;\n\t\t\t}\n\t\t\t\/* see gallery_shortcode() in wp-includes\/media.php *\/\n\t\t<\/style>\n\t\t<div id='gallery-3' class='gallery galleryid-19993 gallery-columns-3 gallery-size-thumbnail'><dl class='gallery-item'>\n\t\t\t<dt class='gallery-icon landscape'>\n\t\t\t\t<a href='https:\/\/muzeumpapiernictwa.pl\/wp-content\/uploads\/2023\/01\/MUP_9796.jpg' title=\"\" data-rl_title=\"\" class=\"rl-gallery-link\" data-rl_caption=\"\" data-rel=\"lightbox-gallery-3\"><img loading=\"lazy\" decoding=\"async\" width=\"150\" height=\"150\" src=\"https:\/\/muzeumpapiernictwa.pl\/wp-content\/uploads\/2023\/01\/MUP_9796-150x150.jpg\" class=\"attachment-thumbnail size-thumbnail\" \/><\/a>\n\t\t\t<\/dt><\/dl><dl class='gallery-item'>\n\t\t\t<dt class='gallery-icon portrait'>\n\t\t\t\t<a href='https:\/\/muzeumpapiernictwa.pl\/wp-content\/uploads\/2023\/01\/MUP_9810.jpg' title=\"\" data-rl_title=\"\" class=\"rl-gallery-link\" data-rl_caption=\"\" data-rel=\"lightbox-gallery-3\"><img loading=\"lazy\" decoding=\"async\" width=\"150\" height=\"150\" src=\"https:\/\/muzeumpapiernictwa.pl\/wp-content\/uploads\/2023\/01\/MUP_9810-150x150.jpg\" class=\"attachment-thumbnail size-thumbnail\" \/><\/a>\n\t\t\t<\/dt><\/dl><dl class='gallery-item'>\n\t\t\t<dt class='gallery-icon landscape'>\n\t\t\t\t<a href='https:\/\/muzeumpapiernictwa.pl\/wp-content\/uploads\/2023\/01\/MUP_9824.jpg' title=\"\" data-rl_title=\"\" class=\"rl-gallery-link\" data-rl_caption=\"\" data-rel=\"lightbox-gallery-3\"><img loading=\"lazy\" decoding=\"async\" width=\"150\" height=\"150\" src=\"https:\/\/muzeumpapiernictwa.pl\/wp-content\/uploads\/2023\/01\/MUP_9824-150x150.jpg\" class=\"attachment-thumbnail size-thumbnail\" \/><\/a>\n\t\t\t<\/dt><\/dl><br style=\"clear: both\" \/><dl class='gallery-item'>\n\t\t\t<dt class='gallery-icon landscape'>\n\t\t\t\t<a href='https:\/\/muzeumpapiernictwa.pl\/wp-content\/uploads\/2023\/01\/MUP_9835.jpg' title=\"\" data-rl_title=\"\" class=\"rl-gallery-link\" data-rl_caption=\"\" data-rel=\"lightbox-gallery-3\"><img loading=\"lazy\" decoding=\"async\" width=\"150\" height=\"150\" src=\"https:\/\/muzeumpapiernictwa.pl\/wp-content\/uploads\/2023\/01\/MUP_9835-150x150.jpg\" class=\"attachment-thumbnail size-thumbnail\" \/><\/a>\n\t\t\t<\/dt><\/dl><dl class='gallery-item'>\n\t\t\t<dt class='gallery-icon landscape'>\n\t\t\t\t<a href='https:\/\/muzeumpapiernictwa.pl\/wp-content\/uploads\/2023\/01\/MUP_9874.jpg' title=\"\" data-rl_title=\"\" class=\"rl-gallery-link\" data-rl_caption=\"\" data-rel=\"lightbox-gallery-3\"><img loading=\"lazy\" decoding=\"async\" width=\"150\" height=\"150\" src=\"https:\/\/muzeumpapiernictwa.pl\/wp-content\/uploads\/2023\/01\/MUP_9874-150x150.jpg\" class=\"attachment-thumbnail size-thumbnail\" \/><\/a>\n\t\t\t<\/dt><\/dl><dl class='gallery-item'>\n\t\t\t<dt class='gallery-icon landscape'>\n\t\t\t\t<a href='https:\/\/muzeumpapiernictwa.pl\/wp-content\/uploads\/2023\/01\/MUP_9881.jpg' title=\"\" data-rl_title=\"\" class=\"rl-gallery-link\" data-rl_caption=\"\" data-rel=\"lightbox-gallery-3\"><img loading=\"lazy\" decoding=\"async\" width=\"150\" height=\"150\" src=\"https:\/\/muzeumpapiernictwa.pl\/wp-content\/uploads\/2023\/01\/MUP_9881-150x150.jpg\" class=\"attachment-thumbnail size-thumbnail\" \/><\/a>\n\t\t\t<\/dt><\/dl><br style=\"clear: both\" \/><dl class='gallery-item'>\n\t\t\t<dt class='gallery-icon landscape'>\n\t\t\t\t<a href='https:\/\/muzeumpapiernictwa.pl\/wp-content\/uploads\/2023\/01\/MUP_9893.jpg' title=\"\" data-rl_title=\"\" class=\"rl-gallery-link\" data-rl_caption=\"\" data-rel=\"lightbox-gallery-3\"><img loading=\"lazy\" decoding=\"async\" width=\"150\" height=\"150\" src=\"https:\/\/muzeumpapiernictwa.pl\/wp-content\/uploads\/2023\/01\/MUP_9893-150x150.jpg\" class=\"attachment-thumbnail size-thumbnail\" \/><\/a>\n\t\t\t<\/dt><\/dl><dl class='gallery-item'>\n\t\t\t<dt class='gallery-icon landscape'>\n\t\t\t\t<a href='https:\/\/muzeumpapiernictwa.pl\/wp-content\/uploads\/2023\/01\/MUP_9918.jpg' title=\"\" data-rl_title=\"\" class=\"rl-gallery-link\" data-rl_caption=\"\" data-rel=\"lightbox-gallery-3\"><img loading=\"lazy\" decoding=\"async\" width=\"150\" height=\"150\" src=\"https:\/\/muzeumpapiernictwa.pl\/wp-content\/uploads\/2023\/01\/MUP_9918-150x150.jpg\" class=\"attachment-thumbnail size-thumbnail\" \/><\/a>\n\t\t\t<\/dt><\/dl><dl class='gallery-item'>\n\t\t\t<dt class='gallery-icon landscape'>\n\t\t\t\t<a href='https:\/\/muzeumpapiernictwa.pl\/wp-content\/uploads\/2023\/01\/MUP_9934.jpg' title=\"\" data-rl_title=\"\" class=\"rl-gallery-link\" data-rl_caption=\"\" data-rel=\"lightbox-gallery-3\"><img loading=\"lazy\" decoding=\"async\" width=\"150\" height=\"150\" src=\"https:\/\/muzeumpapiernictwa.pl\/wp-content\/uploads\/2023\/01\/MUP_9934-150x150.jpg\" class=\"attachment-thumbnail size-thumbnail\" \/><\/a>\n\t\t\t<\/dt><\/dl><br style=\"clear: both\" \/><dl class='gallery-item'>\n\t\t\t<dt class='gallery-icon portrait'>\n\t\t\t\t<a href='https:\/\/muzeumpapiernictwa.pl\/wp-content\/uploads\/2023\/01\/MUP_9942.jpg' title=\"\" data-rl_title=\"\" class=\"rl-gallery-link\" data-rl_caption=\"\" data-rel=\"lightbox-gallery-3\"><img loading=\"lazy\" decoding=\"async\" width=\"150\" height=\"150\" src=\"https:\/\/muzeumpapiernictwa.pl\/wp-content\/uploads\/2023\/01\/MUP_9942-150x150.jpg\" class=\"attachment-thumbnail size-thumbnail\" \/><\/a>\n\t\t\t<\/dt><\/dl><dl class='gallery-item'>\n\t\t\t<dt class='gallery-icon portrait'>\n\t\t\t\t<a href='https:\/\/muzeumpapiernictwa.pl\/wp-content\/uploads\/2023\/01\/MUP_9949.jpg' title=\"\" data-rl_title=\"\" class=\"rl-gallery-link\" data-rl_caption=\"\" data-rel=\"lightbox-gallery-3\"><img loading=\"lazy\" decoding=\"async\" width=\"150\" height=\"150\" src=\"https:\/\/muzeumpapiernictwa.pl\/wp-content\/uploads\/2023\/01\/MUP_9949-150x150.jpg\" class=\"attachment-thumbnail size-thumbnail\" \/><\/a>\n\t\t\t<\/dt><\/dl><dl class='gallery-item'>\n\t\t\t<dt class='gallery-icon landscape'>\n\t\t\t\t<a href='https:\/\/muzeumpapiernictwa.pl\/wp-content\/uploads\/2023\/01\/MUP_9810-kwadrat.jpg' title=\"\" data-rl_title=\"\" class=\"rl-gallery-link\" data-rl_caption=\"\" data-rel=\"lightbox-gallery-3\"><img loading=\"lazy\" decoding=\"async\" width=\"150\" height=\"150\" src=\"https:\/\/muzeumpapiernictwa.pl\/wp-content\/uploads\/2023\/01\/MUP_9810-kwadrat-150x150.jpg\" class=\"attachment-thumbnail size-thumbnail\" srcset=\"https:\/\/muzeumpapiernictwa.pl\/wp-content\/uploads\/2023\/01\/MUP_9810-kwadrat-150x150.jpg 150w, https:\/\/muzeumpapiernictwa.pl\/wp-content\/uploads\/2023\/01\/MUP_9810-kwadrat-300x300.jpg 300w, https:\/\/muzeumpapiernictwa.pl\/wp-content\/uploads\/2023\/01\/MUP_9810-kwadrat-1024x1024.jpg 1024w, https:\/\/muzeumpapiernictwa.pl\/wp-content\/uploads\/2023\/01\/MUP_9810-kwadrat-768x768.jpg 768w, https:\/\/muzeumpapiernictwa.pl\/wp-content\/uploads\/2023\/01\/MUP_9810-kwadrat-600x600.jpg 600w, https:\/\/muzeumpapiernictwa.pl\/wp-content\/uploads\/2023\/01\/MUP_9810-kwadrat.jpg 1279w\" sizes=\"auto, (max-width: 150px) 100vw, 150px\" \/><\/a>\n\t\t\t<\/dt><\/dl><br style=\"clear: both\" \/><dl class='gallery-item'>\n\t\t\t<dt class='gallery-icon portrait'>\n\t\t\t\t<a href='https:\/\/muzeumpapiernictwa.pl\/wp-content\/uploads\/2023\/01\/MUP_9972.jpg' title=\"\" data-rl_title=\"\" class=\"rl-gallery-link\" data-rl_caption=\"\" data-rel=\"lightbox-gallery-3\"><img loading=\"lazy\" decoding=\"async\" width=\"150\" height=\"150\" src=\"https:\/\/muzeumpapiernictwa.pl\/wp-content\/uploads\/2023\/01\/MUP_9972-150x150.jpg\" class=\"attachment-thumbnail size-thumbnail\" \/><\/a>\n\t\t\t<\/dt><\/dl><dl class='gallery-item'>\n\t\t\t<dt class='gallery-icon landscape'>\n\t\t\t\t<a href='https:\/\/muzeumpapiernictwa.pl\/wp-content\/uploads\/2023\/01\/MUP_9985.jpg' title=\"\" data-rl_title=\"\" class=\"rl-gallery-link\" data-rl_caption=\"\" data-rel=\"lightbox-gallery-3\"><img loading=\"lazy\" decoding=\"async\" width=\"150\" height=\"150\" src=\"https:\/\/muzeumpapiernictwa.pl\/wp-content\/uploads\/2023\/01\/MUP_9985-150x150.jpg\" class=\"attachment-thumbnail size-thumbnail\" \/><\/a>\n\t\t\t<\/dt><\/dl>\n\t\t\t<br style='clear: both' \/>\n\t\t<\/div>\n\n<p><\/p>","protected":false},"excerpt":{"rendered":"<p>On 3rd January 2023 special guests from Czech Republic, headed by the President of Czech National Bank Ale\u0161 Michl, arrived to the Museum of Papermaking. The delegation also included the Chief of Protocol in the Office of the President of Czech Republic dr. Vladim\u00edr Kruli\u0161, the mayor of Nachod Jan Birke and the press officer [&hellip;]<\/p>\n","protected":false},"author":15,"featured_media":20003,"parent":137,"menu_order":3,"comment_status":"closed","ping_status":"closed","template":"","meta":{"_acf_changed":false,"ngg_post_thumbnail":0,"footnotes":""},"class_list":["post-19993","page","type-page","status-publish","has-post-thumbnail","hentry"],"acf":[],"_links":{"self":[{"href":"https:\/\/muzeumpapiernictwa.pl\/en\/wp-json\/wp\/v2\/pages\/19993","targetHints":{"allow":["GET"]}}],"collection":[{"href":"https:\/\/muzeumpapiernictwa.pl\/en\/wp-json\/wp\/v2\/pages"}],"about":[{"href":"https:\/\/muzeumpapiernictwa.pl\/en\/wp-json\/wp\/v2\/types\/page"}],"author":[{"embeddable":true,"href":"https:\/\/muzeumpapiernictwa.pl\/en\/wp-json\/wp\/v2\/users\/15"}],"replies":[{"embeddable":true,"href":"https:\/\/muzeumpapiernictwa.pl\/en\/wp-json\/wp\/v2\/comments?post=19993"}],"version-history":[{"count":6,"href":"https:\/\/muzeumpapiernictwa.pl\/en\/wp-json\/wp\/v2\/pages\/19993\/revisions"}],"predecessor-version":[{"id":20023,"href":"https:\/\/muzeumpapiernictwa.pl\/en\/wp-json\/wp\/v2\/pages\/19993\/revisions\/20023"}],"up":[{"embeddable":true,"href":"https:\/\/muzeumpapiernictwa.pl\/en\/wp-json\/wp\/v2\/pages\/137"}],"wp:featuredmedia":[{"embeddable":true,"href":"https:\/\/muzeumpapiernictwa.pl\/en\/wp-json\/wp\/v2\/media\/20003"}],"wp:attachment":[{"href":"https:\/\/muzeumpapiernictwa.pl\/en\/wp-json\/wp\/v2\/media?parent=19993"}],"curies":[{"name":"wp","href":"https:\/\/api.w.org\/{rel}","templated":true}]}}