{"id":1680,"date":"2012-02-02T14:48:33","date_gmt":"2012-02-02T13:48:33","guid":{"rendered":"http:\/\/muzeumpapiernictwa.pl\/?page_id=1680"},"modified":"2015-08-24T10:35:58","modified_gmt":"2015-08-24T08:35:58","slug":"o-mlynie-papierniczym-w-palacu-prezydenckim","status":"publish","type":"page","link":"https:\/\/muzeumpapiernictwa.pl\/en\/news\/the-museum-of-papermaking-at-the-presidential-palace\/","title":{"rendered":"The Museum of Papermaking at The Presidential Palace"},"content":{"rendered":"<p>A ceremony held at the Presidential Palace in Warsaw on 2nd February 2012 saw the handing over of the President of the Republic of Poland\u2019s decree endowing the status of historical monument upon the Duszniki-Zdr\u00f3j paper mill. The document was received from the hands of the President, Mr Bronis\u0142aw Komorowski, by the Chief Executive of the Lower Silesian Voivodship, Mr Rafa\u0142 Jurkowlaniec and the Museum of Papermaking\u2019s director, Mr Maciej Szymczyk. The museum falls within the cultural remit of the Chief Executive\u2019s Office. The ceremony was attended by a host of people connected with the museum. Amongst them were Deputy Chief Executive Mr Rados\u0142aw Mo\u0142o\u0144, the director of the Department of Culture at the Chief Executive\u2019s Office, Mr Jacek Gawro\u0144ski, the Mayor of Duszniki-Zdr\u00f3j, Mr Andrzej Rymarczyk, the Chairman of the Association of Polish Papermakers and head of the listed company, Arctic Paper S.A., Mr Micha\u0142 Jarczy\u0144ski, the General Director of the Association of Polish Papermakers, Mr Zbigniew Fornalski, the Chairman of International Paper \u2013 Kwidzyn S.A., Mr Marek Lrzykowski, the Vice Chairman of PWPW, the Polish Security Printing Works, Mr Piotr Pankanin, the Voivodship Historical Monuments Conservation Officer, Mr Andrzej Kubik, the head of the Wa\u0142brzych Branch of the Office for the Protection of Historical Monuments, Ms Barbara Obelinda-Nowak, former director of the museum Ms Bo\u017cena Schweizer-Makowska and its Deputy Director, Ms Joanna Seredy\u0144ska.<\/p>\n<p>Under Polish law, the classification of \u2018historical monument\u2019 represents the highest form of conservation and protection and is awarded to sites of particular value to the nation\u2019s culture. The significance of the title is elevated by the fact that it is granted only after a process of intensive scrutiny and by special presidential decree, which is why the list of historical monuments is referred to as \u2018the Presidential list\u2019. At present it contains 48 sites, including the Jasna G\u00f3ra (Luminous Mount) monastery, the Teutonic Knights\u2019 Castle in Malbork, the historical districts of Kazimierz Dolny, Krakow, Lublin, Pozna\u0144, Toru\u0144, Warsaw, Wroc\u0142aw and Zamo\u015b\u0107 and the battlefields at Grunwald, Rac\u0142awice and Westerplatte. To date, seven sites in Lower Silesia have been granted the status, with the Centennial Hall and the Old Town of Wroc\u0142aw, the basilica in Krzesz\u00f3w and the fortress on Srebna G\u00f3ra (Silver Mountain) numbering amongst them.<\/p>\n<p>The process of entering the Museum of Papermaking onto the list of historical monuments was launched at the initiative of the director. The decision to award this status was made on the strength of the fact that the building is the only paper mill in Poland, and one of very few in the world, in so excellent a condition. Note was also taken of something which is extraordinarily rare in industrial buildings, namely the superb polychromes which adorn the wooden walls of the interior. The meeting of history and contemporary times, in the form of the museum\u2019s extremely rich programme of educational activities, which serve as a continuation of the mill\u2019s original spirit and function, played its part in the decision as well.<\/p>\n<p><em>Maciej Szymczyk, Ph.D. habilitas<\/em><\/p>\n<p><em>Director, Museum of Papermaking<\/em><\/p>\n<p>\n\t\t<style type=\"text\/css\">\n\t\t\t#gallery-3 {\n\t\t\t\tmargin: auto;\n\t\t\t}\n\t\t\t#gallery-3 .gallery-item {\n\t\t\t\tfloat: left;\n\t\t\t\tmargin-top: 10px;\n\t\t\t\ttext-align: center;\n\t\t\t\twidth: 33%;\n\t\t\t}\n\t\t\t#gallery-3 img {\n\t\t\t\tborder: 2px solid #cfcfcf;\n\t\t\t}\n\t\t\t#gallery-3 .gallery-caption {\n\t\t\t\tmargin-left: 0;\n\t\t\t}\n\t\t\t\/* see gallery_shortcode() in wp-includes\/media.php *\/\n\t\t<\/style>\n\t\t<div id='gallery-3' class='gallery galleryid-1680 gallery-columns-3 gallery-size-thumbnail'><dl class='gallery-item'>\n\t\t\t<dt class='gallery-icon landscape'>\n\t\t\t\t<a href='https:\/\/muzeumpapiernictwa.pl\/wp-content\/uploads\/2012\/02\/01.jpg' title=\"\" data-rl_title=\"\" class=\"rl-gallery-link\" data-rl_caption=\"\" data-rel=\"lightbox-gallery-3\"><img loading=\"lazy\" decoding=\"async\" width=\"150\" height=\"150\" src=\"https:\/\/muzeumpapiernictwa.pl\/wp-content\/uploads\/2012\/02\/01-150x150.jpg\" class=\"attachment-thumbnail size-thumbnail\" \/><\/a>\n\t\t\t<\/dt><\/dl><dl class='gallery-item'>\n\t\t\t<dt class='gallery-icon landscape'>\n\t\t\t\t<a href='https:\/\/muzeumpapiernictwa.pl\/wp-content\/uploads\/2012\/02\/02.jpg' title=\"\" data-rl_title=\"\" class=\"rl-gallery-link\" data-rl_caption=\"\" data-rel=\"lightbox-gallery-3\"><img loading=\"lazy\" decoding=\"async\" width=\"150\" height=\"150\" src=\"https:\/\/muzeumpapiernictwa.pl\/wp-content\/uploads\/2012\/02\/02-150x150.jpg\" class=\"attachment-thumbnail size-thumbnail\" \/><\/a>\n\t\t\t<\/dt><\/dl><dl class='gallery-item'>\n\t\t\t<dt class='gallery-icon landscape'>\n\t\t\t\t<a href='https:\/\/muzeumpapiernictwa.pl\/wp-content\/uploads\/2012\/02\/03.jpg' title=\"\" data-rl_title=\"\" class=\"rl-gallery-link\" data-rl_caption=\"\" data-rel=\"lightbox-gallery-3\"><img loading=\"lazy\" decoding=\"async\" width=\"150\" height=\"150\" src=\"https:\/\/muzeumpapiernictwa.pl\/wp-content\/uploads\/2012\/02\/03-150x150.jpg\" class=\"attachment-thumbnail size-thumbnail\" \/><\/a>\n\t\t\t<\/dt><\/dl><br style=\"clear: both\" \/><dl class='gallery-item'>\n\t\t\t<dt class='gallery-icon landscape'>\n\t\t\t\t<a href='https:\/\/muzeumpapiernictwa.pl\/wp-content\/uploads\/2012\/02\/KPRP_20120202_LK_296.jpg' title=\"\" data-rl_title=\"\" class=\"rl-gallery-link\" data-rl_caption=\"\" data-rel=\"lightbox-gallery-3\"><img loading=\"lazy\" decoding=\"async\" width=\"150\" height=\"150\" src=\"https:\/\/muzeumpapiernictwa.pl\/wp-content\/uploads\/2012\/02\/KPRP_20120202_LK_296-150x150.jpg\" class=\"attachment-thumbnail size-thumbnail\" \/><\/a>\n\t\t\t<\/dt><\/dl><dl class='gallery-item'>\n\t\t\t<dt class='gallery-icon landscape'>\n\t\t\t\t<a href='https:\/\/muzeumpapiernictwa.pl\/wp-content\/uploads\/2012\/02\/KPRP_20120202_LK_318.jpg' title=\"\" data-rl_title=\"\" class=\"rl-gallery-link\" data-rl_caption=\"\" data-rel=\"lightbox-gallery-3\"><img loading=\"lazy\" decoding=\"async\" width=\"150\" height=\"150\" src=\"https:\/\/muzeumpapiernictwa.pl\/wp-content\/uploads\/2012\/02\/KPRP_20120202_LK_318-150x150.jpg\" class=\"attachment-thumbnail size-thumbnail\" \/><\/a>\n\t\t\t<\/dt><\/dl>\n\t\t\t<br style='clear: both' \/>\n\t\t<\/div>\n<\/p>","protected":false},"excerpt":{"rendered":"<p>A ceremony held at the Presidential Palace in Warsaw on 2nd February 2012 saw the handing over of the President of the Republic of Poland\u2019s decree endowing the status of historical monument upon the Duszniki-Zdr\u00f3j paper mill. The document was received from the hands of the President, Mr Bronis\u0142aw Komorowski, by the Chief Executive of [&hellip;]<\/p>\n","protected":false},"author":1,"featured_media":2494,"parent":137,"menu_order":675,"comment_status":"open","ping_status":"open","template":"","meta":{"_acf_changed":false,"ngg_post_thumbnail":0,"footnotes":""},"class_list":["post-1680","page","type-page","status-publish","has-post-thumbnail","hentry"],"acf":[],"_links":{"self":[{"href":"https:\/\/muzeumpapiernictwa.pl\/en\/wp-json\/wp\/v2\/pages\/1680","targetHints":{"allow":["GET"]}}],"collection":[{"href":"https:\/\/muzeumpapiernictwa.pl\/en\/wp-json\/wp\/v2\/pages"}],"about":[{"href":"https:\/\/muzeumpapiernictwa.pl\/en\/wp-json\/wp\/v2\/types\/page"}],"author":[{"embeddable":true,"href":"https:\/\/muzeumpapiernictwa.pl\/en\/wp-json\/wp\/v2\/users\/1"}],"replies":[{"embeddable":true,"href":"https:\/\/muzeumpapiernictwa.pl\/en\/wp-json\/wp\/v2\/comments?post=1680"}],"version-history":[{"count":2,"href":"https:\/\/muzeumpapiernictwa.pl\/en\/wp-json\/wp\/v2\/pages\/1680\/revisions"}],"predecessor-version":[{"id":2495,"href":"https:\/\/muzeumpapiernictwa.pl\/en\/wp-json\/wp\/v2\/pages\/1680\/revisions\/2495"}],"up":[{"embeddable":true,"href":"https:\/\/muzeumpapiernictwa.pl\/en\/wp-json\/wp\/v2\/pages\/137"}],"wp:featuredmedia":[{"embeddable":true,"href":"https:\/\/muzeumpapiernictwa.pl\/en\/wp-json\/wp\/v2\/media\/2494"}],"wp:attachment":[{"href":"https:\/\/muzeumpapiernictwa.pl\/en\/wp-json\/wp\/v2\/media?parent=1680"}],"curies":[{"name":"wp","href":"https:\/\/api.w.org\/{rel}","templated":true}]}}