{"id":11012,"date":"2018-04-26T11:48:23","date_gmt":"2018-04-26T09:48:23","guid":{"rendered":"http:\/\/muzeumpapiernictwa.pl\/?page_id=11012"},"modified":"2018-04-26T11:48:23","modified_gmt":"2018-04-26T09:48:23","slug":"zawiadomienie-o-wyborze-najkorzystniejszej-oferty-swiadczenie-uslug-w-zakresie-obslugi-prawnej-na-rzecz-muzeum-papiernictwa","status":"publish","type":"page","link":"https:\/\/muzeumpapiernictwa.pl\/en\/polski-bip\/polski-ogloszenia\/zawiadomienie-o-wyborze-najkorzystniejszej-oferty-swiadczenie-uslug-w-zakresie-obslugi-prawnej-na-rzecz-muzeum-papiernictwa\/","title":{"rendered":"Zawiadomienie o wyborze najkorzystniejszej oferty \u2013 \u015bwiadczenie us\u0142ug w zakresie obs\u0142ugi prawnej na rzecz Muzeum Papiernictwa"},"content":{"rendered":"<p class=\"qtranxs-available-languages-message qtranxs-available-languages-message-en\"><span><\/span><\/p>","protected":false},"excerpt":{"rendered":"","protected":false},"author":2,"featured_media":0,"parent":3125,"menu_order":1664,"comment_status":"open","ping_status":"open","template":"bip.php","meta":{"_acf_changed":false,"ngg_post_thumbnail":0,"footnotes":""},"class_list":["post-11012","page","type-page","status-publish","hentry"],"acf":[],"_links":{"self":[{"href":"https:\/\/muzeumpapiernictwa.pl\/en\/wp-json\/wp\/v2\/pages\/11012","targetHints":{"allow":["GET"]}}],"collection":[{"href":"https:\/\/muzeumpapiernictwa.pl\/en\/wp-json\/wp\/v2\/pages"}],"about":[{"href":"https:\/\/muzeumpapiernictwa.pl\/en\/wp-json\/wp\/v2\/types\/page"}],"author":[{"embeddable":true,"href":"https:\/\/muzeumpapiernictwa.pl\/en\/wp-json\/wp\/v2\/users\/2"}],"replies":[{"embeddable":true,"href":"https:\/\/muzeumpapiernictwa.pl\/en\/wp-json\/wp\/v2\/comments?post=11012"}],"version-history":[{"count":0,"href":"https:\/\/muzeumpapiernictwa.pl\/en\/wp-json\/wp\/v2\/pages\/11012\/revisions"}],"up":[{"embeddable":true,"href":"https:\/\/muzeumpapiernictwa.pl\/en\/wp-json\/wp\/v2\/pages\/3125"}],"wp:attachment":[{"href":"https:\/\/muzeumpapiernictwa.pl\/en\/wp-json\/wp\/v2\/media?parent=11012"}],"curies":[{"name":"wp","href":"https:\/\/api.w.org\/{rel}","templated":true}]}}