{"id":10975,"date":"2018-03-28T08:28:27","date_gmt":"2018-03-28T06:28:27","guid":{"rendered":"http:\/\/muzeumpapiernictwa.pl\/?page_id=10975"},"modified":"2018-04-06T08:33:05","modified_gmt":"2018-04-06T06:33:05","slug":"zawiadomienie-o-wyborze-najkorzystniejszej-oferty-swiadczenie-kompleksowej-uslugi-sprzatania-i-utrzymania-czystosci-w-muzeum-papiernictwa","status":"publish","type":"page","link":"https:\/\/muzeumpapiernictwa.pl\/en\/polski-bip\/polski-ogloszenia\/zawiadomienie-o-wyborze-najkorzystniejszej-oferty-swiadczenie-kompleksowej-uslugi-sprzatania-i-utrzymania-czystosci-w-muzeum-papiernictwa\/","title":{"rendered":"Zawiadomienie o wyborze najkorzystniejszej oferty  &#8211; \u015awiadczenie kompleksowej us\u0142ugi sprz\u0105tania i utrzymania czysto\u015bci w Muzeum Papiernictwa"},"content":{"rendered":"<p class=\"qtranxs-available-languages-message qtranxs-available-languages-message-en\"><span><\/span><\/p>","protected":false},"excerpt":{"rendered":"","protected":false},"author":2,"featured_media":0,"parent":3125,"menu_order":1654,"comment_status":"open","ping_status":"open","template":"bip.php","meta":{"_acf_changed":false,"ngg_post_thumbnail":0,"footnotes":""},"class_list":["post-10975","page","type-page","status-publish","hentry"],"acf":[],"_links":{"self":[{"href":"https:\/\/muzeumpapiernictwa.pl\/en\/wp-json\/wp\/v2\/pages\/10975","targetHints":{"allow":["GET"]}}],"collection":[{"href":"https:\/\/muzeumpapiernictwa.pl\/en\/wp-json\/wp\/v2\/pages"}],"about":[{"href":"https:\/\/muzeumpapiernictwa.pl\/en\/wp-json\/wp\/v2\/types\/page"}],"author":[{"embeddable":true,"href":"https:\/\/muzeumpapiernictwa.pl\/en\/wp-json\/wp\/v2\/users\/2"}],"replies":[{"embeddable":true,"href":"https:\/\/muzeumpapiernictwa.pl\/en\/wp-json\/wp\/v2\/comments?post=10975"}],"version-history":[{"count":0,"href":"https:\/\/muzeumpapiernictwa.pl\/en\/wp-json\/wp\/v2\/pages\/10975\/revisions"}],"up":[{"embeddable":true,"href":"https:\/\/muzeumpapiernictwa.pl\/en\/wp-json\/wp\/v2\/pages\/3125"}],"wp:attachment":[{"href":"https:\/\/muzeumpapiernictwa.pl\/en\/wp-json\/wp\/v2\/media?parent=10975"}],"curies":[{"name":"wp","href":"https:\/\/api.w.org\/{rel}","templated":true}]}}