{"id":97,"date":"2014-11-13T17:15:32","date_gmt":"2014-11-13T16:15:32","guid":{"rendered":"http:\/\/muzeumpapiernictwa.pl\/?page_id=97"},"modified":"2017-05-23T11:23:49","modified_gmt":"2017-05-23T09:23:49","slug":"osiagniecia","status":"publish","type":"page","link":"https:\/\/muzeumpapiernictwa.pl\/de\/muzeum\/erfolge\/","title":{"rendered":"Erfolge"},"content":{"rendered":"<p><\/p>\n<p><p>F\u00fcr das breite T\u00e4tigkeitsfeld des Museums, den Organisationsfortschritt, Dynamik, den Professionalismus seines Kaders und die Arbeitseffektivit\u00e4t sprechen die bisherigen Resultate, sowohl die, welche die Sph\u00e4re der Denkmalschutzsubstanz des Papierwerks als auch die der Sph\u00e4re Kultur- und Bildung betreffen.<\/p>\n<p>Die letzten Jahre brachten besonders renomierte Leistungen. Vor allem die Verordnung des Pr\u00e4sidenten der Republik Polen vom 20.September 2011 wurde die Papierm\u00fchle in Duszniki-Zdr\u00f3j zum Historischen Denkmal.<\/p>\n<p><a href=\"http:\/\/muzeumpapiernictwa.pl\/de\/muhle\/\" target=\"_blank\">Historisches Denkmal<\/a><\/p>\n<p>Im Jahre 2013 wurde das Museum in das Staatliche Museenregister eingetragen, das vom Minister f\u00fcr Kultur und Nationalerbe gef\u00fchrt wird, als Einrichtungen mit der h\u00f6chsten Bedeutung f\u00fcr die nationale Kultur. Laut des Vorsitzenden der Qualifizierungskommission MKiDN Prof. Andrzej Rottmund wird das Museum mit seinem aussergew\u00f6hnlichen Profilcharakter, seinem ungew\u00f6hnlichen Sitz, dem hohen Managementniveau, der Forschung und den Bildungsprogrammen in die Reihe der wichtigsten Institutionen f\u00fcr das polnische Kulturerbe gestellt.<\/p>\n<p>Im Jahre 2011 waren im Staatlichen Museumsregister 118 Einrichtugnen eingetragen, aus Niederschlesien nur sieben.<\/p>\n<p><a href=\"http:\/\/muzeumpapiernictwa.pl\/wp-content\/uploads\/2014\/11\/WPIS-DO-PA\u0143STWOWEGO-REJESTRU-MUZE\u00d3W.pdf\" target=\"_blank\">Die Eintragung in das Register der Museen<\/a><\/p>\n<p>Im Laufe der letzten mehr als zehn Jahren hat sich die Liste der Museumserfolge erweitert. Bei einem renomierten Wettbewerb, das vom Kulturministerium organisierte Event  &#8222;Museales Ereignis des Jahres&#8220;, gewann das Papiermuseum von Duszniki-Zdr\u00f3j gar 9 Preise und Auszeichnungen, 1998 sogar den Hauptpreis.       Im Jahr 2004 qualifizierte sich unser Museum ins Finale &#8222;Europ\u00e4isches Museum des Jahres&#8220; (European Museum of the Year). F\u00fcnf Jahre sp\u00e4ter z\u00e4hlte die &#8222;Polnische Touristikbranche&#8220; unser Museum zu den besten Touristikprodukten im Lande.<\/p>\n<p>Als Beweis der Anerkennung f\u00fcr das Papiermuseum im Bereich der internationalen Zusammenarbeit  war der Realisierungsauftrag internationaler Kongresse der Papierartisten (IAPMA) im Jahr 2001 und Internationale Vereinigung  der Papierhistoriker (IPH) w 2004, Festlichkeiten, die zum ersten Mal in Mittel-und Osteuropa stattfanden. Das Museum war im Jahre 2011 der Hauptveranstalter der niederschlesischen Einweihung des polnischen Vorsitzes in EU-Rat. <\/p>\n<p><a href=\"http:\/\/muzeumpapiernictwa.pl\/muzeum\/osiagniecia\/sukcesy-muzeum-papiernictwa\/\" target=\"_blank\">Lista osi\u0105gni\u0119\u0107 Muzeum Papiernictwa<\/a><\/p>\n<\/p>\n<p><\/p>","protected":false},"excerpt":{"rendered":"<p>F\u00fcr das breite T\u00e4tigkeitsfeld des Museums, den Organisationsfortschritt, Dynamik, den Professionalismus seines Kaders und die Arbeitseffektivit\u00e4t sprechen die bisherigen Resultate, sowohl die, welche die Sph\u00e4re der Denkmalschutzsubstanz des Papierwerks als auch die der Sph\u00e4re Kultur- und Bildung betreffen. Die letzten Jahre brachten besonders renomierte Leistungen. Vor allem die Verordnung des Pr\u00e4sidenten der Republik Polen vom [&hellip;]<\/p>\n","protected":false},"author":1,"featured_media":0,"parent":157,"menu_order":706,"comment_status":"open","ping_status":"open","template":"","meta":{"_acf_changed":false,"ngg_post_thumbnail":0,"footnotes":""},"class_list":["post-97","page","type-page","status-publish","hentry"],"acf":[],"_links":{"self":[{"href":"https:\/\/muzeumpapiernictwa.pl\/de\/wp-json\/wp\/v2\/pages\/97","targetHints":{"allow":["GET"]}}],"collection":[{"href":"https:\/\/muzeumpapiernictwa.pl\/de\/wp-json\/wp\/v2\/pages"}],"about":[{"href":"https:\/\/muzeumpapiernictwa.pl\/de\/wp-json\/wp\/v2\/types\/page"}],"author":[{"embeddable":true,"href":"https:\/\/muzeumpapiernictwa.pl\/de\/wp-json\/wp\/v2\/users\/1"}],"replies":[{"embeddable":true,"href":"https:\/\/muzeumpapiernictwa.pl\/de\/wp-json\/wp\/v2\/comments?post=97"}],"version-history":[{"count":15,"href":"https:\/\/muzeumpapiernictwa.pl\/de\/wp-json\/wp\/v2\/pages\/97\/revisions"}],"predecessor-version":[{"id":9676,"href":"https:\/\/muzeumpapiernictwa.pl\/de\/wp-json\/wp\/v2\/pages\/97\/revisions\/9676"}],"up":[{"embeddable":true,"href":"https:\/\/muzeumpapiernictwa.pl\/de\/wp-json\/wp\/v2\/pages\/157"}],"wp:attachment":[{"href":"https:\/\/muzeumpapiernictwa.pl\/de\/wp-json\/wp\/v2\/media?parent=97"}],"curies":[{"name":"wp","href":"https:\/\/api.w.org\/{rel}","templated":true}]}}