{"id":95,"date":"2014-11-13T17:15:10","date_gmt":"2014-11-13T16:15:10","guid":{"rendered":"http:\/\/muzeumpapiernictwa.pl\/?page_id=95"},"modified":"2022-01-31T09:22:17","modified_gmt":"2022-01-31T08:22:17","slug":"publikacje","status":"publish","type":"page","link":"https:\/\/muzeumpapiernictwa.pl\/de\/muzeum\/publikationen\/","title":{"rendered":"Publikationen"},"content":{"rendered":"<p><\/p>\n<p>Unter den zahlreichen Publikationen des Papiermuseums befinden sich u.a. Kollektionskataloge, Monografien der Papierwerke wie auch ein Jahrbuch mit einem wissenschaflitchen Charakter.<\/p>\n<h3>Kataloge der Sammlungen<\/h3>\n<p>Das Papiermuseum verf\u00fcgt \u00fcber seltene Sammlungen und erarbeitet Musealienkataloge. Bisher trat das Museum mit dem Druck des Katalogs der Autorin Terasa Windyka (verziertem Papier gewidmet) in Erscheinung. W Bearbeitung befinden sich Kataloge folgender Kollektionen: historischer Ger\u00e4te zur Untersuchung der Papiereigenschaften, der Papierprodukte und der Papierb\u00f6gen mit Filigranen. Ihre Ver\u00f6ffentlichung erfolgt in den n\u00e4chsten Jahren.<\/p>\n<h3>Zeitausstellungen begleitende Publikationen<\/h3>\n<p>Da das Papiermuseum j\u00e4hrlich ca. 10 bis 12 Ausstellungen organisiert, ist es stets um eine angemessene Werbung und Dokumentation bem\u00fcht. Zur jeder Ausstellung werden Plakate, Informationsflyer herausgegeben, und im Falle einer Exposition, die der Pr\u00e4sentation der Papierkunst oder zeitgen\u00f6ssischen <\/p>\n<h3>Monografie der Papierwerke<\/h3>\n<p>Das Museum, als die wichtigste Einrichtung in Polen, welche historische Untersuchungen der Papiergeschichte auf ponischem Boden f\u00fchrt, ver\u00f6ffentlichte eine Reihe Monografien von M. Szymczyk, die dieser Branche bzw. den einzelnen Fabriken gewidmet war. Bisher sind ca. 10 Positionen in Erscheinung getreten.<\/p>\n<h3>Der Papierm\u00fchle gewidmete Ausarbeitungen<\/h3>\n<p>Das Museum ver\u00f6ffentlicht Materialien, welche die Geschichte der Papierm\u00fchle (Historisches Denkmal seit 2011) in Duszniki- Zdr\u00f3j bekannt machen. Bisher erschien ein Album &#8222;Die Papierm\u00fchle in Duszniki- Zdr\u00f3j&#8220;, unter der Redaktion von M. Szymczyk, sowie zahlreiche Folder und Informationsflyer in Polnisch, Englisch, Deutsch, Tschechisch und Franz\u00f6sisch.<\/p>\n<p>Die komplette Auflistung der von uns herausgegebenen B\u00fccher und Brosch\u00fcren:<\/p>\n<p><a href=\"http:\/\/muzeumpapiernictwa.pl\/de\/muzeum\/publikationen\/liste-der-veroffentlichungen\/\" target=\"_blank\" rel=\"noopener noreferrer\">Liste der Ver\u00f6ffentlichungen<\/a><\/p>\n<p>Viele unserer Herausgaben kann man in unserer Boutique auf dem Museumshof oder im Internet erwerben:<\/p>\n<p><a href=\"#\">Sklep internetowy \u2013 wydawnictwa<\/a><\/p>\n<h3>Jahrbuch des Papiermuseums<\/h3>\n<p>Ein wichitges Unterfangen unserer Papierm\u00fchle ist die Ausarbeitung und Ver\u00f6ffentlichung der eigenen Zeitschrift, die seit dem Jahr 2007 unter der Titel &#8222;Jahrbuch des Papiermuseums&#8220; erscheint. Das Periodikum hat einen wissenschaftlichen Charakter und das Ministerium f\u00fcr Bildung und Hochschulwesen schrieb es auf die Liste der gewerteten Zeitschriften im Bezug der Parametrisierung der Hochschulen. Im Jahrbuch erscheinen Artikel, die der Papiergeschichte, der Geschichte von Duszniki-Zdr\u00f3j, den Informationen \u00fcber die Papierm\u00fchle und der aktuellen T\u00e4tigkeit des Papiermuseums gewidmet sind. Das Jahrbuch ist f\u00fcr Texte ausl\u00e4ndischer Autoren offen und im Redaktionskomitee nahmen zwei ausl\u00e4ndische Wissenschaftler platz: Prof. Gottfried Schweizer (1927-2014) aus \u00d6sterreich und Rainer Sachs aus Deutschland.<\/p>\n<p>Das Jahrbuch in einer elektronische Version kann man kostenlos herunterladen.<\/p>\n<p><a href=\"http:\/\/rocznik.muzpap.pl\/index.php?lang=de\" target=\"_blank\" rel=\"noopener noreferrer\">Jahrbuch des Papiermuseums<\/a><\/p>\n<h3>Werbe- und Promotionsmaterialien<\/h3>\n<p>Das Papiermuseum ver\u00f6ffentlicht eine gro\u00dfe Menge an Reklamematerial, um f\u00fcr die Museumssammlungen, Ausstellungen und das Bildungsangebot zu werben. Im \u00fcberwiegenden Ma\u00dfe wird dieses Material kostenlos im Museum, in den umliegenden Hotels, angefreundeten Touristikfirmen, auf Touristikmessen im In- und Ausland vertrieben. Es sind u.a. Informationsflyer, Ansichtskarten, Gedenkkarten, Gedenkpuzzle mit Ansicht der Papierm\u00fchle, Gedenkm\u00fcnze.<\/p>\n<p>Dar\u00fcber hinaus arbeitet das Museum bei der Ausarbeitung und Herausgabe zahlreicher Materialien mit der Polnischen Tourismusorganisation, der Niederschlesischen Tourismusorganisation und vielen Akteuren der Touristikbranche zusammen.   <\/p>\n<\/p>\n<p><\/p>","protected":false},"excerpt":{"rendered":"<p>Unter den zahlreichen Publikationen des Papiermuseums befinden sich u.a. Kollektionskataloge, Monografien der Papierwerke wie auch ein Jahrbuch mit einem wissenschaflitchen Charakter. Kataloge der Sammlungen Das Papiermuseum verf\u00fcgt \u00fcber seltene Sammlungen und erarbeitet Musealienkataloge. Bisher trat das Museum mit dem Druck des Katalogs der Autorin Terasa Windyka (verziertem Papier gewidmet) in Erscheinung. W Bearbeitung befinden sich [&hellip;]<\/p>\n","protected":false},"author":1,"featured_media":0,"parent":157,"menu_order":178,"comment_status":"open","ping_status":"open","template":"","meta":{"_acf_changed":false,"ngg_post_thumbnail":0,"footnotes":""},"class_list":["post-95","page","type-page","status-publish","hentry"],"acf":[],"_links":{"self":[{"href":"https:\/\/muzeumpapiernictwa.pl\/de\/wp-json\/wp\/v2\/pages\/95","targetHints":{"allow":["GET"]}}],"collection":[{"href":"https:\/\/muzeumpapiernictwa.pl\/de\/wp-json\/wp\/v2\/pages"}],"about":[{"href":"https:\/\/muzeumpapiernictwa.pl\/de\/wp-json\/wp\/v2\/types\/page"}],"author":[{"embeddable":true,"href":"https:\/\/muzeumpapiernictwa.pl\/de\/wp-json\/wp\/v2\/users\/1"}],"replies":[{"embeddable":true,"href":"https:\/\/muzeumpapiernictwa.pl\/de\/wp-json\/wp\/v2\/comments?post=95"}],"version-history":[{"count":20,"href":"https:\/\/muzeumpapiernictwa.pl\/de\/wp-json\/wp\/v2\/pages\/95\/revisions"}],"predecessor-version":[{"id":17708,"href":"https:\/\/muzeumpapiernictwa.pl\/de\/wp-json\/wp\/v2\/pages\/95\/revisions\/17708"}],"up":[{"embeddable":true,"href":"https:\/\/muzeumpapiernictwa.pl\/de\/wp-json\/wp\/v2\/pages\/157"}],"wp:attachment":[{"href":"https:\/\/muzeumpapiernictwa.pl\/de\/wp-json\/wp\/v2\/media?parent=95"}],"curies":[{"name":"wp","href":"https:\/\/api.w.org\/{rel}","templated":true}]}}