{"id":93,"date":"2014-11-13T17:14:54","date_gmt":"2014-11-13T16:14:54","guid":{"rendered":"http:\/\/muzeumpapiernictwa.pl\/?page_id=93"},"modified":"2014-12-22T13:13:27","modified_gmt":"2014-12-22T12:13:27","slug":"zbiory","status":"publish","type":"page","link":"https:\/\/muzeumpapiernictwa.pl\/de\/muzeum\/sammlungen\/","title":{"rendered":"Sammlungen"},"content":{"rendered":"<p><\/p>\n<p>Das Papiermuseum besitzt auf Europaebene bedeutende Sammlungen von Objekten, die mit der Papiergeschichte verbunden sind.<\/p>\n<p>Die Basis der Kollektion ist eine Sammlung von Papierb\u00f6gen mit Filigranen die vom 16.- bis zum 21.Jh. produziert wurden. Manchmal sind diese Papierb\u00f6gen handfester Beweis f\u00fcr die Existenz der zahlreicher Paierm\u00fchlen und Papierfabriken. Sie stellen hervorragendes Material f\u00fcr die Untersuchungen der Papiergeschichte dar, sind aber zugleich die Grundlage der Filigranistik, einer Hilfswissenschaft der Geschichte. <\/p>\n<p>Die n\u00e4chste ungew\u00f6hnliche Kollektion sind Ger\u00e4te zur Untersuchung von Papiereigenschaften und Papierprodukten aus der ersten H\u00e4lfte des 20.Jh. Es ist eine der \u00e4ltesten und umfangreichsten Sammlungen dieser Art in Europa.<\/p>\n<p>Dar\u00fcber hinaus umfasst die Kollektion mit altert\u00fcmlichen F\u00e4rbungstechniken Papierb\u00f6gen, B\u00fcttenformen, Papierutensilien und Ger\u00e4te, Exlibrisse, historische Identifikationsdokumente (Personalausweise und gew\u00f6hnliche Ausweise, Reisep\u00e4sse), alte Banknoten, Wertpapiere und Musealien verbunden mit der Geschichte der Papierm\u00fchle in Duszniki Zdr\u00f3j, wie auch der Stadt selbst. <\/p>\n<p><a href=\"http:\/\/muzeumpapiernictwa.pl\/de\/muzeum\/sammlungen\/sammlungen-des-museums-der-papierherstellung\/\">Mehr \u00fcber den Sammlungen<\/a><\/p>\n<p>Im Rahmen der Projektrealisierung mit Hilfe der EOG und der Norwegischen Fonds, wurde der Digitaliesierungsprozess (digitale Veranschaulichung der Sammlungen) eingeleitet. Objektfotos von hoher Qualit\u00e4t, wie auch die dazugeh\u00f6renden Informationen werden sukzessiv per Internet allen interessierten Internauten zug\u00e4nglich gemacht.<\/p>\n<p><a href=\"http:\/\/muzeumpapiernictwa.pl\/de\/kollektions\/\" target=\"_blank\">Kollektions<\/a><\/p>\n<\/p>\n<p><\/p>","protected":false},"excerpt":{"rendered":"<p>Das Papiermuseum besitzt auf Europaebene bedeutende Sammlungen von Objekten, die mit der Papiergeschichte verbunden sind. Die Basis der Kollektion ist eine Sammlung von Papierb\u00f6gen mit Filigranen die vom 16.- bis zum 21.Jh. produziert wurden. Manchmal sind diese Papierb\u00f6gen handfester Beweis f\u00fcr die Existenz der zahlreicher Paierm\u00fchlen und Papierfabriken. Sie stellen hervorragendes Material f\u00fcr die Untersuchungen [&hellip;]<\/p>\n","protected":false},"author":1,"featured_media":0,"parent":157,"menu_order":1082,"comment_status":"open","ping_status":"open","template":"","meta":{"_acf_changed":false,"ngg_post_thumbnail":0,"footnotes":""},"class_list":["post-93","page","type-page","status-publish","hentry"],"acf":[],"_links":{"self":[{"href":"https:\/\/muzeumpapiernictwa.pl\/de\/wp-json\/wp\/v2\/pages\/93","targetHints":{"allow":["GET"]}}],"collection":[{"href":"https:\/\/muzeumpapiernictwa.pl\/de\/wp-json\/wp\/v2\/pages"}],"about":[{"href":"https:\/\/muzeumpapiernictwa.pl\/de\/wp-json\/wp\/v2\/types\/page"}],"author":[{"embeddable":true,"href":"https:\/\/muzeumpapiernictwa.pl\/de\/wp-json\/wp\/v2\/users\/1"}],"replies":[{"embeddable":true,"href":"https:\/\/muzeumpapiernictwa.pl\/de\/wp-json\/wp\/v2\/comments?post=93"}],"version-history":[{"count":17,"href":"https:\/\/muzeumpapiernictwa.pl\/de\/wp-json\/wp\/v2\/pages\/93\/revisions"}],"predecessor-version":[{"id":3403,"href":"https:\/\/muzeumpapiernictwa.pl\/de\/wp-json\/wp\/v2\/pages\/93\/revisions\/3403"}],"up":[{"embeddable":true,"href":"https:\/\/muzeumpapiernictwa.pl\/de\/wp-json\/wp\/v2\/pages\/157"}],"wp:attachment":[{"href":"https:\/\/muzeumpapiernictwa.pl\/de\/wp-json\/wp\/v2\/media?parent=93"}],"curies":[{"name":"wp","href":"https:\/\/api.w.org\/{rel}","templated":true}]}}